{"id":92,"date":"2025-09-06T14:48:52","date_gmt":"2025-09-06T07:48:52","guid":{"rendered":"https:\/\/jarvo.io\/?page_id=92"},"modified":"2026-04-14T16:17:58","modified_gmt":"2026-04-14T05:51:21","slug":"nap-tien","status":"publish","type":"page","link":"https:\/\/jarvo.io\/vi-vn\/nap-tien\/","title":{"rendered":"N\u1ea1p ti\u1ec1n"},"content":{"rendered":"<h1><span class=\"ez-toc-section\" id=\"Nap_tien_tai_nha_cai_%E2%80%93_Hinh_thuc_nap_von_sieu_loi_nhuan\"><\/span><b>N\u1ea1p ti\u1ec1n t\u1ea1i nh\u00e0 c\u00e1i &#8211; H\u00ecnh th\u1ee9c n\u1ea1p v\u1ed1n si\u00eau l\u1ee3i nhu\u1eadn<\/b><span class=\"ez-toc-section-end\"><\/span><\/h1>\n<p><b>N\u1ea1p ti\u1ec1n<\/b><span style=\"font-weight: 400;\"> t\u1ea1i nh\u00e0 c\u00e1i <a href=\"https:\/\/jarvo.io\/\">69VN<\/a> lu\u00f4n l\u00e0 ch\u1ee7 \u0111\u1ec1 nh\u1eadn \u0111\u01b0\u1ee3c s\u1ef1 quan t\u00e2m l\u1edbn t\u1eeb c\u1ed9ng \u0111\u1ed3ng c\u00e1 c\u01b0\u1ee3c tr\u1ef1c tuy\u1ebfn. \u0110\u00e2y kh\u00f4ng ch\u1ec9 l\u00e0 thao t\u00e1c giao d\u1ecbch \u0111\u01a1n thu\u1ea7n m\u00e0 c\u00f2n ph\u1ea3n \u00e1nh m\u1ee9c \u0111\u1ed9 uy t\u00edn v\u00e0 s\u1ef1 chuy\u00ean nghi\u1ec7p c\u1ee7a n\u1ec1n t\u1ea3ng. Ng\u01b0\u1eddi ch\u01a1i n\u00e0o c\u0169ng mu\u1ed1n t\u00ecm cho m\u00ecnh c\u00e1ch th\u1ee9c an to\u00e0n, ti\u1ec7n l\u1ee3i v\u00e0 ph\u00f9 h\u1ee3p nh\u1ea5t \u0111\u1ec3 b\u1ea3o v\u1ec7 t\u00e0i kho\u1ea3n c\u0169ng nh\u01b0 t\u1ed1i \u01b0u tr\u1ea3i nghi\u1ec7m.<\/span><\/p><div id=\"ez-toc-container\" class=\"ez-toc-v2_0_76 counter-hierarchy ez-toc-counter ez-toc-grey ez-toc-container-direction\">\n<div class=\"ez-toc-title-container\">\n<p class=\"ez-toc-title\" style=\"cursor:inherit\">Table of Contents<\/p>\n<span class=\"ez-toc-title-toggle\"><a href=\"#\" class=\"ez-toc-pull-right ez-toc-btn ez-toc-btn-xs ez-toc-btn-default ez-toc-toggle\" aria-label=\"Toggle Table of Content\"><span class=\"ez-toc-js-icon-con\"><span class=\"\"><span class=\"eztoc-hide\" style=\"display:none;\">Toggle<\/span><span class=\"ez-toc-icon-toggle-span\"><svg style=\"fill: #999;color:#999\" xmlns=\"http:\/\/www.w3.org\/2000\/svg\" class=\"list-377408\" width=\"20px\" height=\"20px\" viewBox=\"0 0 24 24\" fill=\"none\"><path d=\"M6 6H4v2h2V6zm14 0H8v2h12V6zM4 11h2v2H4v-2zm16 0H8v2h12v-2zM4 16h2v2H4v-2zm16 0H8v2h12v-2z\" fill=\"currentColor\"><\/path><\/svg><svg style=\"fill: #999;color:#999\" class=\"arrow-unsorted-368013\" xmlns=\"http:\/\/www.w3.org\/2000\/svg\" width=\"10px\" height=\"10px\" viewBox=\"0 0 24 24\" version=\"1.2\" baseProfile=\"tiny\"><path d=\"M18.2 9.3l-6.2-6.3-6.2 6.3c-.2.2-.3.4-.3.7s.1.5.3.7c.2.2.4.3.7.3h11c.3 0 .5-.1.7-.3.2-.2.3-.5.3-.7s-.1-.5-.3-.7zM5.8 14.7l6.2 6.3 6.2-6.3c.2-.2.3-.5.3-.7s-.1-.5-.3-.7c-.2-.2-.4-.3-.7-.3h-11c-.3 0-.5.1-.7.3-.2.2-.3.5-.3.7s.1.5.3.7z\"\/><\/svg><\/span><\/span><\/span><\/a><\/span><\/div>\n<nav><ul class='ez-toc-list ez-toc-list-level-1 eztoc-toggle-hide-by-default' ><li class='ez-toc-page-1 ez-toc-heading-level-1'><a class=\"ez-toc-link ez-toc-heading-1\" href=\"https:\/\/jarvo.io\/vi-vn\/nap-tien\/#Nap_tien_tai_nha_cai_%E2%80%93_Hinh_thuc_nap_von_sieu_loi_nhuan\" >N\u1ea1p ti\u1ec1n t\u1ea1i nh\u00e0 c\u00e1i &#8211; H\u00ecnh th\u1ee9c n\u1ea1p v\u1ed1n si\u00eau l\u1ee3i nhu\u1eadn<\/a><ul class='ez-toc-list-level-2' ><li class='ez-toc-heading-level-2'><a class=\"ez-toc-link ez-toc-heading-2\" href=\"https:\/\/jarvo.io\/vi-vn\/nap-tien\/#Cac_hinh_thuc_thuc_hien_giao_dich_nap_tien_tai_nha_cai\" >C\u00e1c h\u00ecnh th\u1ee9c th\u1ef1c hi\u1ec7n giao d\u1ecbch n\u1ea1p ti\u1ec1n t\u1ea1i nh\u00e0 c\u00e1i<\/a><ul class='ez-toc-list-level-3' ><li class='ez-toc-heading-level-3'><a class=\"ez-toc-link ez-toc-heading-3\" href=\"https:\/\/jarvo.io\/vi-vn\/nap-tien\/#Chuyen_khoan_ngan_hang\" >Chuy\u1ec3n kho\u1ea3n ng\u00e2n h\u00e0ng<\/a><\/li><li class='ez-toc-page-1 ez-toc-heading-level-3'><a class=\"ez-toc-link ez-toc-heading-4\" href=\"https:\/\/jarvo.io\/vi-vn\/nap-tien\/#Vi_dien_tu\" >V\u00ed \u0111i\u1ec7n t\u1eed<\/a><\/li><li class='ez-toc-page-1 ez-toc-heading-level-3'><a class=\"ez-toc-link ez-toc-heading-5\" href=\"https:\/\/jarvo.io\/vi-vn\/nap-tien\/#The_cao_dien_thoai\" >Th\u1ebb c\u00e0o \u0111i\u1ec7n tho\u1ea1i<\/a><\/li><\/ul><\/li><li class='ez-toc-page-1 ez-toc-heading-level-2'><a class=\"ez-toc-link ez-toc-heading-6\" href=\"https:\/\/jarvo.io\/vi-vn\/nap-tien\/#Kinh_nghiem_khi_giao_dich_nap_tien_tai_nha_cai\" >Kinh nghi\u1ec7m khi giao d\u1ecbch n\u1ea1p ti\u1ec1n t\u1ea1i nh\u00e0 c\u00e1i<\/a><\/li><li class='ez-toc-page-1 ez-toc-heading-level-2'><a class=\"ez-toc-link ez-toc-heading-7\" href=\"https:\/\/jarvo.io\/vi-vn\/nap-tien\/#Luu_y_quan_trong_khi_den_voi_giao_dich_nap_tien_tai_nha_cai\" >L\u01b0u \u00fd quan tr\u1ecdng khi \u0111\u1ebfn v\u1edbi giao d\u1ecbch n\u1ea1p ti\u1ec1n t\u1ea1i nh\u00e0 c\u00e1i<\/a><ul class='ez-toc-list-level-3' ><li class='ez-toc-heading-level-3'><a class=\"ez-toc-link ez-toc-heading-8\" href=\"https:\/\/jarvo.io\/vi-vn\/nap-tien\/#Kiem_tra_that_ky_luong_cac_ky_thong_tin_giao_dich\" >Ki\u1ec3m tra th\u1eadt k\u1ef9 l\u01b0\u1ee1ng c\u00e1c k\u1ef9 th\u00f4ng tin giao d\u1ecbch<\/a><\/li><li class='ez-toc-page-1 ez-toc-heading-level-3'><a class=\"ez-toc-link ez-toc-heading-9\" href=\"https:\/\/jarvo.io\/vi-vn\/nap-tien\/#Bao_mat_cho_moi_thong_tin_ca_nhan_nguoi_choi\" >B\u1ea3o m\u1eadt cho m\u1ecdi th\u00f4ng tin c\u00e1 nh\u00e2n ng\u01b0\u1eddi ch\u01a1i<\/a><\/li><li class='ez-toc-page-1 ez-toc-heading-level-3'><a class=\"ez-toc-link ez-toc-heading-10\" href=\"https:\/\/jarvo.io\/vi-vn\/nap-tien\/#Quan_ly_han_muc_va_kiem_soat_tai_chinh\" >Qu\u1ea3n l\u00fd h\u1ea1n m\u1ee9c v\u00e0 ki\u1ec3m so\u00e1t t\u00e0i ch\u00ednh<\/a><\/li><li class='ez-toc-page-1 ez-toc-heading-level-3'><a class=\"ez-toc-link ez-toc-heading-11\" href=\"https:\/\/jarvo.io\/vi-vn\/nap-tien\/#Theo_doi_ve_lich_su_giao_dich_mot_cach_thuong_xuyen\" >Theo d\u00f5i v\u1ec1 l\u1ecbch s\u1eed giao d\u1ecbch m\u1ed9t c\u00e1ch th\u01b0\u1eddng xuy\u00ean<\/a><\/li><\/ul><\/li><li class='ez-toc-page-1 ez-toc-heading-level-2'><a class=\"ez-toc-link ez-toc-heading-12\" href=\"https:\/\/jarvo.io\/vi-vn\/nap-tien\/#Cau_hoi_thuong_gap\" >C\u00e2u h\u1ecfi th\u01b0\u1eddng g\u1eb7p<\/a><\/li><li class='ez-toc-page-1 ez-toc-heading-level-2'><a class=\"ez-toc-link ez-toc-heading-13\" href=\"https:\/\/jarvo.io\/vi-vn\/nap-tien\/#Tong_ket_cac_hinh_thuc_nap_tien_thuan_tien_nhat\" >T\u1ed5ng k\u1ebft c\u00e1c h\u00ecnh th\u1ee9c n\u1ea1p ti\u1ec1n thu\u1eadn ti\u1ec7n nh\u1ea5t<\/a><\/li><\/ul><\/li><\/ul><\/nav><\/div>\n\n<h2><span class=\"ez-toc-section\" id=\"Cac_hinh_thuc_thuc_hien_giao_dich_nap_tien_tai_nha_cai\"><\/span><b>C\u00e1c h\u00ecnh th\u1ee9c th\u1ef1c hi\u1ec7n giao d\u1ecbch n\u1ea1p ti\u1ec1n t\u1ea1i nh\u00e0 c\u00e1i<\/b><span class=\"ez-toc-section-end\"><\/span><\/h2>\n<p><span style=\"font-weight: 400;\">Hi\u1ec7n nay, m\u1ecdi giao d\u1ecbch \u0111\u1ec1u \u0111\u01b0\u1ee3c h\u1ed7 tr\u1ee3 \u0111a d\u1ea1ng v\u1edbi nhi\u1ec1u k\u00eanh thanh to\u00e1n kh\u00e1c nhau. Vi\u1ec7c l\u1ef1a ch\u1ecdn \u0111\u00fang v\u1ec1 ph\u01b0\u01a1ng th\u1ee9c giao d\u1ecbch s\u1ebd gi\u00fap b\u1ea1n ti\u1ebft ki\u1ec7m \u0111\u01b0\u1ee3c bi\u1ebft bao th\u1eddi gian v\u00e0 chi ph\u00ed.<\/span><\/p>\n<figure id=\"attachment_96\" aria-describedby=\"caption-attachment-96\" style=\"width: 800px\" class=\"wp-caption aligncenter\"><img loading=\"lazy\" decoding=\"async\" alt=\"C\u00e1c h\u00ecnh th\u1ee9c th\u1ef1c hi\u1ec7n giao d\u1ecbch n\u1ea1p ti\u1ec1n t\u1ea1i nh\u00e0 c\u00e1i\" class=\"size-full wp-image-96\" height=\"400\" src=\"https:\/\/jarvo.io\/wp-content\/uploads\/2025\/09\/nap-tien-cac-hinh-thuc.webp\" width=\"800\" title=\"\" srcset=\"https:\/\/jarvo.io\/wp-content\/uploads\/2025\/09\/nap-tien-cac-hinh-thuc.webp 800w, https:\/\/jarvo.io\/wp-content\/uploads\/2025\/09\/nap-tien-cac-hinh-thuc-300x150.webp 300w, https:\/\/jarvo.io\/wp-content\/uploads\/2025\/09\/nap-tien-cac-hinh-thuc-768x384.webp 768w\" sizes=\"auto, (max-width: 800px) 100vw, 800px\" \/><figcaption id=\"caption-attachment-96\" class=\"wp-caption-text\"><figcaption style=\"margin-top:8px;font-style:italic;color:#666;font-size:14px;\">C\u00e1c h\u00ecnh th\u1ee9c th\u1ef1c hi\u1ec7n giao d\u1ecbch n\u1ea1p ti\u1ec1n t\u1ea1i nh\u00e0 c\u00e1i<\/figcaption><\/figure>\n<p> C\u00e1c h\u00ecnh th\u1ee9c th\u1ef1c hi\u1ec7n giao d\u1ecbch n\u1ea1p ti\u1ec1n t\u1ea1i nh\u00e0 c\u00e1i<\/figcaption><\/figure>\n<h3><span class=\"ez-toc-section\" id=\"Chuyen_khoan_ngan_hang\"><\/span><b>Chuy\u1ec3n kho\u1ea3n ng\u00e2n h\u00e0ng<\/b><span class=\"ez-toc-section-end\"><\/span><\/h3>\n<p><span style=\"font-weight: 400;\">\u0110\u00e2y l\u00e0 c\u00e1ch ph\u1ed5 bi\u1ebfn nh\u1ea5t khi <\/span><b>n\u1ea1p ti\u1ec1n<\/b><span style=\"font-weight: 400;\"> t\u1ea1i nh\u00e0 c\u00e1i. Ng\u01b0\u1eddi ch\u01a1i ch\u1ec9 c\u1ea7n s\u1eed d\u1ee5ng t\u00e0i kho\u1ea3n ng\u00e2n h\u00e0ng c\u1ee7a m\u00ecnh \u0111\u1ec3 th\u1ef1c hi\u1ec7n giao d\u1ecbch. Ph\u01b0\u01a1ng th\u1ee9c n\u00e0y an to\u00e0n, minh b\u1ea1ch v\u00e0 d\u1ec5 d\u00e0ng ki\u1ec3m tra l\u1ecbch s\u1eed.<\/span><\/p>\n<h3><span class=\"ez-toc-section\" id=\"Vi_dien_tu\"><\/span><b>V\u00ed \u0111i\u1ec7n t\u1eed<\/b><span class=\"ez-toc-section-end\"><\/span><\/h3>\n<p><span style=\"font-weight: 400;\">V\u00ed \u0111i\u1ec7n t\u1eed ng\u00e0y c\u00e0ng \u0111\u01b0\u1ee3c \u01b0a chu\u1ed9ng v\u00ec t\u00ednh ti\u1ec7n l\u1ee3i. Khi th\u1ef1c hi\u1ec7n giao d\u1ecbch qua v\u00ed \u0111i\u1ec7n t\u1eed, giao d\u1ecbch di\u1ec5n ra g\u1ea7n nh\u01b0 t\u1ee9c th\u00ec. H\u01a1n n\u1eefa, ng\u01b0\u1eddi ch\u01a1i c\u00f3 th\u1ec3 ki\u1ec3m so\u00e1t chi ti\u00eau v\u00e0 t\u1eadn h\u01b0\u1edfng nhi\u1ec1u \u01b0u \u0111\u00e3i t\u1eeb c\u00e1c n\u1ec1n t\u1ea3ng v\u00ed.<\/span><\/p>\n<h3><span class=\"ez-toc-section\" id=\"The_cao_dien_thoai\"><\/span><b>Th\u1ebb c\u00e0o \u0111i\u1ec7n tho\u1ea1i<\/b><span class=\"ez-toc-section-end\"><\/span><\/h3>\n<p><span style=\"font-weight: 400;\">M\u1ed9t s\u1ed1 nh\u00e0 c\u00e1i h\u1ed7 tr\u1ee3 <\/span><b>n\u1ea1p ti\u1ec1n <\/b><span style=\"font-weight: 400;\">t\u1ea1i nh\u00e0 c\u00e1i b\u1eb1ng th\u1ebb c\u00e0o. \u0110\u00e2y l\u00e0 h\u00ecnh th\u1ee9c \u0111\u01a1n gi\u1ea3n, kh\u00f4ng c\u1ea7n t\u00e0i kho\u1ea3n ng\u00e2n h\u00e0ng, ph\u00f9 h\u1ee3p v\u1edbi nh\u1eefng ai mu\u1ed1n th\u1eed tr\u1ea3i nghi\u1ec7m nhanh.<\/span><\/p>\n<h2><span class=\"ez-toc-section\" id=\"Kinh_nghiem_khi_giao_dich_nap_tien_tai_nha_cai\"><\/span><b>Kinh nghi\u1ec7m khi giao d\u1ecbch n\u1ea1p ti\u1ec1n t\u1ea1i nh\u00e0 c\u00e1i<\/b><span class=\"ez-toc-section-end\"><\/span><\/h2>\n<p><span style=\"font-weight: 400;\">Khi tham gia c\u00e1 c\u01b0\u1ee3c tr\u1ef1c tuy\u1ebfn, vi\u1ec7c th\u1ef1c hi\u1ec7n an to\u00e0n l\u00e0 \u01b0u ti\u00ean h\u00e0ng \u0111\u1ea7u \u0111\u1ec3 b\u1ea3o v\u1ec7 t\u00e0i kho\u1ea3n c\u0169ng nh\u01b0 quy\u1ec1n l\u1ee3i c\u1ee7a ng\u01b0\u1eddi ch\u01a1i. Nhi\u1ec1u ng\u01b0\u1eddi th\u01b0\u1eddng ch\u1ec9 t\u1eadp trung v\u00e0o t\u1ed1c \u0111\u1ed9 giao d\u1ecbch m\u00e0 qu\u00ean \u0111i y\u1ebfu t\u1ed1 ki\u1ec3m so\u00e1t r\u1ee7i ro. V\u00ec v\u1eady, b\u1ea1n c\u1ea7n trang b\u1ecb cho m\u00ecnh nh\u1eefng kinh nghi\u1ec7m th\u1ef1c t\u1ebf tr\u01b0\u1edbc khi ti\u1ebfn h\u00e0nh n\u1ea1p.<\/span><\/p>\n<figure id=\"attachment_95\" aria-describedby=\"caption-attachment-95\" style=\"width: 800px\" class=\"wp-caption aligncenter\"><img loading=\"lazy\" decoding=\"async\" alt=\"Kinh nghi\u1ec7m khi giao d\u1ecbch n\u1ea1p ti\u1ec1n t\u1ea1i nh\u00e0 c\u00e1i\" class=\"size-full wp-image-95\" height=\"400\" src=\"https:\/\/jarvo.io\/wp-content\/uploads\/2025\/09\/nap-tien-kinh-nghiem.webp\" width=\"800\" title=\"\" srcset=\"https:\/\/jarvo.io\/wp-content\/uploads\/2025\/09\/nap-tien-kinh-nghiem.webp 800w, https:\/\/jarvo.io\/wp-content\/uploads\/2025\/09\/nap-tien-kinh-nghiem-300x150.webp 300w, https:\/\/jarvo.io\/wp-content\/uploads\/2025\/09\/nap-tien-kinh-nghiem-768x384.webp 768w\" sizes=\"auto, (max-width: 800px) 100vw, 800px\" \/><figcaption id=\"caption-attachment-95\" class=\"wp-caption-text\"><figcaption style=\"margin-top:8px;font-style:italic;color:#666;font-size:14px;\">Kinh nghi\u1ec7m khi giao d\u1ecbch n\u1ea1p ti\u1ec1n t\u1ea1i nh\u00e0 c\u00e1i<\/figcaption><\/figure>\n<p> Kinh nghi\u1ec7m khi giao d\u1ecbch n\u1ea1p ti\u1ec1n t\u1ea1i nh\u00e0 c\u00e1i<\/figcaption><\/figure>\n<ul>\n<li aria-level=\"1\" style=\"font-weight: 400;\"><span style=\"font-weight: 400;\">Tr\u01b0\u1edbc ti\u00ean, h\u00e3y c\u1ea9n tr\u1ecdng ki\u1ec3m tra th\u00f4ng tin t\u00e0i kho\u1ea3n nh\u1eadn ti\u1ec1n c\u1ee7a nh\u00e0 c\u00e1i \u0111\u1ec3 ch\u1eafc ch\u1eafn r\u1eb1ng d\u1eef li\u1ec7u \u0111\u01b0\u1ee3c cung c\u1ea5p l\u00e0 ch\u00ednh x\u00e1c v\u00e0 c\u00f2n hi\u1ec7u l\u1ef1c. M\u1ed9t sai s\u00f3t nh\u1ecf trong b\u01b0\u1edbc n\u00e0y c\u00f3 th\u1ec3 khi\u1ebfn giao d\u1ecbch b\u1ecb th\u1ea5t l\u1ea1c ho\u1eb7c ch\u1eadm x\u1eed l\u00fd.\u00a0<\/span><\/li>\n<li aria-level=\"1\" style=\"font-weight: 400;\"><span style=\"font-weight: 400;\">Ti\u1ebfp theo, n\u00ean ch\u1ee7 \u0111\u1ed9ng l\u01b0u gi\u1eef to\u00e0n b\u1ed9 h\u00f3a \u0111\u01a1n ho\u1eb7c bi\u00ean lai giao d\u1ecbch d\u01b0\u1edbi d\u1ea1ng \u1ea3nh ch\u1ee5p ho\u1eb7c file \u0111i\u1ec7n t\u1eed. \u0110\u00e2y ch\u00ednh l\u00e0 b\u1eb1ng ch\u1ee9ng quan tr\u1ecdng trong tr\u01b0\u1eddng h\u1ee3p c\u1ea7n x\u00e1c minh ho\u1eb7c khi\u1ebfu n\u1ea1i sau n\u00e0y.\u00a0<\/span><\/li>\n<li aria-level=\"1\" style=\"font-weight: 400;\"><span style=\"font-weight: 400;\">Cu\u1ed1i c\u00f9ng, \u0111\u1eebng qu\u00ean thi\u1ebft l\u1eadp h\u1ea1n m\u1ee9c n\u1ea1p ph\u00f9 h\u1ee3p v\u1edbi ng\u00e2n s\u00e1ch c\u00e1 nh\u00e2n. Vi\u1ec7c ki\u1ec3m so\u00e1t t\u00e0i ch\u00ednh kh\u00f4ng ch\u1ec9 gi\u00fap b\u1ea1n duy tr\u00ec s\u1ef1 \u1ed5n \u0111\u1ecbnh m\u00e0 c\u00f2n tr\u00e1nh \u0111\u01b0\u1ee3c \u00e1p l\u1ef1c khi tham gia c\u00e1 c\u01b0\u1ee3c l\u00e2u d\u00e0i.<\/span><\/li>\n<\/ul>\n<h2><span class=\"ez-toc-section\" id=\"Luu_y_quan_trong_khi_den_voi_giao_dich_nap_tien_tai_nha_cai\"><\/span><b>L\u01b0u \u00fd quan tr\u1ecdng khi \u0111\u1ebfn v\u1edbi giao d\u1ecbch n\u1ea1p ti\u1ec1n t\u1ea1i nh\u00e0 c\u00e1i<\/b><span class=\"ez-toc-section-end\"><\/span><\/h2>\n<p><span style=\"font-weight: 400;\">Trong l\u0129nh v\u1ef1c c\u00e1 c\u01b0\u1ee3c tr\u1ef1c tuy\u1ebfn, m\u1ed7i giao d\u1ecbch \u0111\u1ec1u \u0111\u00f2i h\u1ecfi s\u1ef1 c\u1ea9n tr\u1ecdng tuy\u1ec7t \u0111\u1ed1i. Vi\u1ec7c <\/span><b>n\u1ea1p ti\u1ec1n <\/b><span style=\"font-weight: 400;\">t\u1ea1i nh\u00e0 c\u00e1i tuy di\u1ec5n ra nhanh ch\u00f3ng nh\u01b0ng kh\u00f4ng v\u00ec th\u1ebf m\u00e0 ng\u01b0\u1eddi ch\u01a1i \u0111\u01b0\u1ee3c ph\u00e9p ch\u1ee7 quan. M\u1ed9t sai l\u1ea7m nh\u1ecf c\u0169ng c\u00f3 th\u1ec3 g\u00e2y ra phi\u1ec1n to\u00e1i, t\u1eeb vi\u1ec7c ch\u1eadm tr\u1ec5 cho \u0111\u1ebfn nguy c\u01a1 th\u1ea5t tho\u00e1t t\u00e0i s\u1ea3n.<\/span><\/p>\n<figure id=\"attachment_94\" aria-describedby=\"caption-attachment-94\" style=\"width: 800px\" class=\"wp-caption aligncenter\"><img loading=\"lazy\" decoding=\"async\" alt=\"L\u01b0u \u00fd quan tr\u1ecdng khi \u0111\u1ebfn v\u1edbi giao d\u1ecbch n\u1ea1p ti\u1ec1n t\u1ea1i nh\u00e0 c\u00e1i\" class=\"size-full wp-image-94\" height=\"400\" src=\"https:\/\/jarvo.io\/wp-content\/uploads\/2025\/09\/nap-tien-luu-y.webp\" width=\"800\" title=\"\" srcset=\"https:\/\/jarvo.io\/wp-content\/uploads\/2025\/09\/nap-tien-luu-y.webp 800w, https:\/\/jarvo.io\/wp-content\/uploads\/2025\/09\/nap-tien-luu-y-300x150.webp 300w, https:\/\/jarvo.io\/wp-content\/uploads\/2025\/09\/nap-tien-luu-y-768x384.webp 768w\" sizes=\"auto, (max-width: 800px) 100vw, 800px\" \/><figcaption id=\"caption-attachment-94\" class=\"wp-caption-text\"><figcaption style=\"margin-top:8px;font-style:italic;color:#666;font-size:14px;\">L\u01b0u \u00fd quan tr\u1ecdng khi \u0111\u1ebfn v\u1edbi giao d\u1ecbch n\u1ea1p ti\u1ec1n t\u1ea1i nh\u00e0 c\u00e1i<\/figcaption><\/figure>\n<p> L\u01b0u \u00fd quan tr\u1ecdng khi \u0111\u1ebfn v\u1edbi giao d\u1ecbch n\u1ea1p ti\u1ec1n t\u1ea1i nh\u00e0 c\u00e1i<\/figcaption><\/figure>\n<h3><span class=\"ez-toc-section\" id=\"Kiem_tra_that_ky_luong_cac_ky_thong_tin_giao_dich\"><\/span><b>Ki\u1ec3m tra th\u1eadt k\u1ef9 l\u01b0\u1ee1ng c\u00e1c k\u1ef9 th\u00f4ng tin giao d\u1ecbch<\/b><span class=\"ez-toc-section-end\"><\/span><\/h3>\n<p><span style=\"font-weight: 400;\">M\u1ed7i l\u1ea7n giao d\u1ecbch, h\u00e3y \u0111\u1ea3m b\u1ea3o r\u1eb1ng b\u1ea1n nh\u1eadp ch\u00ednh x\u00e1c s\u1ed1 t\u00e0i kho\u1ea3n nh\u1eadn, s\u1ed1 ti\u1ec1n c\u1ea7n chuy\u1ec3n v\u00e0 n\u1ed9i dung giao d\u1ecbch theo \u0111\u00fang h\u01b0\u1edbng d\u1eabn. Ch\u1ec9 m\u1ed9t k\u00fd t\u1ef1 sai l\u1ec7ch c\u0169ng c\u00f3 th\u1ec3 khi\u1ebfn ti\u1ec1n kh\u00f4ng v\u00e0o \u0111\u00fang t\u00e0i kho\u1ea3n ho\u1eb7c b\u1ecb ng\u00e2n h\u00e0ng treo giao d\u1ecbch.\u00a0<\/span><br \/>\n<span style=\"font-weight: 400;\">\u0110\u1ec3 an to\u00e0n h\u01a1n, ng\u01b0\u1eddi ch\u01a1i n\u00ean \u0111\u1ed1i chi\u1ebfu l\u1ea1i \u00edt nh\u1ea5t 2 l\u1ea7n tr\u01b0\u1edbc khi b\u1ea5m x\u00e1c nh\u1eadn. Vi\u1ec7c n\u00e0y tuy m\u1ea5t th\u00eam v\u00e0i gi\u00e2y nh\u01b0ng l\u1ea1i l\u00e0 t\u1ea5m \u201cl\u00e1 ch\u1eafn\u201d h\u1eefu hi\u1ec7u b\u1ea3o v\u1ec7 b\u1ea1n kh\u1ecfi s\u1ef1 c\u1ed1 kh\u00f4ng \u0111\u00e1ng c\u00f3.<\/span><\/p>\n<h3><span class=\"ez-toc-section\" id=\"Bao_mat_cho_moi_thong_tin_ca_nhan_nguoi_choi\"><\/span><b>B\u1ea3o m\u1eadt cho m\u1ecdi th\u00f4ng tin c\u00e1 nh\u00e2n ng\u01b0\u1eddi ch\u01a1i<\/b><span class=\"ez-toc-section-end\"><\/span><\/h3>\n<p><span style=\"font-weight: 400;\">Khi <\/span><b>n\u1ea1p ti\u1ec1n <\/b><span style=\"font-weight: 400;\">t\u1ea1i nh\u00e0 c\u00e1i, h\u00e3y coi b\u1ea3o m\u1eadt l\u00e0 \u01b0u ti\u00ean h\u00e0ng \u0111\u1ea7u. Ng\u01b0\u1eddi ch\u01a1i tuy\u1ec7t \u0111\u1ed1i kh\u00f4ng ti\u1ebft l\u1ed9 m\u1eadt kh\u1ea9u, m\u00e3 OTP hay th\u00f4ng tin th\u1ebb ng\u00e2n h\u00e0ng cho b\u1ea5t k\u1ef3 ai, k\u1ec3 c\u1ea3 nh\u00e2n vi\u00ean t\u1ef1 x\u01b0ng l\u00e0 h\u1ed7 tr\u1ee3 vi\u00ean. Ngo\u00e0i ra, h\u00e3y \u0111\u0103ng nh\u1eadp v\u00e0 th\u1ef1c hi\u1ec7n giao d\u1ecbch tr\u00ean thi\u1ebft b\u1ecb c\u00e1 nh\u00e2n thay v\u00ec d\u00f9ng m\u00e1y c\u00f4ng c\u1ed9ng \u0111\u1ec3 h\u1ea1n ch\u1ebf r\u1ee7i ro b\u1ecb \u0111\u00e1nh c\u1eafp d\u1eef li\u1ec7u. M\u1ed9t l\u1edbp b\u1ea3o m\u1eadt m\u1ea1nh m\u1ebd s\u1ebd gi\u00fap b\u1ea1n an t\u00e2m h\u01a1n trong m\u1ecdi l\u1ea7n th\u1ef1c hi\u1ec7n.<\/span><\/p>\n<h3><span class=\"ez-toc-section\" id=\"Quan_ly_han_muc_va_kiem_soat_tai_chinh\"><\/span><b>Qu\u1ea3n l\u00fd h\u1ea1n m\u1ee9c v\u00e0 ki\u1ec3m so\u00e1t t\u00e0i ch\u00ednh<\/b><span class=\"ez-toc-section-end\"><\/span><\/h3>\n<p><span style=\"font-weight: 400;\">Nhi\u1ec1u ng\u01b0\u1eddi ch\u01a1i th\u01b0\u1eddng qu\u00e1 h\u1ee9ng th\u00fa trong qu\u00e1 tr\u00ecnh c\u00e1 c\u01b0\u1ee3c v\u00e0 n\u1ea1p ti\u1ec1n v\u01b0\u1ee3t qu\u00e1 kh\u1ea3 n\u0103ng chi tr\u1ea3. \u0110\u00e2y l\u00e0 m\u1ed9t sai l\u1ea7m nghi\u00eam tr\u1ecdng c\u00f3 th\u1ec3 \u1ea3nh h\u01b0\u1edfng \u0111\u1ebfn cu\u1ed9c s\u1ed1ng c\u00e1 nh\u00e2n. Do \u0111\u00f3, b\u1ea1n n\u00ean thi\u1ebft l\u1eadp h\u1ea1n m\u1ee9c n\u1ea1p h\u1ee3p l\u00fd d\u1ef1a tr\u00ean ng\u00e2n s\u00e1ch c\u1ee7a b\u1ea3n th\u00e2n. Khi th\u1ef1c hi\u1ec7n giao d\u1ecbch c\u00f3 k\u1ebf ho\u1ea1ch, b\u1ea1n v\u1eeba tr\u00e1nh \u0111\u01b0\u1ee3c \u00e1p l\u1ef1c t\u00e0i ch\u00ednh v\u1eeba duy tr\u00ec s\u1ef1 h\u1ee9ng th\u00fa l\u00e2u d\u00e0i.<\/span><\/p>\n<h3><span class=\"ez-toc-section\" id=\"Theo_doi_ve_lich_su_giao_dich_mot_cach_thuong_xuyen\"><\/span><b>Theo d\u00f5i v\u1ec1 l\u1ecbch s\u1eed giao d\u1ecbch m\u1ed9t c\u00e1ch th\u01b0\u1eddng xuy\u00ean<\/b><span class=\"ez-toc-section-end\"><\/span><\/h3>\n<p><span style=\"font-weight: 400;\">Sau m\u1ed7i l\u1ea7n giao d\u1ecbch, h\u00e3y ch\u1ee7 \u0111\u1ed9ng ki\u1ec3m tra l\u1ea1i l\u1ecbch s\u1eed giao d\u1ecbch trong t\u00e0i kho\u1ea3n c\u00e1 c\u01b0\u1ee3c c\u0169ng nh\u01b0 trong t\u00e0i kho\u1ea3n ng\u00e2n h\u00e0ng. Th\u00f3i quen n\u00e0y gi\u00fap b\u1ea1n \u0111\u1ea3m b\u1ea3o s\u1ed1 ti\u1ec1n \u0111\u00e3 v\u00e0o \u0111\u00fang n\u01a1i, \u0111\u1ed3ng th\u1eddi d\u1ec5 d\u00e0ng ph\u00e1t hi\u1ec7n s\u1ef1 c\u1ed1 n\u1ebfu x\u1ea3y ra. Ngo\u00e0i ra, vi\u1ec7c l\u01b0u gi\u1eef bi\u00ean lai, ch\u1ee5p m\u00e0n h\u00ecnh ho\u1eb7c t\u1ea3i file x\u00e1c nh\u1eadn c\u0169ng l\u00e0 m\u1ed9t c\u00e1ch hay \u0111\u1ec3 c\u00f3 b\u1eb1ng ch\u1ee9ng khi c\u1ea7n h\u1ed7 tr\u1ee3.<\/span><br \/>\n<!-- pjsxgi-related-links --><\/p>\n<p style=\"text-align: justify;\"><strong>C\u00f3 th\u1ec3 b\u1ea1n quan t\u00e2m:<\/strong> <a href=\"https:\/\/jarvo.io\/rut-tien\/\">r\u00fat ti\u1ec1n<\/a> \u2022 <a href=\"https:\/\/jarvo.io\/dang-ky\/\">\u0111\u0103ng k\u00fd t\u00e0i kho\u1ea3n<\/a> \u2022 <a href=\"https:\/\/jarvo.io\/dang-nhap\/\">\u0111\u0103ng nh\u1eadp<\/a><\/p>\n<p><!-- pjsxgi-external-citation --><\/p>\n<p style=\"text-align: justify;font-size:13px;color:#666;border-left:3px solid #e5b343;padding-left:12px;margin:16px 0;\"><em>\ud83d\udcda Tham kh\u1ea3o: <a href=\"https:\/\/en.wikipedia.org\/wiki\/Payment_service_provider\" rel=\"nofollow noopener\" target=\"_blank\">Payment service provider (Wikipedia)<\/a><\/em><\/p>\n<p><!-- pjsxgi-faq-schema --><\/p>\n<h2 style=\"text-align: justify\"><span class=\"ez-toc-section\" id=\"Cau_hoi_thuong_gap\"><\/span><b>C\u00e2u h\u1ecfi th\u01b0\u1eddng g\u1eb7p<\/b><span class=\"ez-toc-section-end\"><\/span><\/h2>\n<details style=\"margin:12px 0;padding:12px;border:1px solid #eee;border-radius:6px;\">\n<summary style=\"font-weight:600;cursor:pointer;\">69VN h\u1ed7 tr\u1ee3 nh\u1eefng ph\u01b0\u01a1ng th\u1ee9c n\u1ea1p ti\u1ec1n n\u00e0o?<\/summary>\n<p style=\"margin-top:8px;\">69VN ch\u1ea5p nh\u1eadn: chuy\u1ec3n kho\u1ea3n ng\u00e2n h\u00e0ng n\u1ed9i \u0111\u1ecba (15+ ng\u00e2n h\u00e0ng), v\u00ed \u0111i\u1ec7n t\u1eed (Momo, ZaloPay, ViettelPay), th\u1ebb c\u00e0o \u0111i\u1ec7n tho\u1ea1i v\u00e0 USDT ti\u1ec1n \u0111i\u1ec7n t\u1eed.<\/p>\n<\/details>\n<details style=\"margin:12px 0;padding:12px;border:1px solid #eee;border-radius:6px;\">\n<summary style=\"font-weight:600;cursor:pointer;\">N\u1ea1p ti\u1ec1n v\u00e0o 69VN m\u1ea5t bao l\u00e2u?<\/summary>\n<p style=\"margin-top:8px;\">\u0110\u1ed1i v\u1edbi ng\u00e2n h\u00e0ng t\u1ef1 \u0111\u1ed9ng v\u00e0 v\u00ed \u0111i\u1ec7n t\u1eed, ti\u1ec1n v\u00e0o t\u00e0i kho\u1ea3n trong 1-2 ph\u00fat. Chuy\u1ec3n kho\u1ea3n nhanh 24\/7, ho\u1ea1t \u0111\u1ed9ng c\u1ea3 cu\u1ed1i tu\u1ea7n.<\/p>\n<\/details>\n<details style=\"margin:12px 0;padding:12px;border:1px solid #eee;border-radius:6px;\">\n<summary style=\"font-weight:600;cursor:pointer;\">M\u1ee9c n\u1ea1p t\u1ed1i thi\u1ec3u t\u1ea1i 69VN l\u00e0 bao nhi\u00eau?<\/summary>\n<p style=\"margin-top:8px;\">N\u1ea1p t\u1ed1i thi\u1ec3u 50.000 VN\u0110\/l\u1ea7n, t\u1ed1i \u0111a 500.000.000 VN\u0110\/l\u1ea7n. Kh\u00f4ng gi\u1edbi h\u1ea1n s\u1ed1 l\u1ea7n n\u1ea1p trong ng\u00e0y.<\/p>\n<\/details>\n<p><script type=\"application\/ld+json\">{\"@context\": \"https:\/\/schema.org\", \"@type\": \"FAQPage\", \"mainEntity\": [{\"@type\": \"Question\", \"name\": \"69VN h\u1ed7 tr\u1ee3 nh\u1eefng ph\u01b0\u01a1ng th\u1ee9c n\u1ea1p ti\u1ec1n n\u00e0o?\", \"acceptedAnswer\": {\"@type\": \"Answer\", \"text\": \"69VN ch\u1ea5p nh\u1eadn: chuy\u1ec3n kho\u1ea3n ng\u00e2n h\u00e0ng n\u1ed9i \u0111\u1ecba (15+ ng\u00e2n h\u00e0ng), v\u00ed \u0111i\u1ec7n t\u1eed (Momo, ZaloPay, ViettelPay), th\u1ebb c\u00e0o \u0111i\u1ec7n tho\u1ea1i v\u00e0 USDT ti\u1ec1n \u0111i\u1ec7n t\u1eed.\"}}, {\"@type\": \"Question\", \"name\": \"N\u1ea1p ti\u1ec1n v\u00e0o 69VN m\u1ea5t bao l\u00e2u?\", \"acceptedAnswer\": {\"@type\": \"Answer\", \"text\": \"\u0110\u1ed1i v\u1edbi ng\u00e2n h\u00e0ng t\u1ef1 \u0111\u1ed9ng v\u00e0 v\u00ed \u0111i\u1ec7n t\u1eed, ti\u1ec1n v\u00e0o t\u00e0i kho\u1ea3n trong 1-2 ph\u00fat. Chuy\u1ec3n kho\u1ea3n nhanh 24\/7, ho\u1ea1t \u0111\u1ed9ng c\u1ea3 cu\u1ed1i tu\u1ea7n.\"}}, {\"@type\": \"Question\", \"name\": \"M\u1ee9c n\u1ea1p t\u1ed1i thi\u1ec3u t\u1ea1i 69VN l\u00e0 bao nhi\u00eau?\", \"acceptedAnswer\": {\"@type\": \"Answer\", \"text\": \"N\u1ea1p t\u1ed1i thi\u1ec3u 50.000 VN\u0110\/l\u1ea7n, t\u1ed1i \u0111a 500.000.000 VN\u0110\/l\u1ea7n. Kh\u00f4ng gi\u1edbi h\u1ea1n s\u1ed1 l\u1ea7n n\u1ea1p trong ng\u00e0y.\"}}]}<\/script><\/p>\n<h2><span class=\"ez-toc-section\" id=\"Tong_ket_cac_hinh_thuc_nap_tien_thuan_tien_nhat\"><\/span><b>T\u1ed5ng k\u1ebft c\u00e1c h\u00ecnh th\u1ee9c n\u1ea1p ti\u1ec1n thu\u1eadn ti\u1ec7n nh\u1ea5t<\/b><span class=\"ez-toc-section-end\"><\/span><\/h2>\n<p><a href=\"https:\/\/jarvo.io\/nap-tien\/\"><b>N\u1ea1p ti\u1ec1n<\/b><\/a><span style=\"font-weight: 400;\"> t\u1ea1i 69VN kh\u00f4ng \u0111\u01a1n thu\u1ea7n l\u00e0 thao t\u00e1c t\u00e0i ch\u00ednh m\u00e0 c\u00f2n l\u00e0 c\u00e1nh c\u1eeda m\u1edf ra th\u1ebf gi\u1edbi c\u00e1 c\u01b0\u1ee3c \u0111\u1ea7y m\u00e0u s\u1eafc. Khi ng\u01b0\u1eddi ch\u01a1i hi\u1ec3u r\u00f5 quy tr\u00ecnh, bi\u1ebft l\u1ef1a ch\u1ecdn ph\u01b0\u01a1ng th\u1ee9c ph\u00f9 h\u1ee3p v\u00e0 tu\u00e2n th\u1ee7 c\u00e1c l\u01b0u \u00fd quan tr\u1ecdng, tr\u1ea3i nghi\u1ec7m s\u1ebd tr\u1edf n\u00ean m\u01b0\u1ee3t m\u00e0 v\u00e0 an to\u00e0n. H\u00e3y lu\u00f4n nh\u1edb r\u1eb1ng, giao d\u1ecbch th\u00f4ng minh l\u00e0 n\u1ec1n t\u1ea3ng \u0111\u1ec3 x\u00e2y d\u1ef1ng ni\u1ec1m tin v\u00e0 s\u1ef1 b\u1ec1n v\u1eefng trong h\u00e0nh tr\u00ecnh c\u00e1 c\u01b0\u1ee3c tr\u1ef1c tuy\u1ebfn.<\/span><\/p>\n","protected":false},"excerpt":{"rendered":"<p>N\u1ea1p ti\u1ec1n t\u1ea1i nh\u00e0 c\u00e1i &#8211; H\u00ecnh th\u1ee9c n\u1ea1p v\u1ed1n si\u00eau l\u1ee3i nhu\u1eadn N\u1ea1p ti\u1ec1n t\u1ea1i nh\u00e0 c\u00e1i 69VN lu\u00f4n l\u00e0 ch\u1ee7 \u0111\u1ec1 nh\u1eadn \u0111\u01b0\u1ee3c s\u1ef1 quan t\u00e2m l\u1edbn t\u1eeb c\u1ed9ng \u0111\u1ed3ng c\u00e1 c\u01b0\u1ee3c tr\u1ef1c tuy\u1ebfn. \u0110\u00e2y kh\u00f4ng ch\u1ec9 l\u00e0 thao t\u00e1c giao d\u1ecbch \u0111\u01a1n thu\u1ea7n m\u00e0 c\u00f2n ph\u1ea3n \u00e1nh m\u1ee9c \u0111\u1ed9 uy t\u00edn v\u00e0 [&#8230;]\n","protected":false},"author":1,"featured_media":93,"parent":0,"menu_order":0,"comment_status":"closed","ping_status":"closed","template":"","meta":{"footnotes":""},"class_list":["post-92","page","type-page","status-publish","has-post-thumbnail","hentry"],"_links":{"self":[{"href":"https:\/\/jarvo.io\/vi-vn\/wp-json\/wp\/v2\/pages\/92","targetHints":{"allow":["GET"]}}],"collection":[{"href":"https:\/\/jarvo.io\/vi-vn\/wp-json\/wp\/v2\/pages"}],"about":[{"href":"https:\/\/jarvo.io\/vi-vn\/wp-json\/wp\/v2\/types\/page"}],"author":[{"embeddable":true,"href":"https:\/\/jarvo.io\/vi-vn\/wp-json\/wp\/v2\/users\/1"}],"replies":[{"embeddable":true,"href":"https:\/\/jarvo.io\/vi-vn\/wp-json\/wp\/v2\/comments?post=92"}],"version-history":[{"count":0,"href":"https:\/\/jarvo.io\/vi-vn\/wp-json\/wp\/v2\/pages\/92\/revisions"}],"wp:featuredmedia":[{"embeddable":true,"href":"https:\/\/jarvo.io\/vi-vn\/wp-json\/wp\/v2\/media\/93"}],"wp:attachment":[{"href":"https:\/\/jarvo.io\/vi-vn\/wp-json\/wp\/v2\/media?parent=92"}],"curies":[{"name":"wp","href":"https:\/\/api.w.org\/{rel}","templated":true}]}}