{"id":86,"date":"2025-09-06T14:40:13","date_gmt":"2025-09-06T07:40:13","guid":{"rendered":"https:\/\/jarvo.io\/?page_id=86"},"modified":"2026-04-14T16:17:58","modified_gmt":"2026-04-14T05:51:21","slug":"dang-nhap","status":"publish","type":"page","link":"https:\/\/jarvo.io\/vi-vn\/dang-nhap\/","title":{"rendered":"\u0110\u0103ng nh\u1eadp"},"content":{"rendered":"<h1><span class=\"ez-toc-section\" id=\"Dang_nhap_%E2%80%93_Buoc_dau_cho_viec_mo_ra_canh_cong_trai_nghiem\"><\/span><b>\u0110\u0103ng nh\u1eadp &#8211; B\u01b0\u1edbc \u0111\u1ea7u cho vi\u1ec7c m\u1edf ra c\u00e1nh c\u1ed5ng tr\u1ea3i nghi\u1ec7m<\/b><span class=\"ez-toc-section-end\"><\/span><\/h1>\n<p><b>\u0110\u0103ng nh\u1eadp<\/b><span style=\"font-weight: 400;\"> t\u1ea1i <a href=\"https:\/\/jarvo.io\/\">nh\u00e0 c\u00e1i 69VN<\/a> l\u00e0 thao t\u00e1c c\u01a1 b\u1ea3n nh\u01b0ng l\u1ea1i mang \u00fd ngh\u0129a quy\u1ebft \u0111\u1ecbnh trong h\u00e0nh tr\u00ecnh tham gia c\u00e1 c\u01b0\u1ee3c tr\u1ef1c tuy\u1ebfn. Ng\u01b0\u1eddi ch\u01a1i kh\u00f4ng ch\u1ec9 k\u1ebft n\u1ed1i v\u1edbi h\u1ec7 th\u1ed1ng m\u00e0 c\u00f2n m\u1edf ra c\u00e1nh c\u1eeda \u0111\u1ebfn kho tr\u00f2 ch\u01a1i si\u00eau \u0111a d\u1ea1ng, khuy\u1ebfn m\u00e3i \u0111\u1ea7y h\u1ea5p d\u1eabn v\u00e0 d\u1ecbch v\u1ee5 ch\u0103m s\u00f3c kh\u00e1ch h\u00e0ng chuy\u00ean nghi\u1ec7p. Khi hi\u1ec3u r\u00f5 b\u1ea3n ch\u1ea5t c\u0169ng nh\u01b0 n\u1eafm v\u1eefng kinh nghi\u1ec7m, m\u1ed7i l\u1ea7n th\u1ef1c hi\u1ec7n tr\u1edf th\u00e0nh m\u1ed9t tr\u1ea3i nghi\u1ec7m an to\u00e0n v\u00e0 ti\u1ec7n l\u1ee3i h\u01a1n bao gi\u1edd h\u1ebft.<\/span><\/p><div id=\"ez-toc-container\" class=\"ez-toc-v2_0_76 counter-hierarchy ez-toc-counter ez-toc-grey ez-toc-container-direction\">\n<div class=\"ez-toc-title-container\">\n<p class=\"ez-toc-title\" style=\"cursor:inherit\">Table of Contents<\/p>\n<span class=\"ez-toc-title-toggle\"><a href=\"#\" class=\"ez-toc-pull-right ez-toc-btn ez-toc-btn-xs ez-toc-btn-default ez-toc-toggle\" aria-label=\"Toggle Table of Content\"><span class=\"ez-toc-js-icon-con\"><span class=\"\"><span class=\"eztoc-hide\" style=\"display:none;\">Toggle<\/span><span class=\"ez-toc-icon-toggle-span\"><svg style=\"fill: #999;color:#999\" xmlns=\"http:\/\/www.w3.org\/2000\/svg\" class=\"list-377408\" width=\"20px\" height=\"20px\" viewBox=\"0 0 24 24\" fill=\"none\"><path d=\"M6 6H4v2h2V6zm14 0H8v2h12V6zM4 11h2v2H4v-2zm16 0H8v2h12v-2zM4 16h2v2H4v-2zm16 0H8v2h12v-2z\" fill=\"currentColor\"><\/path><\/svg><svg style=\"fill: #999;color:#999\" class=\"arrow-unsorted-368013\" xmlns=\"http:\/\/www.w3.org\/2000\/svg\" width=\"10px\" height=\"10px\" viewBox=\"0 0 24 24\" version=\"1.2\" baseProfile=\"tiny\"><path d=\"M18.2 9.3l-6.2-6.3-6.2 6.3c-.2.2-.3.4-.3.7s.1.5.3.7c.2.2.4.3.7.3h11c.3 0 .5-.1.7-.3.2-.2.3-.5.3-.7s-.1-.5-.3-.7zM5.8 14.7l6.2 6.3 6.2-6.3c.2-.2.3-.5.3-.7s-.1-.5-.3-.7c-.2-.2-.4-.3-.7-.3h-11c-.3 0-.5.1-.7.3-.2.2-.3.5-.3.7s.1.5.3.7z\"\/><\/svg><\/span><\/span><\/span><\/a><\/span><\/div>\n<nav><ul class='ez-toc-list ez-toc-list-level-1 eztoc-toggle-hide-by-default' ><li class='ez-toc-page-1 ez-toc-heading-level-1'><a class=\"ez-toc-link ez-toc-heading-1\" href=\"https:\/\/jarvo.io\/vi-vn\/dang-nhap\/#Dang_nhap_%E2%80%93_Buoc_dau_cho_viec_mo_ra_canh_cong_trai_nghiem\" >\u0110\u0103ng nh\u1eadp &#8211; B\u01b0\u1edbc \u0111\u1ea7u cho vi\u1ec7c m\u1edf ra c\u00e1nh c\u1ed5ng tr\u1ea3i nghi\u1ec7m<\/a><ul class='ez-toc-list-level-2' ><li class='ez-toc-heading-level-2'><a class=\"ez-toc-link ez-toc-heading-2\" href=\"https:\/\/jarvo.io\/vi-vn\/dang-nhap\/#Quy_trinh_co_ban_de_dang_nhap_tai_nha_cai\" >Quy tr\u00ecnh c\u01a1 b\u1ea3n \u0111\u1ec3 \u0111\u0103ng nh\u1eadp t\u1ea1i nh\u00e0 c\u00e1i<\/a><ul class='ez-toc-list-level-3' ><li class='ez-toc-heading-level-3'><a class=\"ez-toc-link ez-toc-heading-3\" href=\"https:\/\/jarvo.io\/vi-vn\/dang-nhap\/#Truy_cap_trang_chu\" >Truy c\u1eadp trang ch\u1ee7<\/a><\/li><li class='ez-toc-page-1 ez-toc-heading-level-3'><a class=\"ez-toc-link ez-toc-heading-4\" href=\"https:\/\/jarvo.io\/vi-vn\/dang-nhap\/#Nhap_thong_tin_tai_khoan\" >Nh\u1eadp th\u00f4ng tin t\u00e0i kho\u1ea3n<\/a><\/li><li class='ez-toc-page-1 ez-toc-heading-level-3'><a class=\"ez-toc-link ez-toc-heading-5\" href=\"https:\/\/jarvo.io\/vi-vn\/dang-nhap\/#Xac_minh_bao_mat\" >X\u00e1c minh b\u1ea3o m\u1eadt<\/a><\/li><li class='ez-toc-page-1 ez-toc-heading-level-3'><a class=\"ez-toc-link ez-toc-heading-6\" href=\"https:\/\/jarvo.io\/vi-vn\/dang-nhap\/#Xu_ly_khi_gap_su_co\" >X\u1eed l\u00fd khi g\u1eb7p s\u1ef1 c\u1ed1<\/a><\/li><\/ul><\/li><li class='ez-toc-page-1 ez-toc-heading-level-2'><a class=\"ez-toc-link ez-toc-heading-7\" href=\"https:\/\/jarvo.io\/vi-vn\/dang-nhap\/#Nhung_yeu_to_anh_huong_den_trai_nghiem_dang_nhap_tai_nha_cai\" >Nh\u1eefng y\u1ebfu t\u1ed1 \u1ea3nh h\u01b0\u1edfng \u0111\u1ebfn tr\u1ea3i nghi\u1ec7m \u0111\u0103ng nh\u1eadp t\u1ea1i nh\u00e0 c\u00e1i<\/a><\/li><li class='ez-toc-page-1 ez-toc-heading-level-2'><a class=\"ez-toc-link ez-toc-heading-8\" href=\"https:\/\/jarvo.io\/vi-vn\/dang-nhap\/#Cach_toi_uu_hieu_qua_khi_dang_nhap_tai_nha_cai\" >C\u00e1ch t\u1ed1i \u01b0u hi\u1ec7u qu\u1ea3 khi \u0111\u0103ng nh\u1eadp t\u1ea1i nh\u00e0 c\u00e1i<\/a><ul class='ez-toc-list-level-3' ><li class='ez-toc-heading-level-3'><a class=\"ez-toc-link ez-toc-heading-9\" href=\"https:\/\/jarvo.io\/vi-vn\/dang-nhap\/#Chuan_bi_thiet_bi_va_ket_noi\" >Chu\u1ea9n b\u1ecb thi\u1ebft b\u1ecb v\u00e0 k\u1ebft n\u1ed1i<\/a><\/li><li class='ez-toc-page-1 ez-toc-heading-level-3'><a class=\"ez-toc-link ez-toc-heading-10\" href=\"https:\/\/jarvo.io\/vi-vn\/dang-nhap\/#Ghi_nho_thong_tin_hop_ly\" >Ghi nh\u1edb th\u00f4ng tin h\u1ee3p l\u00fd<\/a><\/li><li class='ez-toc-page-1 ez-toc-heading-level-3'><a class=\"ez-toc-link ez-toc-heading-11\" href=\"https:\/\/jarvo.io\/vi-vn\/dang-nhap\/#Xu_ly_su_co_nhanh_chong\" >X\u1eed l\u00fd s\u1ef1 c\u1ed1 nhanh ch\u00f3ng<\/a><\/li><\/ul><\/li><li class='ez-toc-page-1 ez-toc-heading-level-2'><a class=\"ez-toc-link ez-toc-heading-12\" href=\"https:\/\/jarvo.io\/vi-vn\/dang-nhap\/#Cau_hoi_thuong_gap\" >C\u00e2u h\u1ecfi th\u01b0\u1eddng g\u1eb7p<\/a><\/li><li class='ez-toc-page-1 ez-toc-heading-level-2'><a class=\"ez-toc-link ez-toc-heading-13\" href=\"https:\/\/jarvo.io\/vi-vn\/dang-nhap\/#Duc_ket_cach_dang_nhap_an_toan_va_hieu_qua\" >\u0110\u00fac k\u1ebft c\u00e1ch \u0111\u0103ng nh\u1eadp an to\u00e0n v\u00e0 hi\u1ec7u qu\u1ea3<\/a><\/li><\/ul><\/li><\/ul><\/nav><\/div>\n\n<h2><span class=\"ez-toc-section\" id=\"Quy_trinh_co_ban_de_dang_nhap_tai_nha_cai\"><\/span><b>Quy tr\u00ecnh c\u01a1 b\u1ea3n \u0111\u1ec3 \u0111\u0103ng nh\u1eadp t\u1ea1i nh\u00e0 c\u00e1i<\/b><span class=\"ez-toc-section-end\"><\/span><\/h2>\n<p><span style=\"font-weight: 400;\">M\u1eb7c d\u00f9 m\u1ed7i th\u01b0\u01a1ng hi\u1ec7u c\u00f3 giao di\u1ec7n kh\u00e1c nhau, nh\u01b0ng quy tr\u00ecnh th\u1ef1c hi\u1ec7n nh\u00ecn chung \u0111\u1ec1u xoay quanh m\u1ed9t s\u1ed1 b\u01b0\u1edbc c\u01a1 b\u1ea3n. Vi\u1ec7c n\u1eafm r\u00f5 c\u00e1c b\u01b0\u1edbc n\u00e0y gi\u00fap ng\u01b0\u1eddi ch\u01a1i ti\u1ebft ki\u1ec7m th\u1eddi gian, h\u1ea1n ch\u1ebf s\u1ef1 c\u1ed1 v\u00e0 t\u1eadn h\u01b0\u1edfng tr\u1ecdn v\u1eb9n tr\u1ea3i nghi\u1ec7m gi\u1ea3i tr\u00ed tr\u1ef1c tuy\u1ebfn. D\u01b0\u1edbi \u0111\u00e2y l\u00e0 chi ti\u1ebft t\u1eebng giai \u0111o\u1ea1n trong vi\u1ec7c thao t\u00e1c.<\/span><\/p>\n<figure id=\"attachment_88\" aria-describedby=\"caption-attachment-88\" style=\"width: 800px\" class=\"wp-caption aligncenter\"><img loading=\"lazy\" decoding=\"async\" alt=\"Quy tr\u00ecnh c\u01a1 b\u1ea3n \u0111\u1ec3 \u0111\u0103ng nh\u1eadp t\u1ea1i nh\u00e0 c\u00e1i\" class=\"size-full wp-image-88\" height=\"400\" src=\"https:\/\/jarvo.io\/wp-content\/uploads\/2025\/09\/dang-nhap-quy-trinh.webp\" width=\"800\" title=\"\" srcset=\"https:\/\/jarvo.io\/wp-content\/uploads\/2025\/09\/dang-nhap-quy-trinh.webp 800w, https:\/\/jarvo.io\/wp-content\/uploads\/2025\/09\/dang-nhap-quy-trinh-300x150.webp 300w, https:\/\/jarvo.io\/wp-content\/uploads\/2025\/09\/dang-nhap-quy-trinh-768x384.webp 768w\" sizes=\"auto, (max-width: 800px) 100vw, 800px\" \/><figcaption id=\"caption-attachment-88\" class=\"wp-caption-text\"><figcaption style=\"margin-top:8px;font-style:italic;color:#666;font-size:14px;\">Quy tr\u00ecnh c\u01a1 b\u1ea3n \u0111\u1ec3 \u0111\u0103ng nh\u1eadp t\u1ea1i nh\u00e0 c\u00e1i<\/figcaption><\/figure>\n<p> Quy tr\u00ecnh c\u01a1 b\u1ea3n \u0111\u1ec3 \u0111\u0103ng nh\u1eadp t\u1ea1i nh\u00e0 c\u00e1i<\/figcaption><\/figure>\n<h3><span class=\"ez-toc-section\" id=\"Truy_cap_trang_chu\"><\/span><b>Truy c\u1eadp trang ch\u1ee7<\/b><span class=\"ez-toc-section-end\"><\/span><\/h3>\n<p><span style=\"font-weight: 400;\">B\u01b0\u1edbc \u0111\u1ea7u ti\u00ean \u0111\u1ec3 <\/span><b>\u0111\u0103ng nh\u1eadp <\/b><span style=\"font-weight: 400;\">t\u1ea1i nh\u00e0 c\u00e1i l\u00e0 truy c\u1eadp \u0111\u00fang \u0111\u01b0\u1eddng d\u1eabn ch\u00ednh th\u1ee9c. Ng\u01b0\u1eddi ch\u01a1i c\u1ea7n ch\u00fa \u00fd ki\u1ec3m tra \u0111\u01b0\u1eddng link nh\u1eb1m tr\u00e1nh r\u1ee7i ro t\u1eeb c\u00e1c trang gi\u1ea3 m\u1ea1o. \u0110\u00e2y l\u00e0 c\u00e1ch b\u1ea3o v\u1ec7 th\u00f4ng tin c\u00e1 nh\u00e2n v\u00e0 \u0111\u1ea3m b\u1ea3o to\u00e0n b\u1ed9 tr\u1ea3i nghi\u1ec7m di\u1ec5n ra an to\u00e0n.<\/span><\/p>\n<h3><span class=\"ez-toc-section\" id=\"Nhap_thong_tin_tai_khoan\"><\/span><b>Nh\u1eadp th\u00f4ng tin t\u00e0i kho\u1ea3n<\/b><span class=\"ez-toc-section-end\"><\/span><\/h3>\n<p><span style=\"font-weight: 400;\">Sau khi v\u00e0o trang ch\u1ee7, h\u1ec7 th\u1ed1ng s\u1ebd hi\u1ec3n th\u1ecb khung th\u00f4ng tin \u0111\u1ec3 ng\u01b0\u1eddi ch\u01a1i \u0111i\u1ec1n t\u00ean t\u00e0i kho\u1ea3n c\u00f9ng m\u1eadt kh\u1ea9u. Vi\u1ec7c nh\u1eadp ch\u00ednh x\u00e1c th\u00f4ng tin l\u00e0 \u0111i\u1ec1u ki\u1ec7n ti\u00ean quy\u1ebft \u0111\u1ec3 truy c\u1eadp th\u00e0nh c\u00f4ng. \u0110\u1ec3 thu\u1eadn ti\u1ec7n h\u01a1n, m\u1ed9t s\u1ed1 nh\u00e0 c\u00e1i c\u00f2n h\u1ed7 tr\u1ee3 l\u01b0u th\u00f4ng tin tr\u00ean thi\u1ebft b\u1ecb c\u00e1 nh\u00e2n.<\/span><\/p>\n<h3><span class=\"ez-toc-section\" id=\"Xac_minh_bao_mat\"><\/span><b>X\u00e1c minh b\u1ea3o m\u1eadt<\/b><span class=\"ez-toc-section-end\"><\/span><\/h3>\n<p><span style=\"font-weight: 400;\">Nhi\u1ec1u n\u1ec1n t\u1ea3ng hi\u1ec7n \u0111\u1ea1i b\u1ed5 sung b\u01b0\u1edbc x\u00e1c minh hai l\u1edbp ho\u1eb7c m\u00e3 OTP nh\u1eb1m t\u0103ng c\u01b0\u1eddng an to\u00e0n. Ng\u01b0\u1eddi ch\u01a1i ch\u1ec9 c\u1ea7n nh\u1eadp m\u00e3 g\u1eedi v\u1ec1 \u0111i\u1ec7n tho\u1ea1i ho\u1eb7c email \u0111\u1ec3 ho\u00e0n t\u1ea5t quy tr\u00ecnh. Ch\u00ednh l\u1edbp b\u1ea3o m\u1eadt n\u00e0y gi\u00fap t\u00e0i kho\u1ea3n tr\u00e1nh \u0111\u01b0\u1ee3c s\u1ef1 x\u00e2m nh\u1eadp tr\u00e1i ph\u00e9p.<\/span><\/p>\n<h3><span class=\"ez-toc-section\" id=\"Xu_ly_khi_gap_su_co\"><\/span><b>X\u1eed l\u00fd khi g\u1eb7p s\u1ef1 c\u1ed1<\/b><span class=\"ez-toc-section-end\"><\/span><\/h3>\n<p><span style=\"font-weight: 400;\">Trong tr\u01b0\u1eddng h\u1ee3p qu\u00ean m\u1eadt kh\u1ea9u ho\u1eb7c \u0111\u0103ng nh\u1eadp th\u1ea5t b\u1ea1i, h\u1ec7 th\u1ed1ng th\u01b0\u1eddng c\u00f3 s\u1eb5n c\u00f4ng c\u1ee5 h\u1ed7 tr\u1ee3 kh\u00f4i ph\u1ee5c. Ng\u01b0\u1eddi ch\u01a1i c\u00f3 th\u1ec3 y\u00eau c\u1ea7u c\u1ea5p l\u1ea1i m\u1eadt kh\u1ea9u, nh\u1eadn email x\u00e1c th\u1ef1c ho\u1eb7c li\u00ean h\u1ec7 tr\u1ef1c ti\u1ebfp \u0111\u1ed9i ng\u0169 ch\u0103m s\u00f3c kh\u00e1ch h\u00e0ng. Ch\u00ednh s\u1ef1 h\u1ed7 tr\u1ee3 k\u1ecbp th\u1eddi n\u00e0y gi\u00fap tr\u1ea3i nghi\u1ec7m lu\u00f4n th\u00f4ng su\u1ed1t v\u00e0 tr\u1ecdn v\u1eb9n.<\/span><\/p>\n<h2><span class=\"ez-toc-section\" id=\"Nhung_yeu_to_anh_huong_den_trai_nghiem_dang_nhap_tai_nha_cai\"><\/span><b>Nh\u1eefng y\u1ebfu t\u1ed1 \u1ea3nh h\u01b0\u1edfng \u0111\u1ebfn tr\u1ea3i nghi\u1ec7m \u0111\u0103ng nh\u1eadp t\u1ea1i nh\u00e0 c\u00e1i<\/b><span class=\"ez-toc-section-end\"><\/span><\/h2>\n<p><span style=\"font-weight: 400;\">M\u1ed9t l\u1ea7n th\u1ef1c hi\u1ec7n c\u00f3 th\u1ec3 di\u1ec5n ra tr\u01a1n tru ho\u1eb7c g\u1eb7p tr\u1ee5c tr\u1eb7c t\u00f9y thu\u1ed9c v\u00e0o nhi\u1ec1u y\u1ebfu t\u1ed1 kh\u00e1c nhau. Tr\u01b0\u1edbc h\u1ebft, t\u1ed1c \u0111\u1ed9 \u0111\u01b0\u1eddng truy\u1ec1n Internet \u0111\u00f3ng vai tr\u00f2 quan tr\u1ecdng v\u00ec n\u00f3 quy\u1ebft \u0111\u1ecbnh th\u1eddi gian t\u1ea3i trang v\u00e0 ph\u1ea3n h\u1ed3i l\u1ec7nh \u0111\u0103ng nh\u1eadp. Song song v\u1edbi \u0111\u00f3, ch\u1ea5t l\u01b0\u1ee3ng thi\u1ebft b\u1ecb nh\u01b0 \u0111i\u1ec7n tho\u1ea1i, m\u00e1y t\u00ednh hay tr\u00ecnh duy\u1ec7t c\u0169ng \u1ea3nh h\u01b0\u1edfng tr\u1ef1c ti\u1ebfp \u0111\u1ebfn s\u1ef1 \u1ed5n \u0111\u1ecbnh c\u1ee7a qu\u00e1 tr\u00ecnh.<\/span><\/p>\n<figure id=\"attachment_89\" aria-describedby=\"caption-attachment-89\" style=\"width: 800px\" class=\"wp-caption aligncenter\"><img loading=\"lazy\" decoding=\"async\" alt=\"Nh\u1eefng y\u1ebfu t\u1ed1 \u1ea3nh h\u01b0\u1edfng \u0111\u1ebfn tr\u1ea3i nghi\u1ec7m \u0111\u0103ng nh\u1eadp t\u1ea1i nh\u00e0 c\u00e1i\" class=\"size-full wp-image-89\" height=\"400\" src=\"https:\/\/jarvo.io\/wp-content\/uploads\/2025\/09\/dang-nhap-nhung-yeu-to.webp\" width=\"800\" title=\"\" srcset=\"https:\/\/jarvo.io\/wp-content\/uploads\/2025\/09\/dang-nhap-nhung-yeu-to.webp 800w, https:\/\/jarvo.io\/wp-content\/uploads\/2025\/09\/dang-nhap-nhung-yeu-to-300x150.webp 300w, https:\/\/jarvo.io\/wp-content\/uploads\/2025\/09\/dang-nhap-nhung-yeu-to-768x384.webp 768w\" sizes=\"auto, (max-width: 800px) 100vw, 800px\" \/><figcaption id=\"caption-attachment-89\" class=\"wp-caption-text\"><figcaption style=\"margin-top:8px;font-style:italic;color:#666;font-size:14px;\">Nh\u1eefng y\u1ebfu t\u1ed1 \u1ea3nh h\u01b0\u1edfng \u0111\u1ebfn tr\u1ea3i nghi\u1ec7m \u0111\u0103ng nh\u1eadp t\u1ea1i nh\u00e0 c\u00e1i<\/figcaption><\/figure>\n<p> Nh\u1eefng y\u1ebfu t\u1ed1 \u1ea3nh h\u01b0\u1edfng \u0111\u1ebfn tr\u1ea3i nghi\u1ec7m \u0111\u0103ng nh\u1eadp t\u1ea1i nh\u00e0 c\u00e1i<\/figcaption><\/figure>\n<p><span style=\"font-weight: 400;\">Ngo\u00e0i ra, \u0111\u1ed9 b\u1ec1n v\u1eefng c\u1ee7a h\u1ec7 th\u1ed1ng m\u00e1y ch\u1ee7 t\u1eeb ph\u00eda nh\u00e0 c\u00e1i c\u0169ng l\u00e0 m\u1ed9t kh\u00eda c\u1ea1nh c\u1ea7n l\u01b0u \u00fd. N\u1ebfu m\u00e1y ch\u1ee7 qu\u00e1 t\u1ea3i ho\u1eb7c b\u1ea3o tr\u00ec, ng\u01b0\u1eddi ch\u01a1i c\u00f3 th\u1ec3 ph\u1ea3i \u0111\u1ed1i di\u1ec7n v\u1edbi t\u00ecnh tr\u1ea1ng ch\u1eadm tr\u1ec5 ho\u1eb7c gi\u00e1n \u0111o\u1ea1n k\u1ebft n\u1ed1i. \u0110\u00e2y l\u00e0 l\u00fd do m\u00e0 c\u00e1c th\u01b0\u01a1ng hi\u1ec7u uy t\u00edn th\u01b0\u1eddng \u0111\u1ea7u t\u01b0 h\u1ea1 t\u1ea7ng m\u1ea1nh m\u1ebd \u0111\u1ec3 \u0111\u1ea3m b\u1ea3o m\u1ecdi phi\u00ean th\u1ef1c hi\u1ec7n lu\u00f4n m\u01b0\u1ee3t m\u00e0.<\/span><br \/>\n<span style=\"font-weight: 400;\">B\u00ean c\u1ea1nh y\u1ebfu t\u1ed1 k\u1ef9 thu\u1eadt, c\u00e1c l\u1edbp b\u1ea3o m\u1eadt nh\u01b0 m\u00e3 OTP, x\u00e1c minh qua \u0111i\u1ec7n tho\u1ea1i hay email c\u0169ng t\u00e1c \u0111\u1ed9ng \u0111\u1ebfn th\u1eddi gian thao t\u00e1c. D\u00f9 c\u00f3 th\u1ec3 khi\u1ebfn ng\u01b0\u1eddi ch\u01a1i m\u1ea5t th\u00eam v\u00e0i gi\u00e2y, nh\u01b0ng ch\u00ednh nh\u1eefng b\u01b0\u1edbc n\u00e0y l\u1ea1i gia t\u0103ng \u0111\u00e1ng k\u1ec3 s\u1ef1 an to\u00e0n cho t\u00e0i kho\u1ea3n. C\u00f3 th\u1ec3 n\u00f3i, s\u1ef1 c\u00e2n b\u1eb1ng gi\u1eefa t\u1ed1c \u0111\u1ed9 v\u00e0 b\u1ea3o m\u1eadt ch\u00ednh l\u00e0 ch\u00eca kh\u00f3a \u0111\u1ec3 n\u00e2ng cao tr\u1ea3i nghi\u1ec7m \u0111\u0103ng nh\u1eadp to\u00e0n di\u1ec7n.<\/span><\/p>\n<h2><span class=\"ez-toc-section\" id=\"Cach_toi_uu_hieu_qua_khi_dang_nhap_tai_nha_cai\"><\/span><b>C\u00e1ch t\u1ed1i \u01b0u hi\u1ec7u qu\u1ea3 khi \u0111\u0103ng nh\u1eadp t\u1ea1i nh\u00e0 c\u00e1i<\/b><span class=\"ez-toc-section-end\"><\/span><\/h2>\n<p><span style=\"font-weight: 400;\">\u0110\u1ec3 m\u1ed7i l\u1ea7n thao t\u00e1c tr\u1edf n\u00ean thu\u1eadn l\u1ee3i v\u00e0 an to\u00e0n, ng\u01b0\u1eddi ch\u01a1i c\u1ea7n ch\u1ee7 \u0111\u1ed9ng chu\u1ea9n b\u1ecb t\u1eeb tr\u01b0\u1edbc. Vi\u1ec7c ch\u00fa \u00fd \u0111\u1ebfn thi\u1ebft b\u1ecb, c\u00e1ch qu\u1ea3n l\u00fd th\u00f4ng tin v\u00e0 x\u1eed l\u00fd t\u00ecnh hu\u1ed1ng s\u1ebd gi\u00fap h\u1ea1n ch\u1ebf r\u1ee7i ro kh\u00f4ng \u0111\u00e1ng c\u00f3.<\/span><\/p>\n<figure id=\"attachment_90\" aria-describedby=\"caption-attachment-90\" style=\"width: 800px\" class=\"wp-caption aligncenter\"><img loading=\"lazy\" decoding=\"async\" alt=\"C\u00e1ch t\u1ed1i \u01b0u hi\u1ec7u qu\u1ea3 khi \u0111\u0103ng nh\u1eadp t\u1ea1i nh\u00e0 c\u00e1i\" class=\"size-full wp-image-90\" height=\"400\" src=\"https:\/\/jarvo.io\/wp-content\/uploads\/2025\/09\/dang-nhap-cach-toi-uu.webp\" width=\"800\" title=\"\" srcset=\"https:\/\/jarvo.io\/wp-content\/uploads\/2025\/09\/dang-nhap-cach-toi-uu.webp 800w, https:\/\/jarvo.io\/wp-content\/uploads\/2025\/09\/dang-nhap-cach-toi-uu-300x150.webp 300w, https:\/\/jarvo.io\/wp-content\/uploads\/2025\/09\/dang-nhap-cach-toi-uu-768x384.webp 768w\" sizes=\"auto, (max-width: 800px) 100vw, 800px\" \/><figcaption id=\"caption-attachment-90\" class=\"wp-caption-text\"><figcaption style=\"margin-top:8px;font-style:italic;color:#666;font-size:14px;\">C\u00e1ch t\u1ed1i \u01b0u hi\u1ec7u qu\u1ea3 khi \u0111\u0103ng nh\u1eadp t\u1ea1i nh\u00e0 c\u00e1i<\/figcaption><\/figure>\n<p> C\u00e1ch t\u1ed1i \u01b0u hi\u1ec7u qu\u1ea3 khi \u0111\u0103ng nh\u1eadp t\u1ea1i nh\u00e0 c\u00e1i<\/figcaption><\/figure>\n<h3><span class=\"ez-toc-section\" id=\"Chuan_bi_thiet_bi_va_ket_noi\"><\/span><b>Chu\u1ea9n b\u1ecb thi\u1ebft b\u1ecb v\u00e0 k\u1ebft n\u1ed1i<\/b><span class=\"ez-toc-section-end\"><\/span><\/h3>\n<p><span style=\"font-weight: 400;\">Tr\u01b0\u1edbc khi ti\u1ebfn h\u00e0nh <\/span><b>\u0111\u0103ng nh\u1eadp<\/b><span style=\"font-weight: 400;\"> t\u1ea1i nh\u00e0 c\u00e1i, h\u00e3y ch\u1eafc ch\u1eafn r\u1eb1ng thi\u1ebft b\u1ecb b\u1ea1n s\u1eed d\u1ee5ng \u0111\u1ee7 dung l\u01b0\u1ee3ng pin v\u00e0 ho\u1ea1t \u0111\u1ed9ng \u1ed5n \u0111\u1ecbnh. \u0110\u1ed3ng th\u1eddi, k\u1ebft n\u1ed1i Internet c\u1ea7n \u0111\u1ea3m b\u1ea3o t\u1ed1c \u0111\u1ed9 v\u00e0 s\u1ef1 b\u1ec1n v\u1eefng \u0111\u1ec3 tr\u00e1nh gi\u00e1n \u0111o\u1ea1n trong l\u00fac thao t\u00e1c. \u0110\u00e2y l\u00e0 b\u01b0\u1edbc kh\u1edfi \u0111\u1ea7u quan tr\u1ecdng gi\u00fap qu\u00e1 tr\u00ecnh di\u1ec5n ra tr\u01a1n tru.<\/span><\/p>\n<h3><span class=\"ez-toc-section\" id=\"Ghi_nho_thong_tin_hop_ly\"><\/span><b>Ghi nh\u1edb th\u00f4ng tin h\u1ee3p l\u00fd<\/b><span class=\"ez-toc-section-end\"><\/span><\/h3>\n<p><span style=\"font-weight: 400;\">C\u00e1ch l\u00e0m n\u00e0y tuy ti\u1ec7n l\u1ee3i nh\u01b0ng l\u1ea1i ti\u1ec1m \u1ea9n nguy c\u01a1 m\u1ea5t an to\u00e0n n\u1ebfu thi\u1ebft b\u1ecb r\u01a1i v\u00e0o tay ng\u01b0\u1eddi kh\u00e1c. Gi\u1ea3i ph\u00e1p t\u1ed1t h\u01a1n l\u00e0 ghi nh\u1edb ho\u1eb7c l\u01b0u tr\u1eef th\u00f4ng tin \u1edf n\u01a1i an to\u00e0n, v\u1eeba d\u1ec5 nh\u1edb v\u1eeba kh\u00f3 b\u1ecb \u0111o\u00e1n.<\/span><\/p>\n<h3><span class=\"ez-toc-section\" id=\"Xu_ly_su_co_nhanh_chong\"><\/span><b>X\u1eed l\u00fd s\u1ef1 c\u1ed1 nhanh ch\u00f3ng<\/b><span class=\"ez-toc-section-end\"><\/span><\/h3>\n<p><span style=\"font-weight: 400;\">Khi g\u1eb7p l\u1ed7i trong qu\u00e1 tr\u00ecnh th\u1ef1c hi\u1ec7n, ng\u01b0\u1eddi ch\u01a1i n\u00ean th\u1eed l\u00e0m m\u1edbi trang ho\u1eb7c chuy\u1ec3n sang m\u1ed9t tr\u00ecnh duy\u1ec7t kh\u00e1c. N\u1ebfu s\u1ef1 c\u1ed1 v\u1eabn ch\u01b0a \u0111\u01b0\u1ee3c gi\u1ea3i quy\u1ebft, h\u00e3y li\u00ean h\u1ec7 ngay v\u1edbi b\u1ed9 ph\u1eadn h\u1ed7 tr\u1ee3 \u0111\u1ec3 nh\u1eadn ch\u1ec9 d\u1eabn c\u1ee5 th\u1ec3. Ch\u00ednh s\u1ef1 ch\u1ee7 \u0111\u1ed9ng n\u00e0y gi\u00fap b\u1ea1n duy tr\u00ec k\u1ebf ho\u1ea1ch gi\u1ea3i tr\u00ed m\u00e0 kh\u00f4ng b\u1ecb gi\u00e1n \u0111o\u1ea1n.<\/span><br \/>\n<!-- pjsxgi-related-links --><\/p>\n<p style=\"text-align: justify;\"><strong>C\u00f3 th\u1ec3 b\u1ea1n quan t\u00e2m:<\/strong> <a href=\"https:\/\/jarvo.io\/dang-ky\/\">\u0111\u0103ng k\u00fd t\u00e0i kho\u1ea3n<\/a> \u2022 <a href=\"https:\/\/jarvo.io\/nap-tien\/\">n\u1ea1p ti\u1ec1n<\/a><\/p>\n<p><!-- pjsxgi-external-citation --><\/p>\n<p style=\"text-align: justify;font-size:13px;color:#666;border-left:3px solid #e5b343;padding-left:12px;margin:16px 0;\"><em>\ud83d\udcda Tham kh\u1ea3o: <a href=\"https:\/\/en.wikipedia.org\/wiki\/Two-factor_authentication\" rel=\"nofollow noopener\" target=\"_blank\">Two-factor authentication (Wikipedia)<\/a><\/em><\/p>\n<p><!-- pjsxgi-faq-schema --><\/p>\n<h2 style=\"text-align: justify\"><span class=\"ez-toc-section\" id=\"Cau_hoi_thuong_gap\"><\/span><b>C\u00e2u h\u1ecfi th\u01b0\u1eddng g\u1eb7p<\/b><span class=\"ez-toc-section-end\"><\/span><\/h2>\n<details style=\"margin:12px 0;padding:12px;border:1px solid #eee;border-radius:6px;\">\n<summary style=\"font-weight:600;cursor:pointer;\">Qu\u00ean m\u1eadt kh\u1ea9u 69VN ph\u1ea3i l\u00e0m sao?<\/summary>\n<p style=\"margin-top:8px;\">Nh\u1ea5n &#8220;Qu\u00ean m\u1eadt kh\u1ea9u&#8221; t\u1ea1i trang \u0111\u0103ng nh\u1eadp, nh\u1eadp s\u1ed1 \u0111i\u1ec7n tho\u1ea1i\/email \u0111\u00e3 \u0111\u0103ng k\u00fd \u0111\u1ec3 nh\u1eadn OTP v\u00e0 thi\u1ebft l\u1eadp m\u1eadt kh\u1ea9u m\u1edbi.<\/p>\n<\/details>\n<details style=\"margin:12px 0;padding:12px;border:1px solid #eee;border-radius:6px;\">\n<summary style=\"font-weight:600;cursor:pointer;\">T\u1ea1i sao kh\u00f4ng \u0111\u0103ng nh\u1eadp \u0111\u01b0\u1ee3c 69VN?<\/summary>\n<p style=\"margin-top:8px;\">C\u00f3 th\u1ec3 do sai m\u1eadt kh\u1ea9u, ch\u1eb7n IP, ho\u1eb7c t\u00e0i kho\u1ea3n b\u1ecb kh\u00f3a. Ki\u1ec3m tra l\u1ea1i th\u00f4ng tin ho\u1eb7c li\u00ean h\u1ec7 CSKH 24\/7 \u0111\u1ec3 \u0111\u01b0\u1ee3c h\u1ed7 tr\u1ee3.<\/p>\n<\/details>\n<details style=\"margin:12px 0;padding:12px;border:1px solid #eee;border-radius:6px;\">\n<summary style=\"font-weight:600;cursor:pointer;\">69VN c\u00f3 h\u1ed7 tr\u1ee3 x\u00e1c th\u1ef1c 2 l\u1edbp kh\u00f4ng?<\/summary>\n<p style=\"margin-top:8px;\">C\u00f3. 69VN h\u1ed7 tr\u1ee3 b\u1ea3o m\u1eadt 2FA qua Google Authenticator v\u00e0 SMS OTP \u0111\u1ec3 b\u1ea3o v\u1ec7 t\u00e0i kho\u1ea3n an to\u00e0n tuy\u1ec7t \u0111\u1ed1i.<\/p>\n<\/details>\n<p><script type=\"application\/ld+json\">{\"@context\": \"https:\/\/schema.org\", \"@type\": \"FAQPage\", \"mainEntity\": [{\"@type\": \"Question\", \"name\": \"Qu\u00ean m\u1eadt kh\u1ea9u 69VN ph\u1ea3i l\u00e0m sao?\", \"acceptedAnswer\": {\"@type\": \"Answer\", \"text\": \"Nh\u1ea5n \\\"Qu\u00ean m\u1eadt kh\u1ea9u\\\" t\u1ea1i trang \u0111\u0103ng nh\u1eadp, nh\u1eadp s\u1ed1 \u0111i\u1ec7n tho\u1ea1i\/email \u0111\u00e3 \u0111\u0103ng k\u00fd \u0111\u1ec3 nh\u1eadn OTP v\u00e0 thi\u1ebft l\u1eadp m\u1eadt kh\u1ea9u m\u1edbi.\"}}, {\"@type\": \"Question\", \"name\": \"T\u1ea1i sao kh\u00f4ng \u0111\u0103ng nh\u1eadp \u0111\u01b0\u1ee3c 69VN?\", \"acceptedAnswer\": {\"@type\": \"Answer\", \"text\": \"C\u00f3 th\u1ec3 do sai m\u1eadt kh\u1ea9u, ch\u1eb7n IP, ho\u1eb7c t\u00e0i kho\u1ea3n b\u1ecb kh\u00f3a. Ki\u1ec3m tra l\u1ea1i th\u00f4ng tin ho\u1eb7c li\u00ean h\u1ec7 CSKH 24\/7 \u0111\u1ec3 \u0111\u01b0\u1ee3c h\u1ed7 tr\u1ee3.\"}}, {\"@type\": \"Question\", \"name\": \"69VN c\u00f3 h\u1ed7 tr\u1ee3 x\u00e1c th\u1ef1c 2 l\u1edbp kh\u00f4ng?\", \"acceptedAnswer\": {\"@type\": \"Answer\", \"text\": \"C\u00f3. 69VN h\u1ed7 tr\u1ee3 b\u1ea3o m\u1eadt 2FA qua Google Authenticator v\u00e0 SMS OTP \u0111\u1ec3 b\u1ea3o v\u1ec7 t\u00e0i kho\u1ea3n an to\u00e0n tuy\u1ec7t \u0111\u1ed1i.\"}}]}<\/script><\/p>\n<h2><span class=\"ez-toc-section\" id=\"Duc_ket_cach_dang_nhap_an_toan_va_hieu_qua\"><\/span><b>\u0110\u00fac k\u1ebft c\u00e1ch \u0111\u0103ng nh\u1eadp an to\u00e0n v\u00e0 hi\u1ec7u qu\u1ea3<\/b><span class=\"ez-toc-section-end\"><\/span><\/h2>\n<p><span style=\"font-weight: 400;\">T\u1ea1i 69Vn, h\u00ecnh th\u1ee9c n\u00e0y kh\u00f4ng \u0111\u01a1n thu\u1ea7n l\u00e0 b\u01b0\u1edbc kh\u1edfi \u0111\u1ea7u, m\u00e0 c\u00f2n l\u00e0 ch\u00eca kh\u00f3a m\u1edf ra to\u00e0n b\u1ed9 tr\u1ea3i nghi\u1ec7m gi\u1ea3i tr\u00ed tr\u1ef1c tuy\u1ebfn. Khi n\u1eafm v\u1eefng quy tr\u00ecnh, ch\u00fa tr\u1ecdng b\u1ea3o m\u1eadt v\u00e0 t\u1eadn d\u1ee5ng c\u00f4ng ngh\u1ec7 m\u1edbi, ng\u01b0\u1eddi ch\u01a1i s\u1ebd lu\u00f4n c\u1ea3m th\u1ea5y y\u00ean t\u00e2m trong t\u1eebng phi\u00ean <\/span><a href=\"https:\/\/jarvo.io\/dang-nhap\/\"><b>\u0111\u0103ng nh\u1eadp<\/b><\/a><span style=\"font-weight: 400;\">. \u0110\u00e2y ch\u00ednh l\u00e0 n\u1ec1n t\u1ea3ng \u0111\u1ec3 t\u1eadn h\u01b0\u1edfng th\u1ebf gi\u1edbi c\u00e1 c\u01b0\u1ee3c m\u1ed9t c\u00e1ch tr\u1ecdn v\u1eb9n v\u00e0 b\u1ec1n v\u1eefng.<\/span><\/p>\n","protected":false},"excerpt":{"rendered":"<p>\u0110\u0103ng nh\u1eadp &#8211; B\u01b0\u1edbc \u0111\u1ea7u cho vi\u1ec7c m\u1edf ra c\u00e1nh c\u1ed5ng tr\u1ea3i nghi\u1ec7m \u0110\u0103ng nh\u1eadp t\u1ea1i nh\u00e0 c\u00e1i 69VN l\u00e0 thao t\u00e1c c\u01a1 b\u1ea3n nh\u01b0ng l\u1ea1i mang \u00fd ngh\u0129a quy\u1ebft \u0111\u1ecbnh trong h\u00e0nh tr\u00ecnh tham gia c\u00e1 c\u01b0\u1ee3c tr\u1ef1c tuy\u1ebfn. Ng\u01b0\u1eddi ch\u01a1i kh\u00f4ng ch\u1ec9 k\u1ebft n\u1ed1i v\u1edbi h\u1ec7 th\u1ed1ng m\u00e0 c\u00f2n m\u1edf ra c\u00e1nh c\u1eeda [&#8230;]\n","protected":false},"author":1,"featured_media":87,"parent":0,"menu_order":0,"comment_status":"closed","ping_status":"closed","template":"","meta":{"footnotes":""},"class_list":["post-86","page","type-page","status-publish","has-post-thumbnail","hentry"],"_links":{"self":[{"href":"https:\/\/jarvo.io\/vi-vn\/wp-json\/wp\/v2\/pages\/86","targetHints":{"allow":["GET"]}}],"collection":[{"href":"https:\/\/jarvo.io\/vi-vn\/wp-json\/wp\/v2\/pages"}],"about":[{"href":"https:\/\/jarvo.io\/vi-vn\/wp-json\/wp\/v2\/types\/page"}],"author":[{"embeddable":true,"href":"https:\/\/jarvo.io\/vi-vn\/wp-json\/wp\/v2\/users\/1"}],"replies":[{"embeddable":true,"href":"https:\/\/jarvo.io\/vi-vn\/wp-json\/wp\/v2\/comments?post=86"}],"version-history":[{"count":0,"href":"https:\/\/jarvo.io\/vi-vn\/wp-json\/wp\/v2\/pages\/86\/revisions"}],"wp:featuredmedia":[{"embeddable":true,"href":"https:\/\/jarvo.io\/vi-vn\/wp-json\/wp\/v2\/media\/87"}],"wp:attachment":[{"href":"https:\/\/jarvo.io\/vi-vn\/wp-json\/wp\/v2\/media?parent=86"}],"curies":[{"name":"wp","href":"https:\/\/api.w.org\/{rel}","templated":true}]}}