{"id":72,"date":"2025-09-06T14:32:41","date_gmt":"2025-09-06T07:32:41","guid":{"rendered":"https:\/\/jarvo.io\/?page_id=72"},"modified":"2026-04-14T16:17:58","modified_gmt":"2026-04-14T05:51:21","slug":"giay-phep-hoat-dong","status":"publish","type":"page","link":"https:\/\/jarvo.io\/vi-vn\/giay-phep-hoat-dong\/","title":{"rendered":"Gi\u1ea5y ph\u00e9p ho\u1ea1t \u0111\u1ed9ng"},"content":{"rendered":"<h1><span class=\"ez-toc-section\" id=\"Giay_phep_hoat_dong_%E2%80%93_Gia_tri_phap_ly_trong_ca_cuoc_so\"><\/span><b>Gi\u1ea5y ph\u00e9p ho\u1ea1t \u0111\u1ed9ng &#8211; Gi\u00e1 tr\u1ecb ph\u00e1p l\u00fd trong c\u00e1 c\u01b0\u1ee3c s\u1ed1<\/b><span class=\"ez-toc-section-end\"><\/span><\/h1>\n<p><b>Gi\u1ea5y ph\u00e9p ho\u1ea1t \u0111\u1ed9ng <\/b><span style=\"font-weight: 400;\">t\u1ea1i <a href=\"https:\/\/jarvo.io\/\">69 VN<\/a> kh\u00f4ng ch\u1ec9 l\u00e0 m\u1ed9t t\u1ea5m gi\u1ea5y ph\u00e9p h\u00e0nh ch\u00ednh th\u00f4ng th\u01b0\u1eddng m\u00e0 c\u00f2n l\u00e0 minh ch\u1ee9ng cho s\u1ef1 h\u1ee3p ph\u00e1p, uy t\u00edn v\u00e0 t\u00ednh minh b\u1ea1ch c\u1ee7a n\u1ec1n t\u1ea3ng c\u00e1 c\u01b0\u1ee3c. Vi\u1ec7c s\u1edf h\u1eefu lo\u1ea1i gi\u1ea5y ph\u00e9p n\u00e0y th\u1ec3 hi\u1ec7n cam k\u1ebft r\u00f5 r\u00e0ng t\u1eeb ph\u00eda doanh nghi\u1ec7p v\u1edbi ng\u01b0\u1eddi ch\u01a1i v\u00e0 c\u01a1 quan qu\u1ea3n l\u00fd.\u00a0 V\u00e0 nh\u00e0 c\u00e1i c\u00f3 gi\u1ea5y ph\u00e9p ch\u00ednh th\u1ed1ng s\u1ebd lu\u00f4n \u0111\u01b0\u1ee3c xem l\u00e0 l\u1ef1a ch\u1ecdn an to\u00e0n h\u00e0ng \u0111\u1ea7u.<\/span><\/p><div id=\"ez-toc-container\" class=\"ez-toc-v2_0_76 counter-hierarchy ez-toc-counter ez-toc-grey ez-toc-container-direction\">\n<div class=\"ez-toc-title-container\">\n<p class=\"ez-toc-title\" style=\"cursor:inherit\">Table of Contents<\/p>\n<span class=\"ez-toc-title-toggle\"><a href=\"#\" class=\"ez-toc-pull-right ez-toc-btn ez-toc-btn-xs ez-toc-btn-default ez-toc-toggle\" aria-label=\"Toggle Table of Content\"><span class=\"ez-toc-js-icon-con\"><span class=\"\"><span class=\"eztoc-hide\" style=\"display:none;\">Toggle<\/span><span class=\"ez-toc-icon-toggle-span\"><svg style=\"fill: #999;color:#999\" xmlns=\"http:\/\/www.w3.org\/2000\/svg\" class=\"list-377408\" width=\"20px\" height=\"20px\" viewBox=\"0 0 24 24\" fill=\"none\"><path d=\"M6 6H4v2h2V6zm14 0H8v2h12V6zM4 11h2v2H4v-2zm16 0H8v2h12v-2zM4 16h2v2H4v-2zm16 0H8v2h12v-2z\" fill=\"currentColor\"><\/path><\/svg><svg style=\"fill: #999;color:#999\" class=\"arrow-unsorted-368013\" xmlns=\"http:\/\/www.w3.org\/2000\/svg\" width=\"10px\" height=\"10px\" viewBox=\"0 0 24 24\" version=\"1.2\" baseProfile=\"tiny\"><path d=\"M18.2 9.3l-6.2-6.3-6.2 6.3c-.2.2-.3.4-.3.7s.1.5.3.7c.2.2.4.3.7.3h11c.3 0 .5-.1.7-.3.2-.2.3-.5.3-.7s-.1-.5-.3-.7zM5.8 14.7l6.2 6.3 6.2-6.3c.2-.2.3-.5.3-.7s-.1-.5-.3-.7c-.2-.2-.4-.3-.7-.3h-11c-.3 0-.5.1-.7.3-.2.2-.3.5-.3.7s.1.5.3.7z\"\/><\/svg><\/span><\/span><\/span><\/a><\/span><\/div>\n<nav><ul class='ez-toc-list ez-toc-list-level-1 eztoc-toggle-hide-by-default' ><li class='ez-toc-page-1 ez-toc-heading-level-1'><a class=\"ez-toc-link ez-toc-heading-1\" href=\"https:\/\/jarvo.io\/vi-vn\/giay-phep-hoat-dong\/#Giay_phep_hoat_dong_%E2%80%93_Gia_tri_phap_ly_trong_ca_cuoc_so\" >Gi\u1ea5y ph\u00e9p ho\u1ea1t \u0111\u1ed9ng &#8211; Gi\u00e1 tr\u1ecb ph\u00e1p l\u00fd trong c\u00e1 c\u01b0\u1ee3c s\u1ed1<\/a><ul class='ez-toc-list-level-2' ><li class='ez-toc-heading-level-2'><a class=\"ez-toc-link ez-toc-heading-2\" href=\"https:\/\/jarvo.io\/vi-vn\/giay-phep-hoat-dong\/#Vai_tro_va_tam_quan_trong_khi_so_huu_giay_phep_hoat_dong\" >Vai tr\u00f2 v\u00e0 t\u1ea7m quan tr\u1ecdng khi s\u1edf h\u1eefu gi\u1ea5y ph\u00e9p ho\u1ea1t \u0111\u1ed9ng<\/a><ul class='ez-toc-list-level-3' ><li class='ez-toc-heading-level-3'><a class=\"ez-toc-link ez-toc-heading-3\" href=\"https:\/\/jarvo.io\/vi-vn\/giay-phep-hoat-dong\/#Tao_dung_ve_niem_tin_doi_voi_moi_nguoi_choi\" >T\u1ea1o d\u1ef1ng v\u1ec1 ni\u1ec1m tin \u0111\u1ed1i v\u1edbi m\u1ecdi ng\u01b0\u1eddi ch\u01a1i<\/a><\/li><li class='ez-toc-page-1 ez-toc-heading-level-3'><a class=\"ez-toc-link ez-toc-heading-4\" href=\"https:\/\/jarvo.io\/vi-vn\/giay-phep-hoat-dong\/#Bao_ve_quyen_loi_phap_ly\" >B\u1ea3o v\u1ec7 quy\u1ec1n l\u1ee3i ph\u00e1p l\u00fd<\/a><\/li><li class='ez-toc-page-1 ez-toc-heading-level-3'><a class=\"ez-toc-link ez-toc-heading-5\" href=\"https:\/\/jarvo.io\/vi-vn\/giay-phep-hoat-dong\/#Nang_cao_vi_the_thuong_hieu\" >N\u00e2ng cao v\u1ecb th\u1ebf th\u01b0\u01a1ng hi\u1ec7u<\/a><\/li><\/ul><\/li><li class='ez-toc-page-1 ez-toc-heading-level-2'><a class=\"ez-toc-link ez-toc-heading-6\" href=\"https:\/\/jarvo.io\/vi-vn\/giay-phep-hoat-dong\/#Cac_tieu_chuan_can_dat_de_xin_giay_phep_hoat_dong\" >C\u00e1c ti\u00eau chu\u1ea9n c\u1ea7n \u0111\u1ea1t \u0111\u1ec3 xin gi\u1ea5y ph\u00e9p ho\u1ea1t \u0111\u1ed9ng<\/a><ul class='ez-toc-list-level-3' ><li class='ez-toc-heading-level-3'><a class=\"ez-toc-link ez-toc-heading-7\" href=\"https:\/\/jarvo.io\/vi-vn\/giay-phep-hoat-dong\/#Minh_bach_tai_chinh\" >Minh b\u1ea1ch t\u00e0i ch\u00ednh<\/a><\/li><li class='ez-toc-page-1 ez-toc-heading-level-3'><a class=\"ez-toc-link ez-toc-heading-8\" href=\"https:\/\/jarvo.io\/vi-vn\/giay-phep-hoat-dong\/#Cong_nghe_bao_mat_tien_tien\" >C\u00f4ng ngh\u1ec7 b\u1ea3o m\u1eadt ti\u00ean ti\u1ebfn<\/a><\/li><li class='ez-toc-page-1 ez-toc-heading-level-3'><a class=\"ez-toc-link ez-toc-heading-9\" href=\"https:\/\/jarvo.io\/vi-vn\/giay-phep-hoat-dong\/#Quan_ly_nhan_su_chuyen_nghiep\" >Qu\u1ea3n l\u00fd nh\u00e2n s\u1ef1 chuy\u00ean nghi\u1ec7p<\/a><\/li><li class='ez-toc-page-1 ez-toc-heading-level-3'><a class=\"ez-toc-link ez-toc-heading-10\" href=\"https:\/\/jarvo.io\/vi-vn\/giay-phep-hoat-dong\/#Trach_nhiem_xa_hoi\" >Tr\u00e1ch nhi\u1ec7m x\u00e3 h\u1ed9i<\/a><\/li><\/ul><\/li><li class='ez-toc-page-1 ez-toc-heading-level-2'><a class=\"ez-toc-link ez-toc-heading-11\" href=\"https:\/\/jarvo.io\/vi-vn\/giay-phep-hoat-dong\/#Loi_ich_tu_giay_phep_hoat_dong_cho_nha_cai_va_nguoi_choi\" >L\u1ee3i \u00edch t\u1eeb gi\u1ea5y ph\u00e9p ho\u1ea1t \u0111\u1ed9ng cho nh\u00e0 c\u00e1i v\u00e0 ng\u01b0\u1eddi ch\u01a1i<\/a><ul class='ez-toc-list-level-3' ><li class='ez-toc-heading-level-3'><a class=\"ez-toc-link ez-toc-heading-12\" href=\"https:\/\/jarvo.io\/vi-vn\/giay-phep-hoat-dong\/#Loi_ich_cho_nguoi_choi\" >L\u1ee3i \u00edch cho ng\u01b0\u1eddi ch\u01a1i<\/a><\/li><li class='ez-toc-page-1 ez-toc-heading-level-3'><a class=\"ez-toc-link ez-toc-heading-13\" href=\"https:\/\/jarvo.io\/vi-vn\/giay-phep-hoat-dong\/#Loi_ich_cho_nha_cai\" >L\u1ee3i \u00edch cho nh\u00e0 c\u00e1i<\/a><\/li><\/ul><\/li><li class='ez-toc-page-1 ez-toc-heading-level-2'><a class=\"ez-toc-link ez-toc-heading-14\" href=\"https:\/\/jarvo.io\/vi-vn\/giay-phep-hoat-dong\/#Chot_lai_y_nghia_cua_giay_phep_hoat_dong_hop_phap\" >Ch\u1ed1t l\u1ea1i \u00fd ngh\u0129a c\u1ee7a gi\u1ea5y ph\u00e9p ho\u1ea1t \u0111\u1ed9ng h\u1ee3p ph\u00e1p<\/a><\/li><\/ul><\/li><\/ul><\/nav><\/div>\n\n<h2><span class=\"ez-toc-section\" id=\"Vai_tro_va_tam_quan_trong_khi_so_huu_giay_phep_hoat_dong\"><\/span><b>Vai tr\u00f2 v\u00e0 t\u1ea7m quan tr\u1ecdng khi s\u1edf h\u1eefu gi\u1ea5y ph\u00e9p ho\u1ea1t \u0111\u1ed9ng<\/b><span class=\"ez-toc-section-end\"><\/span><\/h2>\n<p><span style=\"font-weight: 400;\">Khi n\u00f3i v\u1ec1 uy t\u00edn c\u1ee7a nh\u00e0 c\u00e1i, y\u1ebfu t\u1ed1 \u0111\u1ea7u ti\u00ean \u0111\u01b0\u1ee3c nh\u1eafc \u0111\u1ebfn ch\u00ednh l\u00e0 <\/span><b>gi\u1ea5y ph\u00e9p ho\u1ea1t \u0111\u1ed9ng <\/b><span style=\"font-weight: 400;\">nh\u00e0 c\u00e1i. \u0110\u00e2y l\u00e0 s\u1ef1 b\u1ea3o ch\u1ee9ng cho t\u00ednh minh b\u1ea1ch v\u00e0 h\u1ee3p ph\u00e1p, \u0111\u1ed3ng th\u1eddi l\u00e0 c\u00f4ng c\u1ee5 gi\u00fap nh\u00e0 c\u00e1i c\u1ea1nh tranh s\u00f2ng ph\u1eb3ng tr\u00ean th\u1ecb tr\u01b0\u1eddng. M\u1ed9t gi\u1ea5y ph\u00e9p ch\u00ednh th\u1ed1ng mang \u0111\u1ebfn s\u1ef1 b\u1ea3o v\u1ec7 k\u00e9p.<\/span><\/p>\n<figure id=\"attachment_73\" aria-describedby=\"caption-attachment-73\" style=\"width: 800px\" class=\"wp-caption aligncenter\"><img loading=\"lazy\" decoding=\"async\" alt=\"Vai tr\u00f2 v\u00e0 t\u1ea7m quan tr\u1ecdng khi s\u1edf h\u1eefu gi\u1ea5y ph\u00e9p ho\u1ea1t \u0111\u1ed9ng\" class=\"size-full wp-image-73\" height=\"400\" src=\"https:\/\/jarvo.io\/wp-content\/uploads\/2025\/09\/giay-phep-hoat-dong-vai-tro.webp\" width=\"800\" title=\"\" srcset=\"https:\/\/jarvo.io\/wp-content\/uploads\/2025\/09\/giay-phep-hoat-dong-vai-tro.webp 800w, https:\/\/jarvo.io\/wp-content\/uploads\/2025\/09\/giay-phep-hoat-dong-vai-tro-300x150.webp 300w, https:\/\/jarvo.io\/wp-content\/uploads\/2025\/09\/giay-phep-hoat-dong-vai-tro-768x384.webp 768w\" sizes=\"auto, (max-width: 800px) 100vw, 800px\" \/><figcaption id=\"caption-attachment-73\" class=\"wp-caption-text\"><figcaption style=\"margin-top:8px;font-style:italic;color:#666;font-size:14px;\">Vai tr\u00f2 v\u00e0 t\u1ea7m quan tr\u1ecdng khi s\u1edf h\u1eefu gi\u1ea5y ph\u00e9p ho\u1ea1t \u0111\u1ed9ng<\/figcaption><\/figure>\n<p> Vai tr\u00f2 v\u00e0 t\u1ea7m quan tr\u1ecdng khi s\u1edf h\u1eefu gi\u1ea5y ph\u00e9p ho\u1ea1t \u0111\u1ed9ng<\/figcaption><\/figure>\n<h3><span class=\"ez-toc-section\" id=\"Tao_dung_ve_niem_tin_doi_voi_moi_nguoi_choi\"><\/span><b>T\u1ea1o d\u1ef1ng v\u1ec1 ni\u1ec1m tin \u0111\u1ed1i v\u1edbi m\u1ecdi ng\u01b0\u1eddi ch\u01a1i<\/b><span class=\"ez-toc-section-end\"><\/span><\/h3>\n<p><span style=\"font-weight: 400;\">Ni\u1ec1m tin kh\u00f4ng th\u1ec3 h\u00ecnh th\u00e0nh ch\u1ec9 b\u1eb1ng qu\u1ea3ng c\u00e1o. Gi\u1ea5y ph\u00e9p cho th\u1ea5y nh\u00e0 c\u00e1i tu\u00e2n th\u1ee7 ph\u00e1p lu\u1eadt, minh b\u1ea1ch t\u00e0i ch\u00ednh v\u00e0 ch\u1ecbu s\u1ef1 gi\u00e1m s\u00e1t c\u1ee7a c\u01a1 quan qu\u1ea3n l\u00fd.<\/span><\/p>\n<h3><span class=\"ez-toc-section\" id=\"Bao_ve_quyen_loi_phap_ly\"><\/span><b>B\u1ea3o v\u1ec7 quy\u1ec1n l\u1ee3i ph\u00e1p l\u00fd<\/b><span class=\"ez-toc-section-end\"><\/span><\/h3>\n<p><span style=\"font-weight: 400;\">Khi x\u1ea3y ra tranh ch\u1ea5p, gi\u1ea5y ph\u00e9p gi\u00fap ng\u01b0\u1eddi ch\u01a1i c\u00f3 c\u01a1 s\u1edf ph\u00e1p l\u00fd \u0111\u1ec3 khi\u1ebfu n\u1ea1i. \u0110i\u1ec1u n\u00e0y kh\u00e1c bi\u1ec7t ho\u00e0n to\u00e0n v\u1edbi nh\u1eefng nh\u00e0 c\u00e1i ho\u1ea1t \u0111\u1ed9ng chui.<\/span><\/p>\n<h3><span class=\"ez-toc-section\" id=\"Nang_cao_vi_the_thuong_hieu\"><\/span><b>N\u00e2ng cao v\u1ecb th\u1ebf th\u01b0\u01a1ng hi\u1ec7u<\/b><span class=\"ez-toc-section-end\"><\/span><\/h3>\n<p><span style=\"font-weight: 400;\">S\u1edf h\u1eefu gi\u1ea5y ph\u00e9p h\u1ee3p ph\u00e1p \u0111\u1ed3ng ngh\u0129a v\u1edbi vi\u1ec7c doanh nghi\u1ec7p c\u00f3 th\u1ec3 m\u1edf r\u1ed9ng quan h\u1ec7 \u0111\u1ed1i t\u00e1c, ti\u1ebfp c\u1eadn nhi\u1ec1u th\u1ecb tr\u01b0\u1eddng h\u01a1n, t\u1eeb \u0111\u00f3 n\u00e2ng cao v\u1ecb th\u1ebf th\u01b0\u01a1ng hi\u1ec7u.<\/span><\/p>\n<h2><span class=\"ez-toc-section\" id=\"Cac_tieu_chuan_can_dat_de_xin_giay_phep_hoat_dong\"><\/span><b>C\u00e1c ti\u00eau chu\u1ea9n c\u1ea7n \u0111\u1ea1t \u0111\u1ec3 xin gi\u1ea5y ph\u00e9p ho\u1ea1t \u0111\u1ed9ng<\/b><span class=\"ez-toc-section-end\"><\/span><\/h2>\n<p><span style=\"font-weight: 400;\">\u0110\u1ec3 nh\u1eadn <\/span><b>gi\u1ea5y ph\u00e9p ho\u1ea1t \u0111\u1ed9ng<\/b><span style=\"font-weight: 400;\"> nh\u00e0 c\u00e1i, doanh nghi\u1ec7p ph\u1ea3i \u0111\u00e1p \u1ee9ng nhi\u1ec1u ti\u00eau ch\u00ed nghi\u00eam ng\u1eb7t. \u0110\u00e2y l\u00e0 b\u01b0\u1edbc s\u00e0ng l\u1ecdc nh\u1eb1m b\u1ea3o \u0111\u1ea3m ch\u1ec9 nh\u1eefng t\u1ed5 ch\u1ee9c uy t\u00edn m\u1edbi c\u00f3 th\u1ec3 ho\u1ea1t \u0111\u1ed9ng. C\u00e1c ti\u00eau chu\u1ea9n n\u00e0y t\u1eadp trung v\u00e0o ba y\u1ebfu t\u1ed1: t\u00e0i ch\u00ednh, c\u00f4ng ngh\u1ec7 v\u00e0 tr\u00e1ch nhi\u1ec7m x\u00e3 h\u1ed9i. M\u1ed7i y\u1ebfu t\u1ed1 l\u00e0 m\u1ed9t m\u1eaft x\u00edch quan tr\u1ecdng gi\u00fap nh\u00e0 c\u00e1i t\u1ed3n t\u1ea1i l\u00e2u d\u00e0i tr\u00ean th\u1ecb tr\u01b0\u1eddng.<\/span><\/p>\n<figure id=\"attachment_76\" aria-describedby=\"caption-attachment-76\" style=\"width: 800px\" class=\"wp-caption aligncenter\"><img loading=\"lazy\" decoding=\"async\" alt=\"C\u00e1c ti\u00eau chu\u1ea9n c\u1ea7n \u0111\u1ea1t \u0111\u1ec3 xin gi\u1ea5y ph\u00e9p ho\u1ea1t \u0111\u1ed9ng\" class=\"size-full wp-image-76\" height=\"400\" src=\"https:\/\/jarvo.io\/wp-content\/uploads\/2025\/09\/giay-phep-hoat-dong-cac-tieu-chuan.webp\" width=\"800\" title=\"\" srcset=\"https:\/\/jarvo.io\/wp-content\/uploads\/2025\/09\/giay-phep-hoat-dong-cac-tieu-chuan.webp 800w, https:\/\/jarvo.io\/wp-content\/uploads\/2025\/09\/giay-phep-hoat-dong-cac-tieu-chuan-300x150.webp 300w, https:\/\/jarvo.io\/wp-content\/uploads\/2025\/09\/giay-phep-hoat-dong-cac-tieu-chuan-768x384.webp 768w\" sizes=\"auto, (max-width: 800px) 100vw, 800px\" \/><figcaption id=\"caption-attachment-76\" class=\"wp-caption-text\"><figcaption style=\"margin-top:8px;font-style:italic;color:#666;font-size:14px;\">C\u00e1c ti\u00eau chu\u1ea9n c\u1ea7n \u0111\u1ea1t \u0111\u1ec3 xin gi\u1ea5y ph\u00e9p ho\u1ea1t \u0111\u1ed9ng<\/figcaption><\/figure>\n<p> C\u00e1c ti\u00eau chu\u1ea9n c\u1ea7n \u0111\u1ea1t \u0111\u1ec3 xin gi\u1ea5y ph\u00e9p ho\u1ea1t \u0111\u1ed9ng<\/figcaption><\/figure>\n<h3><span class=\"ez-toc-section\" id=\"Minh_bach_tai_chinh\"><\/span><b>Minh b\u1ea1ch t\u00e0i ch\u00ednh<\/b><span class=\"ez-toc-section-end\"><\/span><\/h3>\n<p><span style=\"font-weight: 400;\">M\u1ed9t nh\u00e0 c\u00e1i mu\u1ed1n \u0111\u01b0\u1ee3c c\u1ea5p ph\u00e9p c\u1ea7n ch\u1ee9ng minh ngu\u1ed3n v\u1ed1n h\u1ee3p ph\u00e1p, c\u00f3 b\u00e1o c\u00e1o t\u00e0i ch\u00ednh r\u00f5 r\u00e0ng v\u00e0 \u0111\u01b0\u1ee3c ki\u1ec3m to\u00e1n \u0111\u1ecbnh k\u1ef3. C\u00e1c c\u01a1 quan c\u1ea5p ph\u00e9p th\u01b0\u1eddng y\u00eau c\u1ea7u doanh nghi\u1ec7p cung c\u1ea5p b\u00e1o c\u00e1o chi ti\u1ebft v\u1ec1 d\u00f2ng ti\u1ec1n, tr\u00e1nh t\u00ecnh tr\u1ea1ng r\u1eeda ti\u1ec1n hay s\u1eed d\u1ee5ng ngu\u1ed3n v\u1ed1n m\u1edd \u00e1m. S\u1ef1 minh b\u1ea1ch t\u00e0i ch\u00ednh kh\u00f4ng ch\u1ec9 gi\u00fap nh\u00e0 c\u00e1i duy tr\u00ec uy t\u00edn m\u00e0 c\u00f2n b\u1ea3o v\u1ec7 ng\u01b0\u1eddi ch\u01a1i tr\u01b0\u1edbc r\u1ee7i ro m\u1ea5t tr\u1eafng khi n\u1ec1n t\u1ea3ng s\u1ee5p \u0111\u1ed5.<\/span><\/p>\n<h3><span class=\"ez-toc-section\" id=\"Cong_nghe_bao_mat_tien_tien\"><\/span><b>C\u00f4ng ngh\u1ec7 b\u1ea3o m\u1eadt ti\u00ean ti\u1ebfn<\/b><span class=\"ez-toc-section-end\"><\/span><\/h3>\n<p><span style=\"font-weight: 400;\">Y\u1ebfu t\u1ed1 c\u00f4ng ngh\u1ec7 l\u00e0 \u201cx\u01b0\u01a1ng s\u1ed1ng\u201d trong qu\u00e1 tr\u00ecnh xin <\/span><b>gi\u1ea5y ph\u00e9p ho\u1ea1t \u0111\u1ed9ng <\/b><span style=\"font-weight: 400;\">nh\u00e0 c\u00e1i. H\u1ec7 th\u1ed1ng b\u1ea3o m\u1eadt ph\u1ea3i \u0111\u1ea1t chu\u1ea9n qu\u1ed1c t\u1ebf, th\u01b0\u1eddng l\u00e0 ti\u00eau chu\u1ea9n SSL ho\u1eb7c cao h\u01a1n. C\u00e1c giao d\u1ecbch n\u1ea1p \u2013 r\u00fat ti\u1ec1n, c\u0169ng nh\u01b0 d\u1eef li\u1ec7u c\u00e1 nh\u00e2n c\u1ee7a ng\u01b0\u1eddi ch\u01a1i, \u0111\u1ec1u c\u1ea7n \u0111\u01b0\u1ee3c m\u00e3 h\u00f3a v\u00e0 l\u01b0u tr\u1eef tr\u00ean m\u00e1y ch\u1ee7 an to\u00e0n. Ngo\u00e0i ra, c\u01a1 quan qu\u1ea3n l\u00fd c\u00f2n ki\u1ec3m tra c\u01a1 ch\u1ebf ch\u1ed1ng gian l\u1eadn, kh\u1ea3 n\u0103ng gi\u00e1m s\u00e1t v\u00e0 ph\u00e1t hi\u1ec7n h\u00e0nh vi b\u1ea5t th\u01b0\u1eddng.<\/span><\/p>\n<h3><span class=\"ez-toc-section\" id=\"Quan_ly_nhan_su_chuyen_nghiep\"><\/span><b>Qu\u1ea3n l\u00fd nh\u00e2n s\u1ef1 chuy\u00ean nghi\u1ec7p<\/b><span class=\"ez-toc-section-end\"><\/span><\/h3>\n<p><span style=\"font-weight: 400;\">M\u1ed9t y\u1ebfu t\u1ed1 kh\u00e1c kh\u00f4ng th\u1ec3 thi\u1ebfu l\u00e0 \u0111\u1ed9i ng\u0169 nh\u00e2n s\u1ef1. Nh\u00e0 c\u00e1i ph\u1ea3i c\u00f3 b\u1ed9 ph\u1eadn qu\u1ea3n tr\u1ecb v\u1eadn h\u00e0nh 24\/7, \u0111\u1ea3m b\u1ea3o gi\u1ea3i quy\u1ebft k\u1ecbp th\u1eddi m\u1ecdi t\u00ecnh hu\u1ed1ng. Nh\u00e2n vi\u00ean c\u1ea7n \u0111\u01b0\u1ee3c \u0111\u00e0o t\u1ea1o v\u1ec1 ph\u00e1p l\u00fd, c\u00f4ng ngh\u1ec7 v\u00e0 d\u1ecbch v\u1ee5 kh\u00e1ch h\u00e0ng. Ngo\u00e0i ra, ban l\u00e3nh \u0111\u1ea1o c\u0169ng ph\u1ea3i ch\u1ee9ng minh l\u00fd l\u1ecbch minh b\u1ea1ch, kh\u00f4ng c\u00f3 ti\u1ec1n s\u1eed vi ph\u1ea1m ph\u00e1p lu\u1eadt. \u0110\u00e2y ch\u00ednh l\u00e0 l\u1edbp \u201cb\u1ed9 n\u00e3o\u201d duy tr\u00ec ho\u1ea1t \u0111\u1ed9ng \u1ed5n \u0111\u1ecbnh cho to\u00e0n h\u1ec7 th\u1ed1ng.<\/span><\/p>\n<h3><span class=\"ez-toc-section\" id=\"Trach_nhiem_xa_hoi\"><\/span><b>Tr\u00e1ch nhi\u1ec7m x\u00e3 h\u1ed9i<\/b><span class=\"ez-toc-section-end\"><\/span><\/h3>\n<p><span style=\"font-weight: 400;\">Cu\u1ed1i c\u00f9ng, m\u1ed9t ti\u00eau chu\u1ea9n ng\u00e0y c\u00e0ng \u0111\u01b0\u1ee3c nh\u1ea5n m\u1ea1nh l\u00e0 tr\u00e1ch nhi\u1ec7m x\u00e3 h\u1ed9i. Nh\u00e0 c\u00e1i kh\u00f4ng th\u1ec3 ch\u1ec9 t\u1eadp trung v\u00e0o l\u1ee3i nhu\u1eadn m\u00e0 c\u00f2n ph\u1ea3i b\u1ea3o v\u1ec7 c\u1ed9ng \u0111\u1ed3ng. \u0110i\u1ec1u n\u00e0y bao g\u1ed3m vi\u1ec7c cung c\u1ea5p c\u00f4ng c\u1ee5 gi\u1edbi h\u1ea1n n\u1ea1p ti\u1ec1n, nh\u1eafc nh\u1edf th\u1eddi gian ch\u01a1i v\u00e0 h\u1ed7 tr\u1ee3 ng\u01b0\u1eddi ch\u01a1i c\u00f3 d\u1ea5u hi\u1ec7u nghi\u1ec7n. Ch\u00ednh s\u00e1ch tr\u00e1ch nhi\u1ec7m x\u00e3 h\u1ed9i gi\u00fap c\u00e1 c\u01b0\u1ee3c tr\u1edf th\u00e0nh h\u00ecnh th\u1ee9c gi\u1ea3i tr\u00ed l\u00e0nh m\u1ea1nh thay v\u00ec r\u1ee7i ro ti\u1ec1m \u1ea9n.<\/span><\/p>\n<h2><span class=\"ez-toc-section\" id=\"Loi_ich_tu_giay_phep_hoat_dong_cho_nha_cai_va_nguoi_choi\"><\/span><b>L\u1ee3i \u00edch t\u1eeb gi\u1ea5y ph\u00e9p ho\u1ea1t \u0111\u1ed9ng cho nh\u00e0 c\u00e1i v\u00e0 ng\u01b0\u1eddi ch\u01a1i<\/b><span class=\"ez-toc-section-end\"><\/span><\/h2>\n<p><span style=\"font-weight: 400;\">Khi m\u1ed9t n\u1ec1n t\u1ea3ng c\u00f3 trong tay <\/span><b>gi\u1ea5y ph\u00e9p ho\u1ea1t \u0111\u1ed9ng <\/b><span style=\"font-weight: 400;\">nh\u00e0 c\u00e1i, l\u1ee3i \u00edch kh\u00f4ng ch\u1ec9 thu\u1ed9c v\u1ec1 doanh nghi\u1ec7p m\u00e0 c\u00f2n lan t\u1ecfa \u0111\u1ebfn c\u1ed9ng \u0111\u1ed3ng ng\u01b0\u1eddi ch\u01a1i. Ng\u01b0\u1eddi ch\u01a1i \u0111\u01b0\u1ee3c tham gia m\u00f4i tr\u01b0\u1eddng c\u00f4ng b\u1eb1ng, c\u00f2n nh\u00e0 c\u00e1i th\u00ec n\u00e2ng cao uy t\u00edn, d\u1ec5 d\u00e0ng ph\u00e1t tri\u1ec3n l\u00e2u d\u00e0i. L\u1ee3i \u00edch n\u00e0y \u0111\u01b0\u1ee3c xem nh\u01b0 \u201c\u0111\u00f2n b\u1ea9y\u201d cho c\u1ea3 hai ph\u00eda.<\/span><\/p>\n<figure id=\"attachment_75\" aria-describedby=\"caption-attachment-75\" style=\"width: 800px\" class=\"wp-caption aligncenter\"><img loading=\"lazy\" decoding=\"async\" alt=\"L\u1ee3i \u00edch t\u1eeb gi\u1ea5y ph\u00e9p ho\u1ea1t \u0111\u1ed9ng cho nh\u00e0 c\u00e1i v\u00e0 ng\u01b0\u1eddi ch\u01a1i\" class=\"size-full wp-image-75\" height=\"400\" src=\"https:\/\/jarvo.io\/wp-content\/uploads\/2025\/09\/giay-phep-hoat-dong-loi-ich.webp\" width=\"800\" title=\"\" srcset=\"https:\/\/jarvo.io\/wp-content\/uploads\/2025\/09\/giay-phep-hoat-dong-loi-ich.webp 800w, https:\/\/jarvo.io\/wp-content\/uploads\/2025\/09\/giay-phep-hoat-dong-loi-ich-300x150.webp 300w, https:\/\/jarvo.io\/wp-content\/uploads\/2025\/09\/giay-phep-hoat-dong-loi-ich-768x384.webp 768w\" sizes=\"auto, (max-width: 800px) 100vw, 800px\" \/><figcaption id=\"caption-attachment-75\" class=\"wp-caption-text\"><figcaption style=\"margin-top:8px;font-style:italic;color:#666;font-size:14px;\">L\u1ee3i \u00edch t\u1eeb gi\u1ea5y ph\u00e9p ho\u1ea1t \u0111\u1ed9ng cho nh\u00e0 c\u00e1i v\u00e0 ng\u01b0\u1eddi ch\u01a1i<\/figcaption><\/figure>\n<p> L\u1ee3i \u00edch t\u1eeb gi\u1ea5y ph\u00e9p ho\u1ea1t \u0111\u1ed9ng cho nh\u00e0 c\u00e1i v\u00e0 ng\u01b0\u1eddi ch\u01a1i<\/figcaption><\/figure>\n<h3><span class=\"ez-toc-section\" id=\"Loi_ich_cho_nguoi_choi\"><\/span><b>L\u1ee3i \u00edch cho ng\u01b0\u1eddi ch\u01a1i<\/b><span class=\"ez-toc-section-end\"><\/span><\/h3>\n<ul>\n<li aria-level=\"1\" style=\"font-weight: 400;\"><span style=\"font-weight: 400;\">Y\u00ean t\u00e2m v\u1ec1 vi\u1ec7c th\u1ef1c hi\u1ec7n giao d\u1ecbch n\u1ea1p r\u00fat ti\u1ec1n, tr\u00e1nh r\u1ee7i ro gian l\u1eadn.<\/span><\/li>\n<li aria-level=\"1\" style=\"font-weight: 400;\"><span style=\"font-weight: 400;\">\u0110\u01b0\u1ee3c b\u1ea3o v\u1ec7 an to\u00e0n b\u1edfi c\u01a1 ch\u1ebf ph\u00e1p l\u00fd minh b\u1ea1ch.<\/span><\/li>\n<li aria-level=\"1\" style=\"font-weight: 400;\"><span style=\"font-weight: 400;\">T\u1eadn h\u01b0\u1edfng tr\u00f2 ch\u01a1i c\u00f4ng b\u1eb1ng, c\u00f3 ki\u1ec3m to\u00e1n.<\/span><\/li>\n<\/ul>\n<h3><span class=\"ez-toc-section\" id=\"Loi_ich_cho_nha_cai\"><\/span><b>L\u1ee3i \u00edch cho nh\u00e0 c\u00e1i<\/b><span class=\"ez-toc-section-end\"><\/span><\/h3>\n<ul>\n<li aria-level=\"1\" style=\"font-weight: 400;\"><span style=\"font-weight: 400;\">D\u1ec5 d\u00e0ng h\u1ee3p t\u00e1c v\u1edbi nhi\u1ec1u \u0111\u1ed1i t\u00e1c qu\u1ed1c t\u1ebf.<\/span><\/li>\n<li aria-level=\"1\" style=\"font-weight: 400;\"><span style=\"font-weight: 400;\">T\u0103ng kh\u1ea3 n\u0103ng v\u1edbi k\u1ebf ho\u1ea1ch m\u1edf r\u1ed9ng th\u1ecb tr\u01b0\u1eddng to\u00e0n c\u1ea7u.<\/span><\/li>\n<li aria-level=\"1\" style=\"font-weight: 400;\"><span style=\"font-weight: 400;\">X\u00e2y d\u1ef1ng l\u1edbn m\u1ea1nh v\u1ec1 th\u01b0\u01a1ng hi\u1ec7u uy t\u00edn, l\u00e2u d\u00e0i.<\/span><\/li>\n<\/ul>\n<p><span style=\"font-weight: 400;\">M\u1ed9t ph\u1ea7n quan tr\u1ecdng trong <\/span><b>gi\u1ea5y ph\u00e9p ho\u1ea1t \u0111\u1ed9ng <\/b><span style=\"font-weight: 400;\">nh\u00e0 c\u00e1i l\u00e0 \u0111i\u1ec1u kho\u1ea3n v\u1ec1 tr\u00e1ch nhi\u1ec7m x\u00e3 h\u1ed9i. Nh\u00e0 c\u00e1i kh\u00f4ng th\u1ec3 ch\u1ec9 t\u1eadp trung v\u00e0o l\u1ee3i nhu\u1eadn m\u00e0 b\u1ecf qua c\u1ed9ng \u0111\u1ed3ng.<\/span><br \/>\n<!-- pjsxgi-related-links --><\/p>\n<p style=\"text-align: justify;\"><strong>C\u00f3 th\u1ec3 b\u1ea1n quan t\u00e2m:<\/strong> <a href=\"https:\/\/jarvo.io\/chinh-sach-bao-mat\/\">ch\u00ednh s\u00e1ch b\u1ea3o m\u1eadt<\/a> \u2022 <a href=\"https:\/\/jarvo.io\/choi-co-trach-nhiem\/\">ch\u01a1i c\u00f3 tr\u00e1ch nhi\u1ec7m<\/a><\/p>\n<p><!-- pjsxgi-external-citation --><\/p>\n<p style=\"text-align: justify;font-size:13px;color:#666;border-left:3px solid #e5b343;padding-left:12px;margin:16px 0;\"><em>\ud83d\udcda Tham kh\u1ea3o: <a href=\"https:\/\/www.mga.org.mt\/\" rel=\"nofollow noopener\" target=\"_blank\">Malta Gaming Authority<\/a><\/em><\/p>\n<h2><span class=\"ez-toc-section\" id=\"Chot_lai_y_nghia_cua_giay_phep_hoat_dong_hop_phap\"><\/span><b>Ch\u1ed1t l\u1ea1i \u00fd ngh\u0129a c\u1ee7a gi\u1ea5y ph\u00e9p ho\u1ea1t \u0111\u1ed9ng h\u1ee3p ph\u00e1p<\/b><span class=\"ez-toc-section-end\"><\/span><\/h2>\n<p><a href=\"https:\/\/jarvo.io\/giay-phep-hoat-dong\/\"><b>Gi\u1ea5y ph\u00e9p ho\u1ea1t \u0111\u1ed9ng<\/b><\/a><span style=\"font-weight: 400;\"> nh\u00e0 c\u00e1i 69VN kh\u00f4ng ch\u1ec9 \u0111\u01a1n thu\u1ea7n l\u00e0 th\u1ee7 t\u1ee5c ph\u00e1p l\u00fd m\u00e0 c\u00f2n l\u00e0 n\u1ec1n t\u1ea3ng t\u1ea1o d\u1ef1ng ni\u1ec1m tin, uy t\u00edn v\u00e0 t\u00ednh minh b\u1ea1ch cho to\u00e0n b\u1ed9 ng\u00e0nh c\u00e1 c\u01b0\u1ee3c. V\u1edbi ng\u01b0\u1eddi ch\u01a1i, gi\u1ea5y ph\u00e9p ch\u00ednh l\u00e0 chi\u1ebfc ch\u00eca kh\u00f3a m\u1edf ra c\u00e1nh c\u1eeda an to\u00e0n. V\u1edbi nh\u00e0 c\u00e1i, gi\u1ea5y ph\u00e9p l\u00e0 c\u00f4ng c\u1ee5 \u0111\u1ec3 kh\u1eb3ng \u0111\u1ecbnh th\u01b0\u01a1ng hi\u1ec7u v\u00e0 v\u01b0\u01a1n ra th\u1ecb tr\u01b0\u1eddng qu\u1ed1c t\u1ebf.<\/span><\/p>\n","protected":false},"excerpt":{"rendered":"<p>Gi\u1ea5y ph\u00e9p ho\u1ea1t \u0111\u1ed9ng &#8211; Gi\u00e1 tr\u1ecb ph\u00e1p l\u00fd trong c\u00e1 c\u01b0\u1ee3c s\u1ed1 Gi\u1ea5y ph\u00e9p ho\u1ea1t \u0111\u1ed9ng t\u1ea1i 69 VN kh\u00f4ng ch\u1ec9 l\u00e0 m\u1ed9t t\u1ea5m gi\u1ea5y ph\u00e9p h\u00e0nh ch\u00ednh th\u00f4ng th\u01b0\u1eddng m\u00e0 c\u00f2n l\u00e0 minh ch\u1ee9ng cho s\u1ef1 h\u1ee3p ph\u00e1p, uy t\u00edn v\u00e0 t\u00ednh minh b\u1ea1ch c\u1ee7a n\u1ec1n t\u1ea3ng c\u00e1 c\u01b0\u1ee3c. Vi\u1ec7c s\u1edf h\u1eefu lo\u1ea1i [&#8230;]\n","protected":false},"author":1,"featured_media":74,"parent":0,"menu_order":0,"comment_status":"closed","ping_status":"closed","template":"","meta":{"footnotes":""},"class_list":["post-72","page","type-page","status-publish","has-post-thumbnail","hentry"],"_links":{"self":[{"href":"https:\/\/jarvo.io\/vi-vn\/wp-json\/wp\/v2\/pages\/72","targetHints":{"allow":["GET"]}}],"collection":[{"href":"https:\/\/jarvo.io\/vi-vn\/wp-json\/wp\/v2\/pages"}],"about":[{"href":"https:\/\/jarvo.io\/vi-vn\/wp-json\/wp\/v2\/types\/page"}],"author":[{"embeddable":true,"href":"https:\/\/jarvo.io\/vi-vn\/wp-json\/wp\/v2\/users\/1"}],"replies":[{"embeddable":true,"href":"https:\/\/jarvo.io\/vi-vn\/wp-json\/wp\/v2\/comments?post=72"}],"version-history":[{"count":0,"href":"https:\/\/jarvo.io\/vi-vn\/wp-json\/wp\/v2\/pages\/72\/revisions"}],"wp:featuredmedia":[{"embeddable":true,"href":"https:\/\/jarvo.io\/vi-vn\/wp-json\/wp\/v2\/media\/74"}],"wp:attachment":[{"href":"https:\/\/jarvo.io\/vi-vn\/wp-json\/wp\/v2\/media?parent=72"}],"curies":[{"name":"wp","href":"https:\/\/api.w.org\/{rel}","templated":true}]}}