{"id":58,"date":"2025-09-06T14:27:11","date_gmt":"2025-09-06T07:27:11","guid":{"rendered":"https:\/\/jarvo.io\/?page_id=58"},"modified":"2026-04-14T16:17:58","modified_gmt":"2026-04-14T05:51:21","slug":"quyen-rieng-tu","status":"publish","type":"page","link":"https:\/\/jarvo.io\/vi-vn\/quyen-rieng-tu\/","title":{"rendered":"Quy\u1ec1n ri\u00eang t\u01b0"},"content":{"rendered":"<h1><span class=\"ez-toc-section\" id=\"Quyen_rieng_tu_Su_an_toan_ma_nguoi_choi_se_dat_len_hang_dau\"><\/span><b>Quy\u1ec1n ri\u00eang t\u01b0: S\u1ef1 an to\u00e0n m\u00e0 ng\u01b0\u1eddi ch\u01a1i s\u1ebd \u0111\u1eb7t l\u00ean h\u00e0ng \u0111\u1ea7u<\/b><span class=\"ez-toc-section-end\"><\/span><\/h1>\n<p><b>Quy\u1ec1n ri\u00eang t\u01b0 <\/b><span style=\"font-weight: 400;\">t\u1ea1i <a href=\"https:\/\/jarvo.io\/\">nh\u00e0 c\u00e1i 69VN<\/a> l\u00e0 m\u1ed9t ch\u1ee7 \u0111\u1ec1 ng\u00e0y c\u00e0ng \u0111\u01b0\u1ee3c quan t\u00e2m khi c\u1ed9ng \u0111\u1ed3ng ng\u01b0\u1eddi ch\u01a1i tr\u1ef1c tuy\u1ebfn kh\u00f4ng ch\u1ec9 t\u00ecm ki\u1ebfm ni\u1ec1m vui m\u00e0 c\u00f2n mong mu\u1ed1n s\u1ef1 an to\u00e0n tuy\u1ec7t \u0111\u1ed1i. Vi\u1ec7c b\u1ea3o m\u1eadt d\u1eef li\u1ec7u c\u00e1 nh\u00e2n, giao d\u1ecbch v\u00e0 danh t\u00ednh kh\u00f4ng ch\u1ec9 b\u1ea3o v\u1ec7 quy\u1ec1n l\u1ee3i c\u1ee7a ng\u01b0\u1eddi ch\u01a1i m\u00e0 c\u00f2n t\u1ea1o d\u1ef1ng uy t\u00edn cho n\u1ec1n t\u1ea3ng. B\u00e0i vi\u1ebft n\u00e0y s\u1ebd ph\u00e2n t\u00edch chi ti\u1ebft v\u1ec1 c\u00e1c y\u1ebfu t\u1ed1 li\u00ean quan, mang \u0111\u1ebfn cho b\u1ea1n m\u1ed9t g\u00f3c nh\u00ecn m\u1edbi m\u1ebb, kh\u00e1ch quan v\u00e0 \u0111\u1ea7y \u0111\u1ee7.<\/span><\/p><div id=\"ez-toc-container\" class=\"ez-toc-v2_0_76 counter-hierarchy ez-toc-counter ez-toc-grey ez-toc-container-direction\">\n<div class=\"ez-toc-title-container\">\n<p class=\"ez-toc-title\" style=\"cursor:inherit\">Table of Contents<\/p>\n<span class=\"ez-toc-title-toggle\"><a href=\"#\" class=\"ez-toc-pull-right ez-toc-btn ez-toc-btn-xs ez-toc-btn-default ez-toc-toggle\" aria-label=\"Toggle Table of Content\"><span class=\"ez-toc-js-icon-con\"><span class=\"\"><span class=\"eztoc-hide\" style=\"display:none;\">Toggle<\/span><span class=\"ez-toc-icon-toggle-span\"><svg style=\"fill: #999;color:#999\" xmlns=\"http:\/\/www.w3.org\/2000\/svg\" class=\"list-377408\" width=\"20px\" height=\"20px\" viewBox=\"0 0 24 24\" fill=\"none\"><path d=\"M6 6H4v2h2V6zm14 0H8v2h12V6zM4 11h2v2H4v-2zm16 0H8v2h12v-2zM4 16h2v2H4v-2zm16 0H8v2h12v-2z\" fill=\"currentColor\"><\/path><\/svg><svg style=\"fill: #999;color:#999\" class=\"arrow-unsorted-368013\" xmlns=\"http:\/\/www.w3.org\/2000\/svg\" width=\"10px\" height=\"10px\" viewBox=\"0 0 24 24\" version=\"1.2\" baseProfile=\"tiny\"><path d=\"M18.2 9.3l-6.2-6.3-6.2 6.3c-.2.2-.3.4-.3.7s.1.5.3.7c.2.2.4.3.7.3h11c.3 0 .5-.1.7-.3.2-.2.3-.5.3-.7s-.1-.5-.3-.7zM5.8 14.7l6.2 6.3 6.2-6.3c.2-.2.3-.5.3-.7s-.1-.5-.3-.7c-.2-.2-.4-.3-.7-.3h-11c-.3 0-.5.1-.7.3-.2.2-.3.5-.3.7s.1.5.3.7z\"\/><\/svg><\/span><\/span><\/span><\/a><\/span><\/div>\n<nav><ul class='ez-toc-list ez-toc-list-level-1 eztoc-toggle-hide-by-default' ><li class='ez-toc-page-1 ez-toc-heading-level-1'><a class=\"ez-toc-link ez-toc-heading-1\" href=\"https:\/\/jarvo.io\/vi-vn\/quyen-rieng-tu\/#Quyen_rieng_tu_Su_an_toan_ma_nguoi_choi_se_dat_len_hang_dau\" >Quy\u1ec1n ri\u00eang t\u01b0: S\u1ef1 an to\u00e0n m\u00e0 ng\u01b0\u1eddi ch\u01a1i s\u1ebd \u0111\u1eb7t l\u00ean h\u00e0ng \u0111\u1ea7u<\/a><ul class='ez-toc-list-level-2' ><li class='ez-toc-heading-level-2'><a class=\"ez-toc-link ez-toc-heading-2\" href=\"https:\/\/jarvo.io\/vi-vn\/quyen-rieng-tu\/#Tam_quan_trong_den_tu_quyen_rieng_tu_tai_nha_cai\" >T\u1ea7m quan tr\u1ecdng \u0111\u1ebfn t\u1eeb quy\u1ec1n ri\u00eang t\u01b0 t\u1ea1i nh\u00e0 c\u00e1i<\/a><\/li><li class='ez-toc-page-1 ez-toc-heading-level-2'><a class=\"ez-toc-link ez-toc-heading-3\" href=\"https:\/\/jarvo.io\/vi-vn\/quyen-rieng-tu\/#Cac_yeu_to_cot_loi_trong_quyen_rieng_tu_tai_nha_cai\" >C\u00e1c y\u1ebfu t\u1ed1 c\u1ed1t l\u00f5i trong quy\u1ec1n ri\u00eang t\u01b0 t\u1ea1i nh\u00e0 c\u00e1i<\/a><ul class='ez-toc-list-level-3' ><li class='ez-toc-heading-level-3'><a class=\"ez-toc-link ez-toc-heading-4\" href=\"https:\/\/jarvo.io\/vi-vn\/quyen-rieng-tu\/#Chinh_sach_minh_bach\" >Ch\u00ednh s\u00e1ch minh b\u1ea1ch<\/a><\/li><li class='ez-toc-page-1 ez-toc-heading-level-3'><a class=\"ez-toc-link ez-toc-heading-5\" href=\"https:\/\/jarvo.io\/vi-vn\/quyen-rieng-tu\/#Cong_nghe_ma_hoa_hien_dai\" >C\u00f4ng ngh\u1ec7 m\u00e3 h\u00f3a hi\u1ec7n \u0111\u1ea1i<\/a><\/li><li class='ez-toc-page-1 ez-toc-heading-level-3'><a class=\"ez-toc-link ez-toc-heading-6\" href=\"https:\/\/jarvo.io\/vi-vn\/quyen-rieng-tu\/#Cam_ket_khong_chia_se_du_lieu\" >Cam k\u1ebft kh\u00f4ng chia s\u1ebb d\u1eef li\u1ec7u<\/a><\/li><\/ul><\/li><li class='ez-toc-page-1 ez-toc-heading-level-2'><a class=\"ez-toc-link ez-toc-heading-7\" href=\"https:\/\/jarvo.io\/vi-vn\/quyen-rieng-tu\/#Nhung_thach_thuc_trong_viec_duy_tri_quyen_rieng_tu_tai_nha_cai\" >Nh\u1eefng th\u00e1ch th\u1ee9c trong vi\u1ec7c duy tr\u00ec quy\u1ec1n ri\u00eang t\u01b0 t\u1ea1i nh\u00e0 c\u00e1i<\/a><ul class='ez-toc-list-level-3' ><li class='ez-toc-heading-level-3'><a class=\"ez-toc-link ez-toc-heading-8\" href=\"https:\/\/jarvo.io\/vi-vn\/quyen-rieng-tu\/#Tan_cong_mang_tu_ke_xau_ngay_cang_day_tinh_vi\" >T\u1ea5n c\u00f4ng m\u1ea1ng t\u1eeb k\u1ebb x\u1ea5u ng\u00e0y c\u00e0ng \u0111\u1ea7y tinh vi<\/a><\/li><li class='ez-toc-page-1 ez-toc-heading-level-3'><a class=\"ez-toc-link ez-toc-heading-9\" href=\"https:\/\/jarvo.io\/vi-vn\/quyen-rieng-tu\/#Thieu_minh_bach_tu_mot_so_nen_tang\" >Thi\u1ebfu minh b\u1ea1ch t\u1eeb m\u1ed9t s\u1ed1 n\u1ec1n t\u1ea3ng<\/a><\/li><li class='ez-toc-page-1 ez-toc-heading-level-3'><a class=\"ez-toc-link ez-toc-heading-10\" href=\"https:\/\/jarvo.io\/vi-vn\/quyen-rieng-tu\/#Su_chu_quan_cua_nguoi_choi\" >S\u1ef1 ch\u1ee7 quan c\u1ee7a ng\u01b0\u1eddi ch\u01a1i<\/a><\/li><\/ul><\/li><li class='ez-toc-page-1 ez-toc-heading-level-2'><a class=\"ez-toc-link ez-toc-heading-11\" href=\"https:\/\/jarvo.io\/vi-vn\/quyen-rieng-tu\/#Cach_nguoi_choi_bao_ve_quyen_rieng_tu_tai_nha_cai\" >C\u00e1ch ng\u01b0\u1eddi ch\u01a1i b\u1ea3o v\u1ec7 quy\u1ec1n ri\u00eang t\u01b0 t\u1ea1i nh\u00e0 c\u00e1i<\/a><ul class='ez-toc-list-level-3' ><li class='ez-toc-heading-level-3'><a class=\"ez-toc-link ez-toc-heading-12\" href=\"https:\/\/jarvo.io\/vi-vn\/quyen-rieng-tu\/#Chon_nen_tang_uy_tin\" >Ch\u1ecdn n\u1ec1n t\u1ea3ng uy t\u00edn<\/a><\/li><li class='ez-toc-page-1 ez-toc-heading-level-3'><a class=\"ez-toc-link ez-toc-heading-13\" href=\"https:\/\/jarvo.io\/vi-vn\/quyen-rieng-tu\/#Bao_mat_thong_tin_ca_nhan\" >B\u1ea3o m\u1eadt th\u00f4ng tin c\u00e1 nh\u00e2n<\/a><\/li><li class='ez-toc-page-1 ez-toc-heading-level-3'><a class=\"ez-toc-link ez-toc-heading-14\" href=\"https:\/\/jarvo.io\/vi-vn\/quyen-rieng-tu\/#Theo_doi_lich_su_giao_dich\" >Theo d\u00f5i l\u1ecbch s\u1eed giao d\u1ecbch<\/a><\/li><\/ul><\/li><li class='ez-toc-page-1 ez-toc-heading-level-2'><a class=\"ez-toc-link ez-toc-heading-15\" href=\"https:\/\/jarvo.io\/vi-vn\/quyen-rieng-tu\/#Duc_ket_cam_ket_bao_ve_quyen_rieng_tu_nguoi_choi\" >\u0110\u00fac k\u1ebft cam k\u1ebft b\u1ea3o v\u1ec7 quy\u1ec1n ri\u00eang t\u01b0 ng\u01b0\u1eddi ch\u01a1i<\/a><\/li><\/ul><\/li><\/ul><\/nav><\/div>\n\n<h2><span class=\"ez-toc-section\" id=\"Tam_quan_trong_den_tu_quyen_rieng_tu_tai_nha_cai\"><\/span><b>T\u1ea7m quan tr\u1ecdng \u0111\u1ebfn t\u1eeb quy\u1ec1n ri\u00eang t\u01b0 t\u1ea1i nh\u00e0 c\u00e1i<\/b><span class=\"ez-toc-section-end\"><\/span><\/h2>\n<p><span style=\"font-weight: 400;\">Ng\u01b0\u1eddi ch\u01a1i khi tham gia b\u1ea5t k\u1ef3 n\u1ec1n t\u1ea3ng c\u00e1 c\u01b0\u1ee3c tr\u1ef1c tuy\u1ebfn n\u00e0o \u0111\u1ec1u c\u00f3 m\u1ed9t m\u1ed1i lo chung: li\u1ec7u th\u00f4ng tin c\u00e1 nh\u00e2n c\u1ee7a m\u00ecnh c\u00f3 th\u1ef1c s\u1ef1 \u0111\u01b0\u1ee3c b\u1ea3o v\u1ec7 hay kh\u00f4ng. <\/span><b>quy\u1ec1n ri\u00eang t\u01b0 <\/b><span style=\"font-weight: 400;\">t\u1ea1i nh\u00e0 c\u00e1i ch\u00ednh l\u00e0 c\u00e2u tr\u1ea3 l\u1eddi cho n\u1ed7i b\u0103n kho\u0103n n\u00e0y.<\/span><\/p>\n<figure id=\"attachment_60\" aria-describedby=\"caption-attachment-60\" style=\"width: 800px\" class=\"wp-caption aligncenter\"><img loading=\"lazy\" decoding=\"async\" alt=\"T\u1ea7m quan tr\u1ecdng \u0111\u1ebfn t\u1eeb quy\u1ec1n ri\u00eang t\u01b0 t\u1ea1i nh\u00e0 c\u00e1i\" class=\"size-full wp-image-60\" height=\"400\" src=\"https:\/\/jarvo.io\/wp-content\/uploads\/2025\/09\/quyen-rieng-tu-tam-quan-trong.webp\" width=\"800\" title=\"\" srcset=\"https:\/\/jarvo.io\/wp-content\/uploads\/2025\/09\/quyen-rieng-tu-tam-quan-trong.webp 800w, https:\/\/jarvo.io\/wp-content\/uploads\/2025\/09\/quyen-rieng-tu-tam-quan-trong-300x150.webp 300w, https:\/\/jarvo.io\/wp-content\/uploads\/2025\/09\/quyen-rieng-tu-tam-quan-trong-768x384.webp 768w\" sizes=\"auto, (max-width: 800px) 100vw, 800px\" \/><figcaption id=\"caption-attachment-60\" class=\"wp-caption-text\"><figcaption style=\"margin-top:8px;font-style:italic;color:#666;font-size:14px;\">T\u1ea7m quan tr\u1ecdng \u0111\u1ebfn t\u1eeb quy\u1ec1n ri\u00eang t\u01b0 t\u1ea1i nh\u00e0 c\u00e1i<\/figcaption><\/figure>\n<p> T\u1ea7m quan tr\u1ecdng \u0111\u1ebfn t\u1eeb quy\u1ec1n ri\u00eang t\u01b0 t\u1ea1i nh\u00e0 c\u00e1i<\/figcaption><\/figure>\n<p><span style=\"font-weight: 400;\">B\u1ea3o m\u1eadt kh\u00f4ng ch\u1ec9 d\u1eebng l\u1ea1i \u1edf vi\u1ec7c che gi\u1ea5u t\u00ean tu\u1ed5i hay s\u1ed1 t\u00e0i kho\u1ea3n ng\u00e2n h\u00e0ng, m\u00e0 c\u00f2n bao g\u1ed3m c\u1ea3 c\u00e1ch m\u00e0 h\u1ec7 th\u1ed1ng x\u1eed l\u00fd, l\u01b0u tr\u1eef v\u00e0 b\u1ea3o \u0111\u1ea3m d\u1eef li\u1ec7u kh\u00f4ng b\u1ecb khai th\u00e1c tr\u00e1i ph\u00e9p. \u0110\u00e2y l\u00e0 n\u1ec1n t\u1ea3ng \u0111\u1ec3 duy tr\u00ec ni\u1ec1m tin, t\u1eeb \u0111\u00f3 gi\u1eef ch\u00e2n ng\u01b0\u1eddi ch\u01a1i l\u00e2u d\u00e0i.<\/span><\/p>\n<h2><span class=\"ez-toc-section\" id=\"Cac_yeu_to_cot_loi_trong_quyen_rieng_tu_tai_nha_cai\"><\/span><b>C\u00e1c y\u1ebfu t\u1ed1 c\u1ed1t l\u00f5i trong quy\u1ec1n ri\u00eang t\u01b0 t\u1ea1i nh\u00e0 c\u00e1i<\/b><span class=\"ez-toc-section-end\"><\/span><\/h2>\n<p><span style=\"font-weight: 400;\">\u0110\u1ec3 hi\u1ec3u r\u00f5 v\u1ec1 b\u1ea3n ch\u1ea5t, ch\u00fang ta c\u1ea7n \u0111i s\u00e2u v\u00e0o nh\u1eefng y\u1ebfu t\u1ed1 quan tr\u1ecdng h\u00ecnh th\u00e0nh n\u00ean kh\u00e1i ni\u1ec7m quy\u1ec1n ri\u00eang t\u01b0 t\u1ea1i nh\u00e0 c\u00e1i. H\u00e3y theo d\u00f5i m\u1ee5c \u0111\u1ea7y b\u1ed5 \u00edch ngay d\u01b0\u1edbi \u0111\u00e2y n\u00e0o.<\/span><\/p>\n<figure id=\"attachment_62\" aria-describedby=\"caption-attachment-62\" style=\"width: 800px\" class=\"wp-caption aligncenter\"><img loading=\"lazy\" decoding=\"async\" alt=\"C\u00e1c y\u1ebfu t\u1ed1 c\u1ed1t l\u00f5i trong quy\u1ec1n ri\u00eang t\u01b0 t\u1ea1i nh\u00e0 c\u00e1i\" class=\"size-full wp-image-62\" height=\"400\" src=\"https:\/\/jarvo.io\/wp-content\/uploads\/2025\/09\/quyen-rieng-tu-cac-yeu-to.webp\" width=\"800\" title=\"\" srcset=\"https:\/\/jarvo.io\/wp-content\/uploads\/2025\/09\/quyen-rieng-tu-cac-yeu-to.webp 800w, https:\/\/jarvo.io\/wp-content\/uploads\/2025\/09\/quyen-rieng-tu-cac-yeu-to-300x150.webp 300w, https:\/\/jarvo.io\/wp-content\/uploads\/2025\/09\/quyen-rieng-tu-cac-yeu-to-768x384.webp 768w\" sizes=\"auto, (max-width: 800px) 100vw, 800px\" \/><figcaption id=\"caption-attachment-62\" class=\"wp-caption-text\"><figcaption style=\"margin-top:8px;font-style:italic;color:#666;font-size:14px;\">C\u00e1c y\u1ebfu t\u1ed1 c\u1ed1t l\u00f5i trong quy\u1ec1n ri\u00eang t\u01b0 t\u1ea1i nh\u00e0 c\u00e1i<\/figcaption><\/figure>\n<p> C\u00e1c y\u1ebfu t\u1ed1 c\u1ed1t l\u00f5i trong quy\u1ec1n ri\u00eang t\u01b0 t\u1ea1i nh\u00e0 c\u00e1i<\/figcaption><\/figure>\n<h3><span class=\"ez-toc-section\" id=\"Chinh_sach_minh_bach\"><\/span><b>Ch\u00ednh s\u00e1ch minh b\u1ea1ch<\/b><span class=\"ez-toc-section-end\"><\/span><\/h3>\n<p><span style=\"font-weight: 400;\">M\u1ed9t nh\u00e0 c\u00e1i uy t\u00edn ph\u1ea3i c\u00f4ng khai r\u00f5 r\u00e0ng ch\u00ednh s\u00e1ch b\u1ea3o m\u1eadt. Ng\u01b0\u1eddi ch\u01a1i c\u1ea7n bi\u1ebft th\u00f4ng tin n\u00e0o \u0111\u01b0\u1ee3c thu th\u1eadp, m\u1ee5c \u0111\u00edch s\u1eed d\u1ee5ng v\u00e0 c\u00e1ch th\u1ee9c l\u01b0u tr\u1eef. \u0110i\u1ec1u n\u00e0y gi\u00fap lo\u1ea1i b\u1ecf t\u00ecnh tr\u1ea1ng m\u1eadp m\u1edd, \u0111\u1ed3ng th\u1eddi th\u1ec3 hi\u1ec7n s\u1ef1 t\u00f4n tr\u1ecdng ng\u01b0\u1eddi d\u00f9ng.<\/span><\/p>\n<h3><span class=\"ez-toc-section\" id=\"Cong_nghe_ma_hoa_hien_dai\"><\/span><b>C\u00f4ng ngh\u1ec7 m\u00e3 h\u00f3a hi\u1ec7n \u0111\u1ea1i<\/b><span class=\"ez-toc-section-end\"><\/span><\/h3>\n<p><span style=\"font-weight: 400;\">B\u00ean c\u1ea1nh ch\u00ednh s\u00e1ch, n\u1ec1n t\u1ea3ng c\u00f4ng ngh\u1ec7 l\u00e0 \u201cl\u00e1 ch\u1eafn\u201d b\u1ea3o v\u1ec7 d\u1eef li\u1ec7u. Nh\u00e0 c\u00e1i uy t\u00edn th\u01b0\u1eddng s\u1eed d\u1ee5ng c\u00e1c chu\u1ea9n SSL, t\u01b0\u1eddng l\u1eeda nhi\u1ec1u l\u1edbp v\u00e0 h\u1ec7 th\u1ed1ng gi\u00e1m s\u00e1t an ninh m\u1ea1ng. \u0110\u00e2y l\u00e0 b\u01b0\u1edbc then ch\u1ed1t \u0111\u1ec3 \u0111\u1ea3m b\u1ea3o quy\u1ec1n ng\u01b0\u1eddi ch\u01a1i kh\u00f4ng b\u1ecb \u0111e d\u1ecda b\u1edfi hacker.<\/span><\/p>\n<h3><span class=\"ez-toc-section\" id=\"Cam_ket_khong_chia_se_du_lieu\"><\/span><b>Cam k\u1ebft kh\u00f4ng chia s\u1ebb d\u1eef li\u1ec7u<\/b><span class=\"ez-toc-section-end\"><\/span><\/h3>\n<p><span style=\"font-weight: 400;\">D\u1eef li\u1ec7u ng\u01b0\u1eddi ch\u01a1i kh\u00f4ng n\u00ean b\u1ecb s\u1eed d\u1ee5ng cho m\u1ee5c \u0111\u00edch th\u01b0\u01a1ng m\u1ea1i hay chia s\u1ebb v\u1edbi b\u00ean th\u1ee9 ba khi ch\u01b0a c\u00f3 s\u1ef1 \u0111\u1ed3ng \u00fd. \u0110\u00e2y ch\u00ednh l\u00e0 ranh gi\u1edbi \u0111\u1ea1o \u0111\u1ee9c v\u00e0 ph\u00e1p l\u00fd \u0111\u1ec3 x\u00e1c \u0111\u1ecbnh m\u1ed9t th\u01b0\u01a1ng hi\u1ec7u \u0111\u00e1ng tin c\u1eady.<\/span><\/p>\n<h2><span class=\"ez-toc-section\" id=\"Nhung_thach_thuc_trong_viec_duy_tri_quyen_rieng_tu_tai_nha_cai\"><\/span><b>Nh\u1eefng th\u00e1ch th\u1ee9c trong vi\u1ec7c duy tr\u00ec quy\u1ec1n ri\u00eang t\u01b0 t\u1ea1i nh\u00e0 c\u00e1i<\/b><span class=\"ez-toc-section-end\"><\/span><\/h2>\n<p><span style=\"font-weight: 400;\">Khi m\u1ed9t n\u1ec1n t\u1ea3ng th\u1ef1c s\u1ef1 quan t\u00e2m \u0111\u1ebfn ch\u00ednh s\u00e1ch n\u00e0y, th\u00ec tr\u1ea3i nghi\u1ec7m c\u1ee7a ng\u01b0\u1eddi ch\u01a1i s\u1ebd kh\u00e1c bi\u1ec7t r\u00f5 r\u1ec7t. Ta c\u00f3 nh\u1eefng th\u00e1ch th\u1ee9c \u0111\u01b0\u1ee3c duy tr\u00ec khi ng\u01b0\u1eddi ch\u01a1i \u0111\u1ebfn tham gia tr\u1ea3i nghi\u1ec7m t\u1ea1i s\u00e2n ch\u01a1i. Ch\u00ednh nh\u1eefng \u0111i\u1ec1u n\u00e0y, ch\u00ednh l\u00e0 s\u1ef1 th\u1eadt \u0111\u00e1ng ch\u00fa \u00fd cho c\u00e1c anh em c\u01b0\u1ee3c th\u1ee7.<\/span><\/p>\n<figure id=\"attachment_61\" aria-describedby=\"caption-attachment-61\" style=\"width: 800px\" class=\"wp-caption aligncenter\"><img loading=\"lazy\" decoding=\"async\" alt=\"Nh\u1eefng th\u00e1ch th\u1ee9c trong vi\u1ec7c duy tr\u00ec quy\u1ec1n ri\u00eang t\u01b0 t\u1ea1i nh\u00e0 c\u00e1i\" class=\"size-full wp-image-61\" height=\"400\" src=\"https:\/\/jarvo.io\/wp-content\/uploads\/2025\/09\/quyen-rieng-tu-nhung-thach-thuc.webp\" width=\"800\" title=\"\" srcset=\"https:\/\/jarvo.io\/wp-content\/uploads\/2025\/09\/quyen-rieng-tu-nhung-thach-thuc.webp 800w, https:\/\/jarvo.io\/wp-content\/uploads\/2025\/09\/quyen-rieng-tu-nhung-thach-thuc-300x150.webp 300w, https:\/\/jarvo.io\/wp-content\/uploads\/2025\/09\/quyen-rieng-tu-nhung-thach-thuc-768x384.webp 768w\" sizes=\"auto, (max-width: 800px) 100vw, 800px\" \/><figcaption id=\"caption-attachment-61\" class=\"wp-caption-text\"><figcaption style=\"margin-top:8px;font-style:italic;color:#666;font-size:14px;\">Nh\u1eefng th\u00e1ch th\u1ee9c trong vi\u1ec7c duy tr\u00ec quy\u1ec1n ri\u00eang t\u01b0 t\u1ea1i nh\u00e0 c\u00e1i<\/figcaption><\/figure>\n<p> Nh\u1eefng th\u00e1ch th\u1ee9c trong vi\u1ec7c duy tr\u00ec quy\u1ec1n ri\u00eang t\u01b0 t\u1ea1i nh\u00e0 c\u00e1i<\/figcaption><\/figure>\n<h3><span class=\"ez-toc-section\" id=\"Tan_cong_mang_tu_ke_xau_ngay_cang_day_tinh_vi\"><\/span><b>T\u1ea5n c\u00f4ng m\u1ea1ng t\u1eeb k\u1ebb x\u1ea5u ng\u00e0y c\u00e0ng \u0111\u1ea7y tinh vi<\/b><span class=\"ez-toc-section-end\"><\/span><\/h3>\n<p><span style=\"font-weight: 400;\">D\u00f9 c\u00f4ng ngh\u1ec7 b\u1ea3o m\u1eadt hi\u1ec7n \u0111\u1ea1i \u0111\u1ebfn \u0111\u00e2u, nguy c\u01a1 b\u1ecb hacker x\u00e2m nh\u1eadp v\u1eabn lu\u00f4n hi\u1ec7n h\u1eefu. \u0110i\u1ec1u n\u00e0y bu\u1ed9c nh\u00e0 c\u00e1i ph\u1ea3i li\u00ean t\u1ee5c n\u00e2ng c\u1ea5p h\u1ec7 th\u1ed1ng \u0111\u1ec3 duy tr\u00ec <\/span><b>quy\u1ec1n ri\u00eang t\u01b0 <\/b><span style=\"font-weight: 400;\">t\u1ea1i nh\u00e0 c\u00e1i.<\/span><\/p>\n<h3><span class=\"ez-toc-section\" id=\"Thieu_minh_bach_tu_mot_so_nen_tang\"><\/span><b>Thi\u1ebfu minh b\u1ea1ch t\u1eeb m\u1ed9t s\u1ed1 n\u1ec1n t\u1ea3ng<\/b><span class=\"ez-toc-section-end\"><\/span><\/h3>\n<p><span style=\"font-weight: 400;\">Kh\u00f4ng ph\u1ea3i nh\u00e0 c\u00e1i n\u00e0o c\u0169ng \u0111\u1eb7t l\u1ee3i \u00edch ng\u01b0\u1eddi ch\u01a1i l\u00ean h\u00e0ng \u0111\u1ea7u. M\u1ed9t s\u1ed1 n\u1ec1n t\u1ea3ng c\u00f3 th\u1ec3 che gi\u1ea5u ch\u00ednh s\u00e1ch b\u1ea3o m\u1eadt ho\u1eb7c kh\u00f4ng c\u1eadp nh\u1eadt th\u00f4ng tin \u0111\u1ea7y \u0111\u1ee7, g\u00e2y \u1ea3nh h\u01b0\u1edfng \u0111\u1ebfn l\u00f2ng tin.<\/span><\/p>\n<h3><span class=\"ez-toc-section\" id=\"Su_chu_quan_cua_nguoi_choi\"><\/span><b>S\u1ef1 ch\u1ee7 quan c\u1ee7a ng\u01b0\u1eddi ch\u01a1i<\/b><span class=\"ez-toc-section-end\"><\/span><\/h3>\n<p><span style=\"font-weight: 400;\">Ng\u01b0\u1eddi d\u00f9ng \u0111\u00f4i khi c\u0169ng g\u00f3p ph\u1ea7n l\u00e0m suy y\u1ebfu <\/span><b>quy\u1ec1n ri\u00eang t\u01b0 <\/b><span style=\"font-weight: 400;\">t\u1ea1i nh\u00e0 c\u00e1i khi cung c\u1ea5p th\u00f4ng tin qu\u00e1 d\u1ec5 d\u00e3i ho\u1eb7c kh\u00f4ng tu\u00e2n th\u1ee7 c\u00e1c khuy\u1ebfn ngh\u1ecb an to\u00e0n. V\u00e0 \u0111\u00f3, c\u00e1c b\u1ea1n s\u1ebd h\u00e3y th\u1eadt th\u1eadn tr\u1ecdng v\u1edbi s\u1ef1 ch\u1ee7 quan c\u1ee7a b\u1ea3n th\u00e2n.<\/span><\/p>\n<h2><span class=\"ez-toc-section\" id=\"Cach_nguoi_choi_bao_ve_quyen_rieng_tu_tai_nha_cai\"><\/span><b>C\u00e1ch ng\u01b0\u1eddi ch\u01a1i b\u1ea3o v\u1ec7 quy\u1ec1n ri\u00eang t\u01b0 t\u1ea1i nh\u00e0 c\u00e1i<\/b><span class=\"ez-toc-section-end\"><\/span><\/h2>\n<p><span style=\"font-weight: 400;\">B\u00ean c\u1ea1nh tr\u00e1ch nhi\u1ec7m c\u1ee7a n\u1ec1n t\u1ea3ng, b\u1ea3n th\u00e2n ng\u01b0\u1eddi ch\u01a1i c\u0169ng c\u1ea7n ch\u1ee7 \u0111\u1ed9ng. Vi\u1ec7c n\u00e0y l\u00e0 h\u1ebft s\u1ee9c c\u1ea7n thi\u1ebft cho nh\u1eefng anh em c\u00f3 \u00fd \u0111\u1ecbnh tham gia l\u00e2u d\u00e0i. C\u00f2n ch\u1ea7n ch\u1edd g\u00ec n\u1eefa m\u00e0 kh\u00f4ng \u0111\u1ebfn v\u1edbi m\u1ed9t s\u1ed1 chi ti\u1ebft \u0111\u01b0\u1ee3c ti\u1ebft l\u1ed9 kh\u00f4ng th\u1ec3 b\u1ecf qua.<\/span><\/p>\n<h3><span class=\"ez-toc-section\" id=\"Chon_nen_tang_uy_tin\"><\/span><b>Ch\u1ecdn n\u1ec1n t\u1ea3ng uy t\u00edn<\/b><span class=\"ez-toc-section-end\"><\/span><\/h3>\n<p><span style=\"font-weight: 400;\">Lu\u00f4n t\u00ecm hi\u1ec3u k\u1ef9 gi\u1ea5y ph\u00e9p ho\u1ea1t \u0111\u1ed9ng, \u0111\u00e1nh gi\u00e1 t\u1eeb c\u1ed9ng \u0111\u1ed3ng v\u00e0 minh b\u1ea1ch v\u1ec1 b\u1ea3o m\u1eadt. \u0110\u00e2y \u0111\u01b0\u1ee3c xem l\u00e0 b\u01b0\u1edbc \u0111\u1ea7u ti\u00ean m\u00e0 \u0111\u1ec3 anh em c\u00f3 th\u1ec3 gi\u1ea3m \u0111\u01b0\u1ee3c s\u1ef1 r\u1ee7i ro.<\/span><\/p>\n<h3><span class=\"ez-toc-section\" id=\"Bao_mat_thong_tin_ca_nhan\"><\/span><b>B\u1ea3o m\u1eadt th\u00f4ng tin c\u00e1 nh\u00e2n<\/b><span class=\"ez-toc-section-end\"><\/span><\/h3>\n<p><span style=\"font-weight: 400;\">Kh\u00f4ng chia s\u1ebb m\u1eadt kh\u1ea9u, kh\u00f4ng s\u1eed d\u1ee5ng chung thi\u1ebft b\u1ecb v\u00e0 lu\u00f4n b\u1eadt x\u00e1c th\u1ef1c hai l\u1edbp khi c\u00f3 th\u1ec3. Nh\u1eefng b\u01b0\u1edbc n\u00e0y gi\u00fap gia t\u0103ng an to\u00e0n cho <\/span><b>quy\u1ec1n ri\u00eang t\u01b0 <\/b><span style=\"font-weight: 400;\">t\u1ea1i nh\u00e0 c\u00e1i.<\/span><\/p>\n<h3><span class=\"ez-toc-section\" id=\"Theo_doi_lich_su_giao_dich\"><\/span><b>Theo d\u00f5i l\u1ecbch s\u1eed giao d\u1ecbch<\/b><span class=\"ez-toc-section-end\"><\/span><\/h3>\n<p><span style=\"font-weight: 400;\">Ki\u1ec3m tra th\u01b0\u1eddng xuy\u00ean s\u1ebd gi\u00fap ph\u00e1t hi\u1ec7n b\u1ea5t k\u1ef3 b\u1ea5t th\u01b0\u1eddng n\u00e0o. N\u1ebfu c\u00f3 d\u1ea5u hi\u1ec7u l\u1ea1, c\u1ea7n li\u00ean h\u1ec7 ngay b\u1ed9 ph\u1eadn h\u1ed7 tr\u1ee3 \u0111\u1ec3 x\u1eed l\u00fd k\u1ecbp th\u1eddi.<\/span><br \/>\n<!-- pjsxgi-related-links --><\/p>\n<p style=\"text-align: justify;\"><strong>C\u00f3 th\u1ec3 b\u1ea1n quan t\u00e2m:<\/strong> <a href=\"https:\/\/jarvo.io\/chinh-sach-bao-mat\/\">ch\u00ednh s\u00e1ch b\u1ea3o m\u1eadt<\/a> \u2022 <a href=\"https:\/\/jarvo.io\/choi-co-trach-nhiem\/\">ch\u01a1i c\u00f3 tr\u00e1ch nhi\u1ec7m<\/a><\/p>\n<p><!-- pjsxgi-external-citation --><\/p>\n<p style=\"text-align: justify;font-size:13px;color:#666;border-left:3px solid #e5b343;padding-left:12px;margin:16px 0;\"><em>\ud83d\udcda Tham kh\u1ea3o: <a href=\"https:\/\/gdpr.eu\/\" rel=\"nofollow noopener\" target=\"_blank\">GDPR \u2013 General Data Protection Regulation<\/a><\/em><\/p>\n<h2><span class=\"ez-toc-section\" id=\"Duc_ket_cam_ket_bao_ve_quyen_rieng_tu_nguoi_choi\"><\/span><b>\u0110\u00fac k\u1ebft cam k\u1ebft b\u1ea3o v\u1ec7 quy\u1ec1n ri\u00eang t\u01b0 ng\u01b0\u1eddi ch\u01a1i<\/b><span class=\"ez-toc-section-end\"><\/span><\/h2>\n<p><a href=\"https:\/\/jarvo.io\/quyen-rieng-tu\/\"><b>Quy\u1ec1n ri\u00eang t\u01b0<\/b><\/a> <span style=\"font-weight: 400;\">t\u1ea1i nh\u00e0 c\u00e1i 69VN kh\u00f4ng c\u00f2n l\u00e0 l\u1ef1a ch\u1ecdn m\u00e0 l\u00e0 b\u1eaft bu\u1ed9c trong th\u1eddi \u0111\u1ea1i s\u1ed1. \u0110\u00e2y ch\u00ednh l\u00e0 n\u1ec1n t\u1ea3ng \u0111\u1ec3 x\u00e2y d\u1ef1ng uy t\u00edn, gi\u1eef ch\u00e2n ng\u01b0\u1eddi ch\u01a1i v\u00e0 t\u1ea1o ra m\u1ed9t c\u1ed9ng \u0111\u1ed3ng b\u1ec1n v\u1eefng. Ng\u01b0\u1eddi d\u00f9ng khi tham gia c\u1ea7n quan s\u00e1t, t\u00ecm hi\u1ec3u v\u00e0 ch\u1ecdn \u0111\u00fang n\u1ec1n t\u1ea3ng \u0111\u1ec3 b\u1ea3o v\u1ec7 b\u1ea3n th\u00e2n.<\/span><\/p>\n","protected":false},"excerpt":{"rendered":"<p>Quy\u1ec1n ri\u00eang t\u01b0: S\u1ef1 an to\u00e0n m\u00e0 ng\u01b0\u1eddi ch\u01a1i s\u1ebd \u0111\u1eb7t l\u00ean h\u00e0ng \u0111\u1ea7u Quy\u1ec1n ri\u00eang t\u01b0 t\u1ea1i nh\u00e0 c\u00e1i 69VN l\u00e0 m\u1ed9t ch\u1ee7 \u0111\u1ec1 ng\u00e0y c\u00e0ng \u0111\u01b0\u1ee3c quan t\u00e2m khi c\u1ed9ng \u0111\u1ed3ng ng\u01b0\u1eddi ch\u01a1i tr\u1ef1c tuy\u1ebfn kh\u00f4ng ch\u1ec9 t\u00ecm ki\u1ebfm ni\u1ec1m vui m\u00e0 c\u00f2n mong mu\u1ed1n s\u1ef1 an to\u00e0n tuy\u1ec7t \u0111\u1ed1i. Vi\u1ec7c b\u1ea3o m\u1eadt [&#8230;]\n","protected":false},"author":1,"featured_media":59,"parent":0,"menu_order":0,"comment_status":"closed","ping_status":"closed","template":"","meta":{"footnotes":""},"class_list":["post-58","page","type-page","status-publish","has-post-thumbnail","hentry"],"_links":{"self":[{"href":"https:\/\/jarvo.io\/vi-vn\/wp-json\/wp\/v2\/pages\/58","targetHints":{"allow":["GET"]}}],"collection":[{"href":"https:\/\/jarvo.io\/vi-vn\/wp-json\/wp\/v2\/pages"}],"about":[{"href":"https:\/\/jarvo.io\/vi-vn\/wp-json\/wp\/v2\/types\/page"}],"author":[{"embeddable":true,"href":"https:\/\/jarvo.io\/vi-vn\/wp-json\/wp\/v2\/users\/1"}],"replies":[{"embeddable":true,"href":"https:\/\/jarvo.io\/vi-vn\/wp-json\/wp\/v2\/comments?post=58"}],"version-history":[{"count":0,"href":"https:\/\/jarvo.io\/vi-vn\/wp-json\/wp\/v2\/pages\/58\/revisions"}],"wp:featuredmedia":[{"embeddable":true,"href":"https:\/\/jarvo.io\/vi-vn\/wp-json\/wp\/v2\/media\/59"}],"wp:attachment":[{"href":"https:\/\/jarvo.io\/vi-vn\/wp-json\/wp\/v2\/media?parent=58"}],"curies":[{"name":"wp","href":"https:\/\/api.w.org\/{rel}","templated":true}]}}