{"id":51,"date":"2025-09-06T14:24:02","date_gmt":"2025-09-06T07:24:02","guid":{"rendered":"https:\/\/jarvo.io\/?page_id=51"},"modified":"2026-04-14T16:17:58","modified_gmt":"2026-04-14T05:51:21","slug":"chinh-sach-bao-mat","status":"publish","type":"page","link":"https:\/\/jarvo.io\/vi-vn\/chinh-sach-bao-mat\/","title":{"rendered":"Ch\u00ednh s\u00e1ch b\u1ea3o m\u1eadt"},"content":{"rendered":"<h1><span class=\"ez-toc-section\" id=\"Chinh_sach_bao_mat_%E2%80%93_Noi_moi_thong_tin_duoc_luu_tru_dang_cap\"><\/span><b>Ch\u00ednh s\u00e1ch b\u1ea3o m\u1eadt &#8211; N\u01a1i m\u1ecdi th\u00f4ng tin \u0111\u01b0\u1ee3c l\u01b0u tr\u1eef \u0111\u1eb3ng c\u1ea5p<\/b><span class=\"ez-toc-section-end\"><\/span><\/h1>\n<p><b>Ch\u00ednh s\u00e1ch b\u1ea3o m\u1eadt <\/b><span style=\"font-weight: 400;\">t\u1ea1i <a href=\"https:\/\/jarvo.io\/\">69 VN<\/a> t\u1eeb l\u00e2u \u0111\u00e3 tr\u1edf th\u00e0nh n\u1ec1n m\u00f3ng t\u1ea1o n\u00ean uy t\u00edn v\u00e0 th\u01b0\u01a1ng hi\u1ec7u cho b\u1ea5t k\u1ef3 n\u1ec1n t\u1ea3ng c\u00e1 c\u01b0\u1ee3c n\u00e0o. Trong b\u1ed1i c\u1ea3nh gi\u1ea3i tr\u00ed tr\u1ef1c tuy\u1ebfn ph\u00e1t tri\u1ec3n m\u1ea1nh m\u1ebd, vi\u1ec7c b\u1ea3o v\u1ec7 th\u00f4ng tin ng\u01b0\u1eddi ch\u01a1i c\u00f2n l\u00e0 tr\u00e1ch nhi\u1ec7m v\u1ec1 m\u1eb7t ph\u00e1p l\u00fd. M\u1ed9t nh\u00e0 c\u00e1i uy t\u00edn s\u1ebd x\u00e2y d\u1ef1ng h\u1ec7 th\u1ed1ng b\u1ea3o m\u1eadt nhi\u1ec1u t\u1ea7ng, minh b\u1ea1ch quy \u0111\u1ecbnh v\u00e0 mang l\u1ea1i s\u1ef1 an t\u00e2m tuy\u1ec7t \u0111\u1ed1i cho th\u00e0nh vi\u00ean.<\/span><\/p><div id=\"ez-toc-container\" class=\"ez-toc-v2_0_76 counter-hierarchy ez-toc-counter ez-toc-grey ez-toc-container-direction\">\n<div class=\"ez-toc-title-container\">\n<p class=\"ez-toc-title\" style=\"cursor:inherit\">Table of Contents<\/p>\n<span class=\"ez-toc-title-toggle\"><a href=\"#\" class=\"ez-toc-pull-right ez-toc-btn ez-toc-btn-xs ez-toc-btn-default ez-toc-toggle\" aria-label=\"Toggle Table of Content\"><span class=\"ez-toc-js-icon-con\"><span class=\"\"><span class=\"eztoc-hide\" style=\"display:none;\">Toggle<\/span><span class=\"ez-toc-icon-toggle-span\"><svg style=\"fill: #999;color:#999\" xmlns=\"http:\/\/www.w3.org\/2000\/svg\" class=\"list-377408\" width=\"20px\" height=\"20px\" viewBox=\"0 0 24 24\" fill=\"none\"><path d=\"M6 6H4v2h2V6zm14 0H8v2h12V6zM4 11h2v2H4v-2zm16 0H8v2h12v-2zM4 16h2v2H4v-2zm16 0H8v2h12v-2z\" fill=\"currentColor\"><\/path><\/svg><svg style=\"fill: #999;color:#999\" class=\"arrow-unsorted-368013\" xmlns=\"http:\/\/www.w3.org\/2000\/svg\" width=\"10px\" height=\"10px\" viewBox=\"0 0 24 24\" version=\"1.2\" baseProfile=\"tiny\"><path d=\"M18.2 9.3l-6.2-6.3-6.2 6.3c-.2.2-.3.4-.3.7s.1.5.3.7c.2.2.4.3.7.3h11c.3 0 .5-.1.7-.3.2-.2.3-.5.3-.7s-.1-.5-.3-.7zM5.8 14.7l6.2 6.3 6.2-6.3c.2-.2.3-.5.3-.7s-.1-.5-.3-.7c-.2-.2-.4-.3-.7-.3h-11c-.3 0-.5.1-.7.3-.2.2-.3.5-.3.7s.1.5.3.7z\"\/><\/svg><\/span><\/span><\/span><\/a><\/span><\/div>\n<nav><ul class='ez-toc-list ez-toc-list-level-1 eztoc-toggle-hide-by-default' ><li class='ez-toc-page-1 ez-toc-heading-level-1'><a class=\"ez-toc-link ez-toc-heading-1\" href=\"https:\/\/jarvo.io\/vi-vn\/chinh-sach-bao-mat\/#Chinh_sach_bao_mat_%E2%80%93_Noi_moi_thong_tin_duoc_luu_tru_dang_cap\" >Ch\u00ednh s\u00e1ch b\u1ea3o m\u1eadt &#8211; N\u01a1i m\u1ecdi th\u00f4ng tin \u0111\u01b0\u1ee3c l\u01b0u tr\u1eef \u0111\u1eb3ng c\u1ea5p<\/a><ul class='ez-toc-list-level-2' ><li class='ez-toc-heading-level-2'><a class=\"ez-toc-link ez-toc-heading-2\" href=\"https:\/\/jarvo.io\/vi-vn\/chinh-sach-bao-mat\/#Tim_hieu_so_bo_ve_vai_tro_cua_chinh_sach_bao_mat\" >T\u00ecm hi\u1ec3u s\u01a1 b\u1ed9 v\u1ec1 vai tr\u00f2 c\u1ee7a ch\u00ednh s\u00e1ch b\u1ea3o m\u1eadt<\/a><\/li><li class='ez-toc-page-1 ez-toc-heading-level-2'><a class=\"ez-toc-link ez-toc-heading-3\" href=\"https:\/\/jarvo.io\/vi-vn\/chinh-sach-bao-mat\/#Thanh_phan_day_quan_trong_trong_chinh_sach_bao_mat\" >Th\u00e0nh ph\u1ea7n \u0111\u1ea7y quan tr\u1ecdng trong ch\u00ednh s\u00e1ch b\u1ea3o m\u1eadt<\/a><ul class='ez-toc-list-level-3' ><li class='ez-toc-heading-level-3'><a class=\"ez-toc-link ez-toc-heading-4\" href=\"https:\/\/jarvo.io\/vi-vn\/chinh-sach-bao-mat\/#Bao_mat_thong_tin_ca_nhan\" >B\u1ea3o m\u1eadt th\u00f4ng tin c\u00e1 nh\u00e2n<\/a><\/li><li class='ez-toc-page-1 ez-toc-heading-level-3'><a class=\"ez-toc-link ez-toc-heading-5\" href=\"https:\/\/jarvo.io\/vi-vn\/chinh-sach-bao-mat\/#Bao_mat_giao_dich_tai_chinh\" >B\u1ea3o m\u1eadt giao d\u1ecbch t\u00e0i ch\u00ednh<\/a><\/li><li class='ez-toc-page-1 ez-toc-heading-level-3'><a class=\"ez-toc-link ez-toc-heading-6\" href=\"https:\/\/jarvo.io\/vi-vn\/chinh-sach-bao-mat\/#Giam_sat_hanh_vi_bat_thuong\" >Gi\u00e1m s\u00e1t h\u00e0nh vi b\u1ea5t th\u01b0\u1eddng<\/a><\/li><\/ul><\/li><li class='ez-toc-page-1 ez-toc-heading-level-2'><a class=\"ez-toc-link ez-toc-heading-7\" href=\"https:\/\/jarvo.io\/vi-vn\/chinh-sach-bao-mat\/#Cong_nghe_ho_tro_chinh_sach_bao_mat_ra_sao\" >C\u00f4ng ngh\u1ec7 h\u1ed7 tr\u1ee3 ch\u00ednh s\u00e1ch b\u1ea3o m\u1eadt ra sao?<\/a><\/li><li class='ez-toc-page-1 ez-toc-heading-level-2'><a class=\"ez-toc-link ez-toc-heading-8\" href=\"https:\/\/jarvo.io\/vi-vn\/chinh-sach-bao-mat\/#Cac_tinh_huong_dien_hinh_trong_chinh_sach_bao_mat\" >C\u00e1c t\u00ecnh hu\u1ed1ng \u0111i\u1ec3n h\u00ecnh trong ch\u00ednh s\u00e1ch b\u1ea3o m\u1eadt<\/a><ul class='ez-toc-list-level-3' ><li class='ez-toc-heading-level-3'><a class=\"ez-toc-link ez-toc-heading-9\" href=\"https:\/\/jarvo.io\/vi-vn\/chinh-sach-bao-mat\/#Xu_ly_tranh_chap\" >X\u1eed l\u00fd tranh ch\u1ea5p<\/a><\/li><li class='ez-toc-page-1 ez-toc-heading-level-3'><a class=\"ez-toc-link ez-toc-heading-10\" href=\"https:\/\/jarvo.io\/vi-vn\/chinh-sach-bao-mat\/#Khoi_phuc_tai_khoan\" >Kh\u00f4i ph\u1ee5c t\u00e0i kho\u1ea3n<\/a><\/li><li class='ez-toc-page-1 ez-toc-heading-level-3'><a class=\"ez-toc-link ez-toc-heading-11\" href=\"https:\/\/jarvo.io\/vi-vn\/chinh-sach-bao-mat\/#Cap_nhat_he_thong\" >C\u1eadp nh\u1eadt h\u1ec7 th\u1ed1ng<\/a><\/li><\/ul><\/li><li class='ez-toc-page-1 ez-toc-heading-level-2'><a class=\"ez-toc-link ez-toc-heading-12\" href=\"https:\/\/jarvo.io\/vi-vn\/chinh-sach-bao-mat\/#Tong_ket_vai_tro_cua_chinh_sach_bao_mat_tai_nha_cai\" >T\u1ed5ng k\u1ebft vai tr\u00f2 c\u1ee7a ch\u00ednh s\u00e1ch b\u1ea3o m\u1eadt t\u1ea1i nh\u00e0 c\u00e1i<\/a><\/li><\/ul><\/li><\/ul><\/nav><\/div>\n\n<h2><span class=\"ez-toc-section\" id=\"Tim_hieu_so_bo_ve_vai_tro_cua_chinh_sach_bao_mat\"><\/span><b>T\u00ecm hi\u1ec3u s\u01a1 b\u1ed9 v\u1ec1 vai tr\u00f2 c\u1ee7a ch\u00ednh s\u00e1ch b\u1ea3o m\u1eadt<\/b><span class=\"ez-toc-section-end\"><\/span><\/h2>\n<p><span style=\"font-weight: 400;\">\u0110\u00e2y kh\u00f4ng \u0111\u01a1n gi\u1ea3n ch\u1ec9 l\u00e0 m\u1ed9t b\u1ea3n cam k\u1ebft tr\u00ean trang web. N\u00f3 ch\u00ednh l\u00e0 n\u1ec1n t\u1ea3ng \u0111\u1ec3 x\u00e2y d\u1ef1ng ni\u1ec1m tin, cam \u0111oan cho s\u1ef1 minh b\u1ea1ch v\u00e0 g\u00ecn gi\u1eef an to\u00e0n cho m\u1ecdi giao d\u1ecbch. N\u1ebfu kh\u00f4ng c\u00f3 c\u01a1 ch\u1ebf b\u1ea3o m\u1eadt r\u00f5 r\u00e0ng, ng\u01b0\u1eddi ch\u01a1i s\u1ebd lu\u00f4n \u0111\u1ed1i m\u1eb7t v\u1edbi nguy c\u01a1 l\u1ed9 l\u1ecdt d\u1eef li\u1ec7u c\u00e1 nh\u00e2n v\u00e0 t\u00e0i ch\u00ednh.<\/span><\/p>\n<figure id=\"attachment_52\" aria-describedby=\"caption-attachment-52\" style=\"width: 800px\" class=\"wp-caption aligncenter\"><img loading=\"lazy\" decoding=\"async\" alt=\"T\u00ecm hi\u1ec3u s\u01a1 b\u1ed9 v\u1ec1 vai tr\u00f2 c\u1ee7a ch\u00ednh s\u00e1ch b\u1ea3o m\u1eadt\" class=\"size-full wp-image-52\" height=\"400\" src=\"https:\/\/jarvo.io\/wp-content\/uploads\/2025\/09\/chinh-sach-bao-mat-tim-hieu.webp\" width=\"800\" title=\"\" srcset=\"https:\/\/jarvo.io\/wp-content\/uploads\/2025\/09\/chinh-sach-bao-mat-tim-hieu.webp 800w, https:\/\/jarvo.io\/wp-content\/uploads\/2025\/09\/chinh-sach-bao-mat-tim-hieu-300x150.webp 300w, https:\/\/jarvo.io\/wp-content\/uploads\/2025\/09\/chinh-sach-bao-mat-tim-hieu-768x384.webp 768w\" sizes=\"auto, (max-width: 800px) 100vw, 800px\" \/><figcaption id=\"caption-attachment-52\" class=\"wp-caption-text\"><figcaption style=\"margin-top:8px;font-style:italic;color:#666;font-size:14px;\">T\u00ecm hi\u1ec3u s\u01a1 b\u1ed9 v\u1ec1 vai tr\u00f2 c\u1ee7a ch\u00ednh s\u00e1ch b\u1ea3o m\u1eadt<\/figcaption><\/figure>\n<p> T\u00ecm hi\u1ec3u s\u01a1 b\u1ed9 v\u1ec1 vai tr\u00f2 c\u1ee7a ch\u00ednh s\u00e1ch b\u1ea3o m\u1eadt<\/figcaption><\/figure>\n<p><span style=\"font-weight: 400;\">M\u1ed9t h\u1ec7 th\u1ed1ng b\u1ea3o m\u1eadt chuy\u00ean nghi\u1ec7p gi\u00fap ng\u01b0\u1eddi ch\u01a1i c\u1ea3m th\u1ea5y \u0111\u01b0\u1ee3c t\u00f4n tr\u1ecdng, \u0111\u1ed3ng th\u1eddi kh\u1eb3ng \u0111\u1ecbnh uy t\u00edn c\u1ee7a nh\u00e0 c\u00e1i trong ng\u00e0nh gi\u1ea3i tr\u00ed tr\u1ef1c tuy\u1ebfn. Kh\u00f4ng c\u00f3 b\u1ea3o m\u1eadt, kh\u00f4ng th\u1ec3 c\u00f3 s\u1ef1 b\u1ec1n v\u1eefng.<\/span><br \/>\n<span style=\"font-weight: 400;\">Kh\u00f4ng nh\u1eefng th\u1ebf, <\/span><b>ch\u00ednh s\u00e1ch b\u1ea3o m\u1eadt <\/b><span style=\"font-weight: 400;\">t\u1ea1i nh\u00e0 c\u00e1i l\u00e0 b\u1ee9c t\u01b0\u1eddng th\u00e0nh ki\u00ean c\u1ed1 gi\u00fap ng\u01b0\u1eddi ch\u01a1i tho\u1ea3i m\u00e1i tr\u1ea3i nghi\u1ec7m m\u00e0 kh\u00f4ng lo ng\u1ea1i r\u1ee7i ro. \u0110\u1eb1ng sau m\u1ed7i v\u00e1n c\u01b0\u1ee3c l\u00e0 c\u1ea3 m\u1ed9t h\u1ec7 th\u1ed1ng b\u1ea3o v\u1ec7 d\u1eef li\u1ec7u ph\u1ee9c t\u1ea1p. \u0110\u1ec3 th\u1eadt s\u1ef1 y\u00ean t\u00e2m, ng\u01b0\u1eddi ch\u01a1i c\u1ea7n hi\u1ec3u r\u00f5 c\u00e1c nguy\u00ean t\u1eafc, c\u00f4ng ngh\u1ec7 v\u00e0 quy\u1ec1n l\u1ee3i m\u00e0 ch\u00ednh s\u00e1ch n\u00e0y \u0111em l\u1ea1i.<\/span><\/p>\n<h2><span class=\"ez-toc-section\" id=\"Thanh_phan_day_quan_trong_trong_chinh_sach_bao_mat\"><\/span><b>Th\u00e0nh ph\u1ea7n \u0111\u1ea7y quan tr\u1ecdng trong ch\u00ednh s\u00e1ch b\u1ea3o m\u1eadt<\/b><span class=\"ez-toc-section-end\"><\/span><\/h2>\n<p><span style=\"font-weight: 400;\">Ch\u00ednh s\u00e1ch n\u00e0y th\u01b0\u1eddng bao g\u1ed3m nhi\u1ec1u t\u1ea7ng l\u1edbp kh\u00e1c nhau. M\u1ed7i th\u00e0nh ph\u1ea7n \u0111\u00f3ng vai tr\u00f2 nh\u01b0 m\u1ed9t m\u1eaft x\u00edch quan tr\u1ecdng, gi\u00fap to\u00e0n b\u1ed9 h\u1ec7 th\u1ed1ng v\u1eadn h\u00e0nh an to\u00e0n. Ta s\u1ebd \u0111\u01b0\u1ee3c bi\u1ebft \u0111\u1ebfn nh\u1eefng th\u00e0nh ph\u1ea7n ngay d\u01b0\u1edbi \u0111\u00e2y.<\/span><\/p>\n<figure id=\"attachment_54\" aria-describedby=\"caption-attachment-54\" style=\"width: 800px\" class=\"wp-caption aligncenter\"><img loading=\"lazy\" decoding=\"async\" alt=\"Th\u00e0nh ph\u1ea7n \u0111\u1ea7y quan tr\u1ecdng trong ch\u00ednh s\u00e1ch b\u1ea3o m\u1eadt\" class=\"size-full wp-image-54\" height=\"400\" src=\"https:\/\/jarvo.io\/wp-content\/uploads\/2025\/09\/chinh-sach-bao-mat-thanh-phan.webp\" width=\"800\" title=\"\" srcset=\"https:\/\/jarvo.io\/wp-content\/uploads\/2025\/09\/chinh-sach-bao-mat-thanh-phan.webp 800w, https:\/\/jarvo.io\/wp-content\/uploads\/2025\/09\/chinh-sach-bao-mat-thanh-phan-300x150.webp 300w, https:\/\/jarvo.io\/wp-content\/uploads\/2025\/09\/chinh-sach-bao-mat-thanh-phan-768x384.webp 768w\" sizes=\"auto, (max-width: 800px) 100vw, 800px\" \/><figcaption id=\"caption-attachment-54\" class=\"wp-caption-text\"><figcaption style=\"margin-top:8px;font-style:italic;color:#666;font-size:14px;\">Th\u00e0nh ph\u1ea7n \u0111\u1ea7y quan tr\u1ecdng trong ch\u00ednh s\u00e1ch b\u1ea3o m\u1eadt<\/figcaption><\/figure>\n<p> Th\u00e0nh ph\u1ea7n \u0111\u1ea7y quan tr\u1ecdng trong ch\u00ednh s\u00e1ch b\u1ea3o m\u1eadt<\/figcaption><\/figure>\n<h3><span class=\"ez-toc-section\" id=\"Bao_mat_thong_tin_ca_nhan\"><\/span><b>B\u1ea3o m\u1eadt th\u00f4ng tin c\u00e1 nh\u00e2n<\/b><span class=\"ez-toc-section-end\"><\/span><\/h3>\n<p><span style=\"font-weight: 400;\">Trong b\u1ea5t k\u1ef3 <\/span><b>ch\u00ednh s\u00e1ch b\u1ea3o m\u1eadt<\/b><span style=\"font-weight: 400;\"> t\u1ea1i nh\u00e0 c\u00e1i, th\u00f4ng tin c\u00e1 nh\u00e2n lu\u00f4n \u0111\u01b0\u1ee3c \u0111\u1eb7t l\u00ean h\u00e0ng \u0111\u1ea7u. T\u1eeb t\u00ean, s\u1ed1 \u0111i\u1ec7n tho\u1ea1i, email cho \u0111\u1ebfn gi\u1ea5y t\u1edd x\u00e1c minh danh t\u00ednh \u0111\u1ec1u \u0111\u01b0\u1ee3c l\u01b0u tr\u1eef trong m\u00f4i tr\u01b0\u1eddng m\u00e3 h\u00f3a kh\u00e9p k\u00edn. Vi\u1ec7c s\u1eed d\u1ee5ng c\u00f4ng ngh\u1ec7 SSL 256-bit gi\u00fap to\u00e0n b\u1ed9 d\u1eef li\u1ec7u g\u1ea7n nh\u01b0 b\u1ea5t kh\u1ea3 x\u00e2m ph\u1ea1m.<\/span><\/p>\n<h3><span class=\"ez-toc-section\" id=\"Bao_mat_giao_dich_tai_chinh\"><\/span><b>B\u1ea3o m\u1eadt giao d\u1ecbch t\u00e0i ch\u00ednh<\/b><span class=\"ez-toc-section-end\"><\/span><\/h3>\n<p><span style=\"font-weight: 400;\">Giao d\u1ecbch n\u1ea1p \u2013 r\u00fat ti\u1ec1n l\u00e0 m\u1ea1ch m\u00e1u trong ho\u1ea1t \u0111\u1ed9ng c\u1ee7a nh\u00e0 c\u00e1i. Ch\u00ednh s\u00e1ch t\u1ea1i nh\u00e0 c\u00e1i lu\u00f4n quy \u0111\u1ecbnh r\u00f5 c\u00e1ch m\u00e3 h\u00f3a d\u1eef li\u1ec7u giao d\u1ecbch, ng\u0103n ch\u1eb7n m\u1ecdi h\u00ecnh th\u1ee9c gian l\u1eadn. Ngo\u00e0i ra, c\u00e1c c\u1ed5ng thanh to\u00e1n qu\u1ed1c t\u1ebf nh\u01b0 Visa, MasterCard hay v\u00ed \u0111i\u1ec7n t\u1eed uy t\u00edn th\u01b0\u1eddng \u0111\u01b0\u1ee3c t\u00edch h\u1ee3p \u0111\u1ec3 t\u0103ng th\u00eam \u0111\u1ed9 tin c\u1eady.<\/span><\/p>\n<h3><span class=\"ez-toc-section\" id=\"Giam_sat_hanh_vi_bat_thuong\"><\/span><b>Gi\u00e1m s\u00e1t h\u00e0nh vi b\u1ea5t th\u01b0\u1eddng<\/b><span class=\"ez-toc-section-end\"><\/span><\/h3>\n<p><span style=\"font-weight: 400;\">Kh\u00f4ng ch\u1ec9 ng\u0103n c\u1ea3n m\u1ecdi t\u00e1c h\u1ea1i \u0111\u1ebfn d\u1eef li\u1ec7u, <\/span><b>ch\u00ednh s\u00e1ch b\u1ea3o m\u1eadt <\/b><span style=\"font-weight: 400;\">t\u1ea1i nh\u00e0 c\u00e1i c\u00f2n bao g\u1ed3m vi\u1ec7c gi\u00e1m s\u00e1t ho\u1ea1t \u0111\u1ed9ng th\u00e0nh vi\u00ean. N\u1ebfu c\u00f3 h\u00e0nh vi l\u1ea1 nh\u01b0 \u0111\u0103ng nh\u1eadp t\u1eeb nhi\u1ec1u v\u1ecb tr\u00ed c\u00f9ng l\u00fac ho\u1eb7c thao t\u00e1c b\u1ea5t th\u01b0\u1eddng, h\u1ec7 th\u1ed1ng s\u1ebd t\u1ef1 \u0111\u1ed9ng kh\u00f3a t\u00e0i kho\u1ea3n t\u1ea1m th\u1eddi. C\u01a1 ch\u1ebf n\u00e0y gi\u00fap ng\u0103n ch\u1eb7n k\u1ecbp th\u1eddi c\u00e1c nguy c\u01a1 t\u1eeb hacker.<\/span><\/p>\n<h2><span class=\"ez-toc-section\" id=\"Cong_nghe_ho_tro_chinh_sach_bao_mat_ra_sao\"><\/span><b>C\u00f4ng ngh\u1ec7 h\u1ed7 tr\u1ee3 ch\u00ednh s\u00e1ch b\u1ea3o m\u1eadt ra sao?<\/b><span class=\"ez-toc-section-end\"><\/span><\/h2>\n<p><span style=\"font-weight: 400;\">T\u1ea1i nh\u00e0 c\u00e1i hi\u1ec7n \u0111\u1ea1i s\u1ebd kh\u00f4ng th\u1ec3 thi\u1ebfu s\u1ef1 h\u1ed7 tr\u1ee3 t\u1eeb c\u00f4ng ngh\u1ec7 ti\u00ean ti\u1ebfn \u0111\u00fang kh\u00f4ng n\u00e0o. Ch\u1ee9ng ch\u1ec9 SSL gi\u00fap m\u00e3 h\u00f3a to\u00e0n b\u1ed9 \u0111\u01b0\u1eddng truy\u1ec1n, t\u01b0\u1eddng l\u1eeda \u0111a l\u1edbp ng\u0103n ch\u1eb7n x\u00e2m nh\u1eadp, v\u00e0 h\u1ec7 th\u1ed1ng ch\u1ed1ng DDoS b\u1ea3o v\u1ec7 website tr\u01b0\u1edbc m\u1ecdi cu\u1ed9c t\u1ea5n c\u00f4ng.<\/span><br \/>\n<span style=\"font-weight: 400;\">B\u00ean c\u1ea1nh \u0111\u00f3, tr\u00ed tu\u1ec7 nh\u00e2n t\u1ea1o (AI) ng\u00e0y c\u00e0ng \u0111\u01b0\u1ee3c \u1ee9ng d\u1ee5ng \u0111\u1ec3 ph\u00e1t hi\u1ec7n h\u00e0nh vi gian l\u1eadn nhanh ch\u00f3ng h\u01a1n. \u0110\u00e2y ch\u00ednh l\u00e0 minh ch\u1ee9ng cho th\u1ea5y s\u1ef1 ch\u1eafc ch\u1eafn kh\u00f4ng ph\u1ea3i l\u00e0 \u0111i\u1ec1u b\u1ea5t bi\u1ebfn, m\u00e0 lu\u00f4n ti\u1ebfn h\u00f3a \u0111\u1ec3 ph\u00f9 h\u1ee3p v\u1edbi th\u00e1ch th\u1ee9c m\u1edbi.<\/span><\/p>\n<h2><span class=\"ez-toc-section\" id=\"Cac_tinh_huong_dien_hinh_trong_chinh_sach_bao_mat\"><\/span><b>C\u00e1c t\u00ecnh hu\u1ed1ng \u0111i\u1ec3n h\u00ecnh trong ch\u00ednh s\u00e1ch b\u1ea3o m\u1eadt<\/b><span class=\"ez-toc-section-end\"><\/span><\/h2>\n<p><span style=\"font-weight: 400;\">Tr\u01b0\u1edbc h\u1ebft, khi x\u1ea3y ra tranh ch\u1ea5p giao d\u1ecbch, ng\u01b0\u1eddi ch\u01a1i c\u00f3 quy\u1ec1n g\u1eedi khi\u1ebfu n\u1ea1i k\u00e8m b\u1eb1ng ch\u1ee9ng. Th\u1ee9 hai, n\u1ebfu h\u1ec7 th\u1ed1ng ph\u00e1t hi\u1ec7n truy c\u1eadp tr\u00e1i ph\u00e9p, t\u00e0i kho\u1ea3n s\u1ebd b\u1ecb kh\u00f3a t\u1ea1m th\u1eddi \u0111\u1ec3 \u0111i\u1ec1u tra. Cu\u1ed1i c\u00f9ng, trong tr\u01b0\u1eddng h\u1ee3p c\u00f3 l\u1ed7 h\u1ed5ng k\u1ef9 thu\u1eadt, nh\u00e0 c\u00e1i ph\u1ea3i nhanh ch\u00f3ng kh\u1eafc ph\u1ee5c v\u00e0 b\u1ed3i th\u01b0\u1eddng n\u1ebfu c\u00f3 thi\u1ec7t h\u1ea1i.<\/span><\/p>\n<figure id=\"attachment_55\" aria-describedby=\"caption-attachment-55\" style=\"width: 800px\" class=\"wp-caption aligncenter\"><img loading=\"lazy\" decoding=\"async\" alt=\"C\u00e1c t\u00ecnh hu\u1ed1ng \u0111i\u1ec3n h\u00ecnh trong ch\u00ednh s\u00e1ch b\u1ea3o m\u1eadt\" class=\"size-full wp-image-55\" height=\"400\" src=\"https:\/\/jarvo.io\/wp-content\/uploads\/2025\/09\/chinh-sach-bao-mat-cac-tinh-huong.webp\" width=\"800\" title=\"\" srcset=\"https:\/\/jarvo.io\/wp-content\/uploads\/2025\/09\/chinh-sach-bao-mat-cac-tinh-huong.webp 800w, https:\/\/jarvo.io\/wp-content\/uploads\/2025\/09\/chinh-sach-bao-mat-cac-tinh-huong-300x150.webp 300w, https:\/\/jarvo.io\/wp-content\/uploads\/2025\/09\/chinh-sach-bao-mat-cac-tinh-huong-768x384.webp 768w\" sizes=\"auto, (max-width: 800px) 100vw, 800px\" \/><figcaption id=\"caption-attachment-55\" class=\"wp-caption-text\"><figcaption style=\"margin-top:8px;font-style:italic;color:#666;font-size:14px;\">C\u00e1c t\u00ecnh hu\u1ed1ng \u0111i\u1ec3n h\u00ecnh trong ch\u00ednh s\u00e1ch b\u1ea3o m\u1eadt<\/figcaption><\/figure>\n<p> C\u00e1c t\u00ecnh hu\u1ed1ng \u0111i\u1ec3n h\u00ecnh trong ch\u00ednh s\u00e1ch b\u1ea3o m\u1eadt<\/figcaption><\/figure>\n<h3><span class=\"ez-toc-section\" id=\"Xu_ly_tranh_chap\"><\/span><b>X\u1eed l\u00fd tranh ch\u1ea5p<\/b><span class=\"ez-toc-section-end\"><\/span><\/h3>\n<p><span style=\"font-weight: 400;\">M\u1ed9t \u0111i\u1ec3m \u0111\u00e1ng ch\u00fa \u00fd trong ch\u00ednh s\u00e1ch n\u00e0y t\u1ea1i nh\u00e0 c\u00e1i l\u00e0 c\u01a1 ch\u1ebf gi\u1ea3i quy\u1ebft tranh ch\u1ea5p. Quy tr\u00ecnh n\u00e0y minh b\u1ea1ch, y\u00eau c\u1ea7u b\u1eb1ng ch\u1ee9ng r\u00f5 r\u00e0ng t\u1eeb c\u1ea3 hai ph\u00eda, \u0111\u1ea3m b\u1ea3o k\u1ebft qu\u1ea3 cu\u1ed1i c\u00f9ng c\u00f4ng b\u1eb1ng.<\/span><\/p>\n<h3><span class=\"ez-toc-section\" id=\"Khoi_phuc_tai_khoan\"><\/span><b>Kh\u00f4i ph\u1ee5c t\u00e0i kho\u1ea3n<\/b><span class=\"ez-toc-section-end\"><\/span><\/h3>\n<p><span style=\"font-weight: 400;\">N\u1ebfu ng\u01b0\u1eddi ch\u01a1i b\u1ecb m\u1ea5t quy\u1ec1n truy c\u1eadp do b\u1ecb k\u1ebb gian t\u1ea5n c\u00f4ng, <\/span><b>ch\u00ednh s\u00e1ch b\u1ea3o m\u1eadt <\/b><span style=\"font-weight: 400;\">t\u1ea1i nh\u00e0 c\u00e1i s\u1ebd h\u01b0\u1edbng d\u1eabn kh\u00f4i ph\u1ee5c th\u00f4ng qua email x\u00e1c minh ho\u1eb7c x\u00e1c th\u1ef1c gi\u1ea5y t\u1edd. \u0110i\u1ec1u n\u00e0y \u0111\u01b0\u1ee3c xem l\u00e0 \u0111\u00e3 gi\u1ea3m thi\u1ec3u \u0111\u01b0\u1ee3c r\u1ee7i ro, m\u1ea5t m\u00e1t.<\/span><\/p>\n<h3><span class=\"ez-toc-section\" id=\"Cap_nhat_he_thong\"><\/span><b>C\u1eadp nh\u1eadt h\u1ec7 th\u1ed1ng<\/b><span class=\"ez-toc-section-end\"><\/span><\/h3>\n<p><span style=\"font-weight: 400;\">M\u1ed9t trong nh\u1eefng ph\u1ea7n \u00edt \u0111\u01b0\u1ee3c \u0111\u1ec3 \u00fd nh\u01b0ng v\u00f4 c\u00f9ng quan tr\u1ecdng c\u1ee7a ch\u00ednh s\u00e1ch t\u1ea1i nh\u00e0 c\u00e1i l\u00e0 vi\u1ec7c th\u01b0\u1eddng xuy\u00ean c\u1eadp nh\u1eadt h\u1ec7 th\u1ed1ng. C\u00e1c b\u1ea3n v\u00e1 l\u1ed7i v\u00e0 c\u1ea3i ti\u1ebfn li\u00ean t\u1ee5c \u0111\u01b0\u1ee3c \u00e1p d\u1ee5ng \u0111\u1ec3 n\u00e2ng cao hi\u1ec7u qu\u1ea3 b\u1ea3o v\u1ec7.<\/span><br \/>\n<!-- pjsxgi-related-links --><\/p>\n<p style=\"text-align: justify;\"><strong>C\u00f3 th\u1ec3 b\u1ea1n quan t\u00e2m:<\/strong> <a href=\"https:\/\/jarvo.io\/quyen-rieng-tu\/\">quy\u1ec1n ri\u00eang t\u01b0<\/a> \u2022 <a href=\"https:\/\/jarvo.io\/choi-co-trach-nhiem\/\">ch\u01a1i c\u00f3 tr\u00e1ch nhi\u1ec7m<\/a> \u2022 <a href=\"https:\/\/jarvo.io\/giay-phep-hoat-dong\/\">gi\u1ea5y ph\u00e9p ho\u1ea1t \u0111\u1ed9ng<\/a><\/p>\n<p><!-- pjsxgi-external-citation --><\/p>\n<p style=\"text-align: justify;font-size:13px;color:#666;border-left:3px solid #e5b343;padding-left:12px;margin:16px 0;\"><em>\ud83d\udcda Tham kh\u1ea3o: <a href=\"https:\/\/gdpr.eu\/\" rel=\"nofollow noopener\" target=\"_blank\">GDPR \u2013 EU Privacy Regulation<\/a><\/em><\/p>\n<h2><span class=\"ez-toc-section\" id=\"Tong_ket_vai_tro_cua_chinh_sach_bao_mat_tai_nha_cai\"><\/span><b>T\u1ed5ng k\u1ebft vai tr\u00f2 c\u1ee7a ch\u00ednh s\u00e1ch b\u1ea3o m\u1eadt t\u1ea1i nh\u00e0 c\u00e1i<\/b><span class=\"ez-toc-section-end\"><\/span><\/h2>\n<p><a href=\"https:\/\/jarvo.io\/chinh-sach-bao-mat\/\"><b>Ch\u00ednh s\u00e1ch b\u1ea3o m\u1eadt<\/b><\/a> <span style=\"font-weight: 400;\">t\u1ea1i nh\u00e0 c\u00e1i 69VN ch\u00ednh l\u00e0 n\u1ec1n t\u1ea3ng v\u1eefng ch\u1eafc \u0111\u1ea3m b\u1ea3o s\u1ef1 t\u1ed3n t\u1ea1i l\u00e2u d\u00e0i c\u1ee7a c\u1ea3 h\u1ec7 th\u1ed1ng. Kh\u00f4ng ch\u1ec9 b\u1ea3o v\u1ec7 d\u1eef li\u1ec7u c\u00e1 nh\u00e2n v\u00e0 t\u00e0i ch\u00ednh, n\u00f3 c\u00f2n l\u00e0 cam k\u1ebft c\u00f4ng khai v\u1ec1 s\u1ef1 minh b\u1ea1ch v\u00e0 uy t\u00edn. Khi hi\u1ec3u r\u00f5 c\u01a1 ch\u1ebf v\u1eadn h\u00e0nh, c\u00f4ng ngh\u1ec7 h\u1ed7 tr\u1ee3 v\u00e0 tr\u00e1ch nhi\u1ec7m hai b\u00ean, ng\u01b0\u1eddi ch\u01a1i s\u1ebd c\u00f3 tr\u1ea3i nghi\u1ec7m an to\u00e0n, c\u00f4ng b\u1eb1ng v\u00e0 \u0111\u1ea7y h\u1ee9ng kh\u1edfi.<\/span><\/p>\n","protected":false},"excerpt":{"rendered":"<p>Ch\u00ednh s\u00e1ch b\u1ea3o m\u1eadt &#8211; N\u01a1i m\u1ecdi th\u00f4ng tin \u0111\u01b0\u1ee3c l\u01b0u tr\u1eef \u0111\u1eb3ng c\u1ea5p Ch\u00ednh s\u00e1ch b\u1ea3o m\u1eadt t\u1ea1i 69 VN t\u1eeb l\u00e2u \u0111\u00e3 tr\u1edf th\u00e0nh n\u1ec1n m\u00f3ng t\u1ea1o n\u00ean uy t\u00edn v\u00e0 th\u01b0\u01a1ng hi\u1ec7u cho b\u1ea5t k\u1ef3 n\u1ec1n t\u1ea3ng c\u00e1 c\u01b0\u1ee3c n\u00e0o. Trong b\u1ed1i c\u1ea3nh gi\u1ea3i tr\u00ed tr\u1ef1c tuy\u1ebfn ph\u00e1t tri\u1ec3n m\u1ea1nh m\u1ebd, vi\u1ec7c [&#8230;]\n","protected":false},"author":1,"featured_media":53,"parent":0,"menu_order":0,"comment_status":"closed","ping_status":"closed","template":"","meta":{"footnotes":""},"class_list":["post-51","page","type-page","status-publish","has-post-thumbnail","hentry"],"_links":{"self":[{"href":"https:\/\/jarvo.io\/vi-vn\/wp-json\/wp\/v2\/pages\/51","targetHints":{"allow":["GET"]}}],"collection":[{"href":"https:\/\/jarvo.io\/vi-vn\/wp-json\/wp\/v2\/pages"}],"about":[{"href":"https:\/\/jarvo.io\/vi-vn\/wp-json\/wp\/v2\/types\/page"}],"author":[{"embeddable":true,"href":"https:\/\/jarvo.io\/vi-vn\/wp-json\/wp\/v2\/users\/1"}],"replies":[{"embeddable":true,"href":"https:\/\/jarvo.io\/vi-vn\/wp-json\/wp\/v2\/comments?post=51"}],"version-history":[{"count":0,"href":"https:\/\/jarvo.io\/vi-vn\/wp-json\/wp\/v2\/pages\/51\/revisions"}],"wp:featuredmedia":[{"embeddable":true,"href":"https:\/\/jarvo.io\/vi-vn\/wp-json\/wp\/v2\/media\/53"}],"wp:attachment":[{"href":"https:\/\/jarvo.io\/vi-vn\/wp-json\/wp\/v2\/media?parent=51"}],"curies":[{"name":"wp","href":"https:\/\/api.w.org\/{rel}","templated":true}]}}