{"id":418,"date":"2025-11-22T20:28:07","date_gmt":"2025-11-22T13:28:07","guid":{"rendered":"https:\/\/jarvo.io\/?page_id=418"},"modified":"2026-04-14T18:54:25","modified_gmt":"2026-04-14T11:54:25","slug":"vi-vn-2","status":"publish","type":"page","link":"https:\/\/jarvo.io\/vi-vn\/","title":{"rendered":"69VN"},"content":{"rendered":"\t<div class=\"img has-hover x md-x lg-x y md-y lg-y\" id=\"image_691234586\">\n\t\t\t\t\t\t\t\t<div class=\"img-inner dark\" >\n\t\t\t<img decoding=\"async\" width=\"1020\" height=\"351\" src=\"https:\/\/jarvo.io\/wp-content\/uploads\/2025\/09\/69vn-banner-1536x528-1-1024x352.webp\" class=\"attachment-large size-large\" alt=\"Banner ch\u00ednh th\u1ee9c nh\u00e0 c\u00e1i 69VN v\u1edbi giao di\u1ec7n hi\u1ec7n \u0111\u1ea1i\" srcset=\"https:\/\/jarvo.io\/wp-content\/uploads\/2025\/09\/69vn-banner-1536x528-1-1024x352.webp 1024w, https:\/\/jarvo.io\/wp-content\/uploads\/2025\/09\/69vn-banner-1536x528-1-300x103.webp 300w, https:\/\/jarvo.io\/wp-content\/uploads\/2025\/09\/69vn-banner-1536x528-1-768x264.webp 768w, https:\/\/jarvo.io\/wp-content\/uploads\/2025\/09\/69vn-banner-1536x528-1.webp 1536w\" sizes=\"auto, (max-width: 1020px) 100vw, 1020px\" loading=\"lazy\" title=\"\">\t\t\t\t\t\t\n\t\t\t\t\t<\/div>\n\t\t\t\t\t\t\t\t\n<style>\n#image_691234586 {\n  width: 100%;\n}\n<\/style>\n\t<\/div>\n\t\n\t<section class=\"section\" id=\"section_1117564045\">\n\t\t<div class=\"bg section-bg fill bg-fill  bg-loaded\" >\n\n\t\t\t\n\t\t\t\n\t\t\t\n\n\t\t<\/div>\n\n\t\t\n\n\t\t<div class=\"section-content relative\">\n\t\t\t\n<div class=\"row\"  id=\"row-1644890832\">\n\n\t<div id=\"col-1588678107\" class=\"col medium-6 small-12 large-6\"  >\n\t\t\t\t<div class=\"col-inner\"  >\n\t\t\t\n\t\t\t\n\t<div class=\"img has-hover x md-x lg-x y md-y lg-y\" id=\"image_1234255881\">\n\t\t<a class=\"\" href=\"https:\/\/hq.wzqx.xyz\/home\/mobile.html#\/?inviteCode=79159268\" rel=\"nofollow noopener\" target=\"_blank\">\t\t\t\t\t\t<div class=\"img-inner dark\" >\n\t\t\t<img decoding=\"async\" width=\"437\" height=\"169\" src=\"https:\/\/jarvo.io\/wp-content\/uploads\/2025\/11\/gift2.gif\" class=\"attachment-large size-large\" alt=\"Khuy\u1ebfn m\u00e3i t\u1eb7ng th\u01b0\u1edfng h\u1ea5p d\u1eabn d\u00e0nh cho h\u1ed9i vi\u00ean 69VN\" loading=\"lazy\" title=\"\">\t\t\t\t\t\t\n\t\t\t\t\t<\/div>\n\t\t\t\t\t\t<\/a>\t\t\n<style>\n#image_1234255881 {\n  width: 100%;\n}\n<\/style>\n\t<\/div>\n\t\n\t\t<\/div>\n\t\t\t\t\t<\/div>\n\n\t\n\n\t<div id=\"col-1649590048\" class=\"col medium-6 small-12 large-6\"  >\n\t\t\t\t<div class=\"col-inner\"  >\n\t\t\t\n\t\t\t\n\t<div class=\"img has-hover x md-x lg-x y md-y lg-y\" id=\"image_1915618336\">\n\t\t<a class=\"\" href=\"https:\/\/hq.wzqx.xyz\/home\/mobile.html#\/?inviteCode=79159268\" rel=\"nofollow noopener\" target=\"_blank\">\t\t\t\t\t\t<div class=\"img-inner dark\" >\n\t\t\t<img decoding=\"async\" width=\"437\" height=\"169\" src=\"https:\/\/jarvo.io\/wp-content\/uploads\/2025\/11\/gift1.gif\" class=\"attachment-large size-large\" alt=\"\u01afu \u0111\u00e3i ch\u00e0o m\u1eebng th\u00e0nh vi\u00ean m\u1edbi \u0111\u0103ng k\u00fd t\u1ea1i 69VN\" loading=\"lazy\" title=\"\">\t\t\t\t\t\t\n\t\t\t\t\t<\/div>\n\t\t\t\t\t\t<\/a>\t\t\n<style>\n#image_1915618336 {\n  width: 100%;\n}\n<\/style>\n\t<\/div>\n\t\n\t\t<\/div>\n\t\t\t\t\t<\/div>\n\n\t\n<\/div>\n<div class=\"container section-title-container\" ><h1 class=\"section-title section-title-bold-center\"><b><\/b><span class=\"section-title-main\" style=\"color:rgb(0, 0, 0);\">69VN - Nh\u00e0 C\u00e1i 69VN CAM Ch\u00ednh Th\u1ee9c | \u0110\u0103ng K\u00fd 69 VN +88K<\/span><b><\/b><\/h1><\/div>\n<div class=\"row\"  id=\"row-1580762409\">\n\n\t<div id=\"col-1764831296\" class=\"col small-12 large-12\"  >\n\t\t\t\t<div class=\"col-inner\"  >\n\t\t\t\n\t\t\t\n\t<div id=\"text-4272994497\" class=\"text\">\n\t\t\n<blockquote><p><a href=\"https:\/\/jarvo.io\/\">69VN<\/a> l\u00e0 m\u1ed9t trong nh\u1eefng l\u1ef1a ch\u1ecdn h\u00e0ng \u0111\u1ea7u c\u1ee7a c\u1ed9ng \u0111\u1ed9ng ng\u01b0\u1eddi ch\u01a1i c\u00e1 c\u01b0\u1ee3c tr\u1ef1c tuy\u1ebfn t\u1ea1i Vi\u1ec7t Nam. T\u1ea1i 69vn.com kh\u00f4ng ch\u1ec9 cung c\u1ea5p cho m\u1ecdi ng\u01b0\u1eddi nh\u1eefng s\u1ea3n ph\u1ea9m ch\u1ea5t l\u01b0\u1ee3ng m\u00e0 c\u00f2n cam k\u1ebft v\u1ec1 ch\u1ea5t l\u01b0\u1ee3ng ph\u1ee5c v\u1ee5 v\u00e0 \u0111\u1ed9 uy t\u00edn c\u1ee7a th\u01b0\u01a1ng hi\u1ec7u.<\/p><div id=\"ez-toc-container\" class=\"ez-toc-v2_0_76 counter-hierarchy ez-toc-counter ez-toc-grey ez-toc-container-direction\">\n<div class=\"ez-toc-title-container\">\n<p class=\"ez-toc-title\" style=\"cursor:inherit\">Table of Contents<\/p>\n<span class=\"ez-toc-title-toggle\"><a href=\"#\" class=\"ez-toc-pull-right ez-toc-btn ez-toc-btn-xs ez-toc-btn-default ez-toc-toggle\" aria-label=\"Toggle Table of Content\"><span class=\"ez-toc-js-icon-con\"><span class=\"\"><span class=\"eztoc-hide\" style=\"display:none;\">Toggle<\/span><span class=\"ez-toc-icon-toggle-span\"><svg style=\"fill: #999;color:#999\" xmlns=\"http:\/\/www.w3.org\/2000\/svg\" class=\"list-377408\" width=\"20px\" height=\"20px\" viewBox=\"0 0 24 24\" fill=\"none\"><path d=\"M6 6H4v2h2V6zm14 0H8v2h12V6zM4 11h2v2H4v-2zm16 0H8v2h12v-2zM4 16h2v2H4v-2zm16 0H8v2h12v-2z\" fill=\"currentColor\"><\/path><\/svg><svg style=\"fill: #999;color:#999\" class=\"arrow-unsorted-368013\" xmlns=\"http:\/\/www.w3.org\/2000\/svg\" width=\"10px\" height=\"10px\" viewBox=\"0 0 24 24\" version=\"1.2\" baseProfile=\"tiny\"><path d=\"M18.2 9.3l-6.2-6.3-6.2 6.3c-.2.2-.3.4-.3.7s.1.5.3.7c.2.2.4.3.7.3h11c.3 0 .5-.1.7-.3.2-.2.3-.5.3-.7s-.1-.5-.3-.7zM5.8 14.7l6.2 6.3 6.2-6.3c.2-.2.3-.5.3-.7s-.1-.5-.3-.7c-.2-.2-.4-.3-.7-.3h-11c-.3 0-.5.1-.7.3-.2.2-.3.5-.3.7s.1.5.3.7z\"\/><\/svg><\/span><\/span><\/span><\/a><\/span><\/div>\n<nav><ul class='ez-toc-list ez-toc-list-level-1 eztoc-toggle-hide-by-default' ><li class='ez-toc-page-1 ez-toc-heading-level-1'><a class=\"ez-toc-link ez-toc-heading-1\" href=\"https:\/\/jarvo.io\/vi-vn\/#69VN_%E2%80%93_Nha_Cai_69VN_CAM_Chinh_Thuc_Dang_Ky_69_VN_88K\" >69VN &#8211; Nh\u00e0 C\u00e1i 69VN CAM Ch\u00ednh Th\u1ee9c | \u0110\u0103ng K\u00fd 69 VN +88K<\/a><ul class='ez-toc-list-level-2' ><li class='ez-toc-heading-level-2'><a class=\"ez-toc-link ez-toc-heading-2\" href=\"https:\/\/jarvo.io\/vi-vn\/#Gioi_thieu_ve_nha_cai_69VN\" >Gi\u1edbi thi\u1ec7u v\u1ec1 nh\u00e0 c\u00e1i 69VN<\/a><\/li><li class='ez-toc-page-1 ez-toc-heading-level-2'><a class=\"ez-toc-link ez-toc-heading-3\" href=\"https:\/\/jarvo.io\/vi-vn\/#Cac_san_pham_ca_cuoc_da_dang_tai_69VN\" >C\u00e1c s\u1ea3n ph\u1ea9m c\u00e1 c\u01b0\u1ee3c \u0111a d\u1ea1ng t\u1ea1i 69VN<\/a><\/li><li class='ez-toc-page-1 ez-toc-heading-level-2'><a class=\"ez-toc-link ez-toc-heading-4\" href=\"https:\/\/jarvo.io\/vi-vn\/#Tai_sao_nen_chon_69VN_thay_vi_cac_nha_cai_khac\" >T\u1ea1i sao n\u00ean ch\u1ecdn 69VN thay v\u00ec c\u00e1c nh\u00e0 c\u00e1i kh\u00e1c?<\/a><\/li><li class='ez-toc-page-1 ez-toc-heading-level-2'><a class=\"ez-toc-link ez-toc-heading-5\" href=\"https:\/\/jarvo.io\/vi-vn\/#Huong_dan_dang_ky_va_bat_dau_choi_tai_69VN\" >H\u01b0\u1edbng d\u1eabn \u0111\u0103ng k\u00fd v\u00e0 b\u1eaft \u0111\u1ea7u ch\u01a1i t\u1ea1i 69VN<\/a><\/li><\/ul><\/li><\/ul><\/nav><\/div>\n\n<p>Trang ch\u1ee7 nh\u00e0 c\u00e1i 69VN: <a href=\"https:\/\/jarvo.io\/\">https:\/\/jarvo.io\/<\/a><\/p><\/blockquote>\n<div class=\"TyagGW_tableContainer\">\n<div class=\"group TyagGW_tableWrapper flex w-fit flex-col-reverse\" tabindex=\"-1\">\n<table class=\"w-fit min-w-(--thread-content-width)\" data-end=\"2030\" data-start=\"154\">\n<thead data-end=\"274\" data-start=\"154\">\n<tr data-end=\"274\" data-start=\"154\">\n<th data-col-size=\"sm\" data-end=\"188\" data-start=\"154\">Ti\u00eau ch\u00ed<\/th>\n<th data-col-size=\"md\" data-end=\"230\" data-start=\"188\"><strong data-end=\"199\" data-start=\"190\">69VN<\/strong><\/th>\n<th data-col-size=\"md\" data-end=\"274\" data-start=\"230\"><strong data-end=\"245\" data-start=\"232\">Nh\u00e0 c\u00e1i X<\/strong><\/th>\n<\/tr>\n<\/thead>\n<tbody data-end=\"2030\" data-start=\"397\">\n<tr data-end=\"537\" data-start=\"397\">\n<td data-col-size=\"sm\" data-end=\"432\" data-start=\"397\"><strong data-end=\"412\" data-start=\"399\">\u0110\u1ed9 uy t\u00edn<\/strong><\/td>\n<td data-col-size=\"md\" data-end=\"489\" data-start=\"432\">R\u1ea5t uy t\u00edn, ho\u1ea1t \u0111\u1ed9ng l\u00e2u d\u00e0i v\u00e0 c\u00f3 ch\u1ee9ng ch\u1ec9 h\u1ee3p ph\u00e1p<\/td>\n<td data-col-size=\"md\" data-end=\"537\" data-start=\"489\">Th\u00f4ng tin v\u1ec1 \u0111\u1ed9 uy t\u00edn h\u1ea1n ch\u1ebf, ch\u01b0a r\u00f5 r\u00e0ng<\/td>\n<\/tr>\n<tr data-end=\"696\" data-start=\"538\">\n<td data-col-size=\"sm\" data-end=\"573\" data-start=\"538\"><strong data-end=\"560\" data-start=\"540\">S\u1ea3n ph\u1ea9m c\u00e1 c\u01b0\u1ee3c<\/strong><\/td>\n<td data-col-size=\"md\" data-end=\"639\" data-start=\"573\">C\u00e1 c\u01b0\u1ee3c th\u1ec3 thao, casino tr\u1ef1c tuy\u1ebfn, game slot, poker, e-sports<\/td>\n<td data-col-size=\"md\" data-end=\"696\" data-start=\"639\">C\u00e1 c\u01b0\u1ee3c th\u1ec3 thao, casino tr\u1ef1c tuy\u1ebfn, m\u1ed9t s\u1ed1 game slot<\/td>\n<\/tr>\n<tr data-end=\"860\" data-start=\"697\">\n<td data-col-size=\"sm\" data-end=\"732\" data-start=\"697\"><strong data-end=\"720\" data-start=\"699\">Giao di\u1ec7n website<\/strong><\/td>\n<td data-col-size=\"md\" data-end=\"806\" data-start=\"732\">D\u1ec5 s\u1eed d\u1ee5ng, th\u00e2n thi\u1ec7n v\u1edbi ng\u01b0\u1eddi ch\u01a1i, t\u1ed1i \u01b0u tr\u00ean c\u1ea3 desktop v\u00e0 mobile<\/td>\n<td data-col-size=\"md\" data-end=\"860\" data-start=\"806\">Giao di\u1ec7n \u0111\u01a1n gi\u1ea3n, nh\u01b0ng \u0111\u00f4i khi kh\u00f4ng d\u1ec5 s\u1eed d\u1ee5ng<\/td>\n<\/tr>\n<tr data-end=\"1003\" data-start=\"861\">\n<td data-col-size=\"sm\" data-end=\"896\" data-start=\"861\"><strong data-end=\"877\" data-start=\"863\">T\u1ef7 l\u1ec7 c\u01b0\u1ee3c<\/strong><\/td>\n<td data-col-size=\"md\" data-end=\"957\" data-start=\"896\">T\u1ef7 l\u1ec7 c\u01b0\u1ee3c cao v\u00e0 c\u1ea1nh tranh, \u0111\u1eb7c bi\u1ec7t l\u00e0 c\u00e1 c\u01b0\u1ee3c th\u1ec3 thao<\/td>\n<td data-col-size=\"md\" data-end=\"1003\" data-start=\"957\">T\u1ef7 l\u1ec7 c\u01b0\u1ee3c kh\u00e1 \u1ed5n, nh\u01b0ng kh\u00f4ng qu\u00e1 n\u1ed5i b\u1eadt<\/td>\n<\/tr>\n<tr data-end=\"1173\" data-start=\"1004\">\n<td data-col-size=\"sm\" data-end=\"1039\" data-start=\"1004\"><strong data-end=\"1020\" data-start=\"1006\">Khuy\u1ebfn m\u00e3i<\/strong><\/td>\n<td data-col-size=\"md\" data-end=\"1110\" data-start=\"1039\">C\u00e1c ch\u01b0\u01a1ng tr\u00ecnh khuy\u1ebfn m\u00e3i h\u1ea5p d\u1eabn, \u01b0u \u0111\u00e3i cho ng\u01b0\u1eddi ch\u01a1i m\u1edbi v\u00e0 c\u0169<\/td>\n<td data-col-size=\"md\" data-end=\"1173\" data-start=\"1110\">Khuy\u1ebfn m\u00e3i \u00edt, kh\u00f4ng c\u00f3 ch\u01b0\u01a1ng tr\u00ecnh \u0111\u1eb7c bi\u1ec7t cho ng\u01b0\u1eddi m\u1edbi<\/td>\n<\/tr>\n<tr data-end=\"1325\" data-start=\"1174\">\n<td data-col-size=\"sm\" data-end=\"1209\" data-start=\"1174\"><strong data-end=\"1202\" data-start=\"1176\">Ph\u01b0\u01a1ng th\u1ee9c thanh to\u00e1n<\/strong><\/td>\n<td data-col-size=\"md\" data-end=\"1278\" data-start=\"1209\">\u0110a d\u1ea1ng: chuy\u1ec3n kho\u1ea3n ng\u00e2n h\u00e0ng, v\u00ed \u0111i\u1ec7n t\u1eed, th\u1ebb c\u00e0o, ti\u1ec1n \u0111i\u1ec7n t\u1eed<\/td>\n<td data-col-size=\"md\" data-end=\"1325\" data-start=\"1278\">H\u1ea1n ch\u1ebf ph\u01b0\u01a1ng th\u1ee9c thanh to\u00e1n, \u00edt l\u1ef1a ch\u1ecdn<\/td>\n<\/tr>\n<tr data-end=\"1457\" data-start=\"1326\">\n<td data-col-size=\"sm\" data-end=\"1361\" data-start=\"1326\"><strong data-end=\"1349\" data-start=\"1328\">H\u1ed7 tr\u1ee3 kh\u00e1ch h\u00e0ng<\/strong><\/td>\n<td data-col-size=\"md\" data-end=\"1413\" data-start=\"1361\">24\/7, h\u1ed7 tr\u1ee3 qua chat tr\u1ef1c ti\u1ebfp, email v\u00e0 hotline<\/td>\n<td data-col-size=\"md\" data-end=\"1457\" data-start=\"1413\">H\u1ed7 tr\u1ee3 24\/7, nh\u01b0ng \u0111\u00f4i khi ph\u1ea3n h\u1ed3i ch\u1eadm<\/td>\n<\/tr>\n<tr data-end=\"1590\" data-start=\"1458\">\n<td data-col-size=\"sm\" data-end=\"1493\" data-start=\"1458\"><strong data-end=\"1471\" data-start=\"1460\">B\u1ea3o m\u1eadt<\/strong><\/td>\n<td data-col-size=\"md\" data-end=\"1548\" data-start=\"1493\">S\u1eed d\u1ee5ng m\u00e3 h\u00f3a SSL, b\u1ea3o m\u1eadt th\u00f4ng tin ng\u01b0\u1eddi ch\u01a1i cao<\/td>\n<td data-col-size=\"md\" data-end=\"1590\" data-start=\"1548\">M\u1ee9c b\u1ea3o m\u1eadt kh\u00f4ng \u0111\u01b0\u1ee3c c\u00f4ng b\u1ed1 r\u00f5 r\u00e0ng<\/td>\n<\/tr>\n<tr data-end=\"1743\" data-start=\"1591\">\n<td data-col-size=\"sm\" data-end=\"1626\" data-start=\"1591\"><strong data-end=\"1614\" data-start=\"1593\">Kh\u1ea3 n\u0103ng r\u00fat ti\u1ec1n<\/strong><\/td>\n<td data-col-size=\"md\" data-end=\"1690\" data-start=\"1626\">Nhanh ch\u00f3ng, th\u01b0\u1eddng xuy\u00ean c\u00f3 c\u00e1c ch\u01b0\u01a1ng tr\u00ecnh r\u00fat ti\u1ec1n \u01b0u \u0111\u00e3i<\/td>\n<td data-col-size=\"md\" data-end=\"1743\" data-start=\"1690\">Th\u1eddi gian r\u00fat ti\u1ec1n c\u00f3 th\u1ec3 ch\u1eadm, \u0111\u00f4i khi g\u1eb7p s\u1ef1 c\u1ed1<\/td>\n<\/tr>\n<tr data-end=\"1870\" data-start=\"1744\">\n<td data-col-size=\"sm\" data-end=\"1779\" data-start=\"1744\"><strong data-end=\"1775\" data-start=\"1746\">T\u00ednh \u1ed5n \u0111\u1ecbnh c\u1ee7a n\u1ec1n t\u1ea3ng<\/strong><\/td>\n<td data-col-size=\"md\" data-end=\"1815\" data-start=\"1779\">\u1ed4n \u0111\u1ecbnh, \u00edt g\u1eb7p s\u1ef1 c\u1ed1 v\u1ec1 h\u1ec7 th\u1ed1ng<\/td>\n<td data-col-size=\"md\" data-end=\"1870\" data-start=\"1815\">N\u1ec1n t\u1ea3ng th\u01b0\u1eddng xuy\u00ean b\u1ecb gi\u00e1n \u0111o\u1ea1n, \u0111\u1ed9 \u1ed5n \u0111\u1ecbnh th\u1ea5p<\/td>\n<\/tr>\n<tr data-end=\"2030\" data-start=\"1871\">\n<td data-col-size=\"sm\" data-end=\"1906\" data-start=\"1871\"><strong data-end=\"1900\" data-start=\"1873\">\u0110\u00e1nh gi\u00e1 c\u1ee7a ng\u01b0\u1eddi ch\u01a1i<\/strong><\/td>\n<td data-col-size=\"md\" data-end=\"1950\" data-start=\"1906\">\u0110\u01b0\u1ee3c \u0111\u00e1nh gi\u00e1 cao v\u1ec1 d\u1ecbch v\u1ee5 v\u00e0 \u0111\u1ed9 uy t\u00edn<\/td>\n<td data-col-size=\"md\" data-end=\"2030\" data-start=\"1950\">Ph\u1ea3n h\u1ed3i c\u1ee7a ng\u01b0\u1eddi ch\u01a1i kh\u00f4ng \u0111\u1ed3ng \u0111\u1ec1u, m\u1ed9t s\u1ed1 ph\u1ea3n \u00e1nh v\u1ea5n \u0111\u1ec1 v\u1ec1 \u0111\u1ed9 tin c\u1eady<\/td>\n<\/tr>\n<\/tbody>\n<\/table>\n<\/div>\n<\/div>\n\t\t\n<style>\n#text-4272994497 {\n  color: rgb(0,0,0);\n}\n#text-4272994497 > * {\n  color: rgb(0,0,0);\n}\n<\/style>\n\t<\/div>\n\t\n\t\t<\/div>\n\t\t\t\t\t<\/div>\n\n\t\n<\/div>\n<div class=\"row\"  id=\"row-1330118251\">\n\n\t<div id=\"col-1379970171\" class=\"col small-12 large-12\"  >\n\t\t\t\t<div class=\"col-inner\"  >\n\t\t\t\n\t\t\t\n\t<div id=\"text-2262358375\" class=\"text\">\n\t\t\n<h2 style=\"text-align: justify;\"><span class=\"ez-toc-section\" id=\"Gioi_thieu_ve_nha_cai_69VN\"><\/span><b>Gi\u1edbi thi\u1ec7u v\u1ec1 nh\u00e0 c\u00e1i 69VN<\/b><span class=\"ez-toc-section-end\"><\/span><\/h2>\n<p style=\"text-align: justify;\"><b>69VN<\/b> l\u00e0 th\u01b0\u01a1ng hi\u1ec7u nh\u00e0 c\u00e1i tr\u1ef1c tuy\u1ebfn uy t\u00edn h\u00e0ng \u0111\u1ea7u Vi\u1ec7t Nam, \u0111\u01b0\u1ee3c c\u1ea5p ph\u00e9p ho\u1ea1t \u0111\u1ed9ng b\u1edfi c\u00e1c t\u1ed5 ch\u1ee9c qu\u1ed1c t\u1ebf danh ti\u1ebfng nh\u01b0 <b>Malta Gaming Authority<\/b>, <b>BVI Financial Services Commission<\/b> v\u00e0 <b>Philippine PAGCOR<\/b>. V\u1edbi h\u01a1n 10 n\u0103m kinh nghi\u1ec7m trong ng\u00e0nh gi\u1ea3i tr\u00ed tr\u1ef1c tuy\u1ebfn, 69VN \u0111\u00e3 ph\u1ee5c v\u1ee5 h\u00e0ng tri\u1ec7u c\u01b0\u1ee3c th\u1ee7 tr\u00ean to\u00e0n th\u1ebf gi\u1edbi b\u1eb1ng c\u00f4ng ngh\u1ec7 m\u00e3 h\u00f3a SSL 256-bit, \u0111\u1ea3m b\u1ea3o m\u1ecdi giao d\u1ecbch v\u00e0 th\u00f4ng tin c\u00e1 nh\u00e2n \u0111\u1ec1u \u0111\u01b0\u1ee3c b\u1ea3o v\u1ec7 tuy\u1ec7t \u0111\u1ed1i.<\/p>\n<p style=\"text-align: justify;\">\u0110i\u1ec3m n\u1ed5i b\u1eadt c\u1ee7a 69VN l\u00e0 giao di\u1ec7n th\u00e2n thi\u1ec7n v\u1edbi c\u1ea3 desktop v\u00e0 mobile, t\u1ed1c \u0111\u1ed9 t\u1ea3i trang nhanh, h\u1ed7 tr\u1ee3 \u0111\u0103ng k\u00fd ch\u1ec9 trong 30 gi\u00e2y. C\u01b0\u1ee3c th\u1ee7 c\u00f3 th\u1ec3 n\u1ea1p\/r\u00fat ti\u1ec1n qua 15+ ng\u00e2n h\u00e0ng n\u1ed9i \u0111\u1ecba Vi\u1ec7t Nam, v\u00ed \u0111i\u1ec7n t\u1eed Momo, ZaloPay, ViettelPay c\u00f9ng USDT ti\u1ec1n \u0111i\u1ec7n t\u1eed. T\u1ea5t c\u1ea3 giao d\u1ecbch \u0111\u01b0\u1ee3c x\u1eed l\u00fd t\u1ef1 \u0111\u1ed9ng 24\/7, ho\u00e0n t\u1ea5t trong v\u00e0i ph\u00fat.<\/p>\n<h2 style=\"text-align: justify;\"><span class=\"ez-toc-section\" id=\"Cac_san_pham_ca_cuoc_da_dang_tai_69VN\"><\/span><b>C\u00e1c s\u1ea3n ph\u1ea9m c\u00e1 c\u01b0\u1ee3c \u0111a d\u1ea1ng t\u1ea1i 69VN<\/b><span class=\"ez-toc-section-end\"><\/span><\/h2>\n<p style=\"text-align: justify;\">69VN cung c\u1ea5p \u0111\u1ea7y \u0111\u1ee7 6 s\u1ea3n ph\u1ea9m gi\u1ea3i tr\u00ed ch\u00ednh, \u0111\u00e1p \u1ee9ng m\u1ecdi s\u1edf th\u00edch c\u1ee7a c\u01b0\u1ee3c th\u1ee7 Vi\u1ec7t Nam:<\/p>\n<ul style=\"text-align: justify;\">\n<li><a href=\"https:\/\/jarvo.io\/the-thao\/\"><b>Th\u1ec3 thao tr\u1ef1c tuy\u1ebfn<\/b><\/a>: C\u00e1 c\u01b0\u1ee3c b\u00f3ng \u0111\u00e1, b\u00f3ng r\u1ed5, tennis, eSports v\u1edbi k\u00e8o ch\u00e2u \u00c1, ch\u00e2u \u00c2u, t\u00e0i x\u1ec9u c\u1eadp nh\u1eadt li\u00ean t\u1ee5c t\u1eeb h\u00e0ng tr\u0103m gi\u1ea3i \u0111\u1ea5u tr\u00ean to\u00e0n th\u1ebf gi\u1edbi.<\/li>\n<li><a href=\"https:\/\/jarvo.io\/casino\/\"><b>Casino tr\u1ef1c tuy\u1ebfn<\/b><\/a>: S\u1ea3nh casino live ph\u00e1t s\u00f3ng HD t\u1eeb studio th\u1eadt v\u1edbi Baccarat, Roulette, Blackjack, Sicbo v\u00e0 dealer chuy\u00ean nghi\u1ec7p 24\/7.<\/li>\n<li><a href=\"https:\/\/jarvo.io\/no-hu\/\"><b>N\u1ed5 h\u0169 (Slot game)<\/b><\/a>: H\u00e0ng tr\u0103m t\u1ef1a slot t\u1eeb c\u00e1c nh\u00e0 ph\u00e1t h\u00e0nh h\u00e0ng \u0111\u1ea7u v\u1edbi jackpot progressive l\u00ean \u0111\u1ebfn h\u00e0ng t\u1ef7 \u0111\u1ed3ng.<\/li>\n<li><a href=\"https:\/\/jarvo.io\/game-bai\/\"><b>Game b\u00e0i tr\u1ef1c tuy\u1ebfn<\/b><\/a>: Ti\u1ebfn L\u00ean Mi\u1ec1n Nam, Ph\u1ecfm, Poker, M\u1eadu Binh v\u1edbi h\u1ec7 th\u1ed1ng b\u00e0n ch\u01a1i \u0111a c\u1ea5p \u0111\u1ed9 t\u1eeb ng\u01b0\u1eddi m\u1edbi \u0111\u1ebfn cao th\u1ee7.<\/li>\n<li><a href=\"https:\/\/jarvo.io\/xo-so\/\"><b>X\u1ed5 s\u1ed1 \u2013 L\u00f4 \u0111\u1ec1<\/b><\/a>: L\u00f4 b\u1ea1ch th\u1ee7, l\u00f4 k\u00e9p, l\u00f4 gan 3 mi\u1ec1n B\u1eafc-Trung-Nam v\u1edbi t\u1ef7 l\u1ec7 \u0103n h\u1ea5p d\u1eabn 1:99 cho l\u00f4, 1:80 cho \u0111\u1ec1.<\/li>\n<li><a href=\"https:\/\/jarvo.io\/ban-ca\/\"><b>B\u1eafn c\u00e1 \u0111\u1ed5i th\u01b0\u1edfng<\/b><\/a>: Game arcade 3D v\u1edbi h\u00e0ng tr\u0103m lo\u00e0i c\u00e1, boss kh\u1ee7ng v\u00e0 c\u01a1 ch\u1ebf \u0111\u1ed5i th\u01b0\u1edfng minh b\u1ea1ch.<\/li>\n<\/ul>\n<h2 style=\"text-align: justify;\"><span class=\"ez-toc-section\" id=\"Tai_sao_nen_chon_69VN_thay_vi_cac_nha_cai_khac\"><\/span><b>T\u1ea1i sao n\u00ean ch\u1ecdn 69VN thay v\u00ec c\u00e1c nh\u00e0 c\u00e1i kh\u00e1c?<\/b><span class=\"ez-toc-section-end\"><\/span><\/h2>\n<p style=\"text-align: justify;\">Gi\u1eefa h\u00e0ng ch\u1ee5c nh\u00e0 c\u00e1i \u0111ang ho\u1ea1t \u0111\u1ed9ng t\u1ea1i th\u1ecb tr\u01b0\u1eddng Vi\u1ec7t Nam, 69VN v\u01b0\u01a1n l\u00ean top \u0111\u1ea7u nh\u1edd 5 l\u1ee3i th\u1ebf c\u1ed1t l\u00f5i:<\/p>\n<p style=\"text-align: justify;\"><b>Th\u1ee9 nh\u1ea5t, uy t\u00edn \u0111\u01b0\u1ee3c b\u1ea3o ch\u1ee9ng b\u1edfi gi\u1ea5y ph\u00e9p qu\u1ed1c t\u1ebf<\/b>. <a href=\"https:\/\/jarvo.io\/giay-phep-hoat-dong\/\">69VN s\u1edf h\u1eefu gi\u1ea5y ph\u00e9p ho\u1ea1t \u0111\u1ed9ng t\u1eeb Malta, BVI v\u00e0 Philippines<\/a> \u2013 ba t\u1ed5 ch\u1ee9c c\u1ea5p ph\u00e9p nghi\u00eam ng\u1eb7t nh\u1ea5t ng\u00e0nh c\u00e1 c\u01b0\u1ee3c to\u00e0n c\u1ea7u. \u0110i\u1ec1u n\u00e0y \u0111\u1ea3m b\u1ea3o m\u1ecdi ho\u1ea1t \u0111\u1ed9ng \u0111\u1ec1u tu\u00e2n th\u1ee7 ph\u00e1p lu\u1eadt qu\u1ed1c t\u1ebf.<\/p>\n<p style=\"text-align: justify;\"><b>Th\u1ee9 hai, t\u1ef7 l\u1ec7 ho\u00e0n tr\u1ea3 (RTP) cao nh\u1ea5t th\u1ecb tr\u01b0\u1eddng<\/b>. C\u00e1c t\u1ef1a slot t\u1ea1i 69VN c\u00f3 RTP trung b\u00ecnh 96-98%, cao h\u01a1n \u0111\u00e1ng k\u1ec3 so v\u1edbi ti\u00eau chu\u1ea9n 94% c\u1ee7a \u0111a s\u1ed1 nh\u00e0 c\u00e1i kh\u00e1c. C\u01b0\u1ee3c th\u1ee7 c\u00f3 c\u01a1 h\u1ed9i th\u1eafng l\u1edbn h\u01a1n trong d\u00e0i h\u1ea1n.<\/p>\n<p style=\"text-align: justify;\"><b>Th\u1ee9 ba, khuy\u1ebfn m\u00e3i h\u1ea5p d\u1eabn li\u00ean t\u1ee5c<\/b>. Th\u00e0nh vi\u00ean m\u1edbi nh\u1eadn ngay 88K th\u01b0\u1edfng ch\u00e0o m\u1eebng, th\u01b0\u1edfng n\u1ea1p \u0111\u1ea7u 100% l\u00ean \u0111\u1ebfn 8.888.000 VN\u0110, ho\u00e0n tr\u1ea3 h\u00e0ng ng\u00e0y 1-2% tr\u00ean t\u1ed5ng c\u01b0\u1ee3c. <a href=\"https:\/\/jarvo.io\/dang-ky\/\">\u0110\u0103ng k\u00fd ngay t\u1ea1i 69VN<\/a> \u0111\u1ec3 nh\u1eadn \u01b0u \u0111\u00e3i.<\/p>\n<p style=\"text-align: justify;\"><b>Th\u1ee9 t\u01b0, t\u1ed1c \u0111\u1ed9 giao d\u1ecbch si\u00eau nhanh<\/b>. <a href=\"https:\/\/jarvo.io\/nap-tien\/\">N\u1ea1p ti\u1ec1n<\/a> t\u1ef1 \u0111\u1ed9ng trong 1-2 ph\u00fat, <a href=\"https:\/\/jarvo.io\/rut-tien\/\">r\u00fat ti\u1ec1n<\/a> x\u1eed l\u00fd d\u01b0\u1edbi 5 ph\u00fat v\u1edbi m\u1ecdi ng\u00e2n h\u00e0ng n\u1ed9i \u0111\u1ecba.<\/p>\n<p style=\"text-align: justify;\"><b>Th\u1ee9 n\u0103m, h\u1ed7 tr\u1ee3 kh\u00e1ch h\u00e0ng chuy\u00ean nghi\u1ec7p 24\/7<\/b>. \u0110\u1ed9i ng\u0169 CSKH n\u00f3i ti\u1ebfng Vi\u1ec7t s\u1eb5n s\u00e0ng gi\u1ea3i \u0111\u00e1p qua live chat, hotline, Zalo v\u00e0 Telegram b\u1ea5t k\u1ec3 ng\u00e0y \u0111\u00eam.<\/p>\n<h2 style=\"text-align: justify;\"><span class=\"ez-toc-section\" id=\"Huong_dan_dang_ky_va_bat_dau_choi_tai_69VN\"><\/span><b>H\u01b0\u1edbng d\u1eabn \u0111\u0103ng k\u00fd v\u00e0 b\u1eaft \u0111\u1ea7u ch\u01a1i t\u1ea1i 69VN<\/b><span class=\"ez-toc-section-end\"><\/span><\/h2>\n<p style=\"text-align: justify;\">\u0110\u1ec3 tr\u1edf th\u00e0nh th\u00e0nh vi\u00ean 69VN v\u00e0 t\u1eadn h\u01b0\u1edfng m\u1ecdi \u01b0u \u0111\u00e3i, c\u01b0\u1ee3c th\u1ee7 ch\u1ec9 c\u1ea7n 3 b\u01b0\u1edbc \u0111\u01a1n gi\u1ea3n:<\/p>\n<ol style=\"text-align: justify;\">\n<li><b>B\u01b0\u1edbc 1: \u0110\u0103ng k\u00fd t\u00e0i kho\u1ea3n<\/b> \u2013 Truy c\u1eadp <a href=\"https:\/\/jarvo.io\/dang-ky\/\">trang \u0111\u0103ng k\u00fd<\/a>, \u0111i\u1ec1n t\u00ean \u0111\u0103ng nh\u1eadp, m\u1eadt kh\u1ea9u, s\u1ed1 \u0111i\u1ec7n tho\u1ea1i v\u00e0 email. Ho\u00e0n t\u1ea5t trong 30 gi\u00e2y.<\/li>\n<li><b>B\u01b0\u1edbc 2: \u0110\u0103ng nh\u1eadp v\u00e0 x\u00e1c minh<\/b> \u2013 Sau khi \u0111\u0103ng k\u00fd, <a href=\"https:\/\/jarvo.io\/dang-nhap\/\">\u0111\u0103ng nh\u1eadp v\u00e0o t\u00e0i kho\u1ea3n<\/a> v\u00e0 li\u00ean k\u1ebft th\u00f4ng tin ng\u00e2n h\u00e0ng \u0111\u1ec3 n\u1ea1p r\u00fat.<\/li>\n<li><b>B\u01b0\u1edbc 3: Nh\u1eadn khuy\u1ebfn m\u00e3i v\u00e0 ch\u01a1i<\/b> \u2013 Th\u01b0\u1edfng 88K ch\u00e0o m\u1eebng t\u1ef1 \u0111\u1ed9ng v\u00e0o t\u00e0i kho\u1ea3n ngay khi n\u1ea1p l\u1ea7n \u0111\u1ea7u. L\u1ef1a ch\u1ecdn s\u1ea3n ph\u1ea9m y\u00eau th\u00edch v\u00e0 b\u1eaft \u0111\u1ea7u tr\u1ea3i nghi\u1ec7m.<\/li>\n<\/ol>\n<p style=\"text-align: justify;\">Tr\u01b0\u1edbc khi b\u1eaft \u0111\u1ea7u, c\u01b0\u1ee3c th\u1ee7 n\u00ean tham kh\u1ea3o <a href=\"https:\/\/jarvo.io\/choi-co-trach-nhiem\/\">h\u01b0\u1edbng d\u1eabn ch\u01a1i c\u00f3 tr\u00e1ch nhi\u1ec7m<\/a> \u0111\u1ec3 duy tr\u00ec tr\u1ea3i nghi\u1ec7m l\u00e0nh m\u1ea1nh v\u00e0 b\u1ec1n v\u1eefng. 69VN khuy\u1ebfn kh\u00edch m\u1ecdi ng\u01b0\u1eddi ch\u01a1i \u0111\u1eb7t ng\u00e2n s\u00e1ch h\u1ee3p l\u00fd, kh\u00f4ng coi c\u00e1 c\u01b0\u1ee3c l\u00e0 ngu\u1ed3n thu nh\u1eadp ch\u00ednh, v\u00e0 t\u00ecm ki\u1ebfm h\u1ed7 tr\u1ee3 khi c\u1ea7n thi\u1ebft.<\/p>\n<p style=\"text-align: justify;\">V\u1edbi cam k\u1ebft <a href=\"https:\/\/jarvo.io\/quyen-rieng-tu\/\">b\u1ea3o v\u1ec7 quy\u1ec1n ri\u00eang t\u01b0<\/a> v\u00e0 <a href=\"https:\/\/jarvo.io\/chinh-sach-bao-mat\/\">ch\u00ednh s\u00e1ch b\u1ea3o m\u1eadt<\/a> nghi\u00eam ng\u1eb7t, 69VN t\u1ef1 h\u00e0o l\u00e0 ng\u00f4i nh\u00e0 tin c\u1eady cho h\u00e0ng tri\u1ec7u c\u01b0\u1ee3c th\u1ee7 Vi\u1ec7t Nam. H\u00e3y tham gia c\u1ed9ng \u0111\u1ed3ng 69VN ngay h\u00f4m nay \u0111\u1ec3 kh\u00f4ng b\u1ecf l\u1ee1 b\u1ea5t k\u1ef3 c\u01a1 h\u1ed9i n\u00e0o.<\/p>\n\t\t\n<style>\n#text-2262358375 {\n  color: rgb(0,0,0);\n}\n#text-2262358375 > * {\n  color: rgb(0,0,0);\n}\n<\/style>\n\t<\/div>\n\t\n\t\t<\/div>\n\t\t\t\t\t<\/div>\n\n\t\n<\/div>\n<div class=\"row\"  id=\"row-277093498\">\n\n\t<div id=\"col-1180051835\" class=\"col medium-6 small-12 large-6\"  >\n\t\t\t\t<div class=\"col-inner\"  >\n\t\t\t\n\t\t\t\n\t<div class=\"img has-hover x md-x lg-x y md-y lg-y\" id=\"image_82449498\">\n\t\t<a class=\"\" href=\"https:\/\/2rfasw.meilong.cc\/?inviteCode=95236394\" target=\"_blank\" rel=\"nofollow noopener\">\t\t\t\t<div data-animate=\"fadeInLeft\">\t\t<div class=\"img-inner dark\" >\n\t\t\t<img decoding=\"async\" width=\"728\" height=\"90\" src=\"https:\/\/jarvo.io\/wp-content\/uploads\/2025\/09\/qh88-gif3.gif\" class=\"attachment-large size-large\" alt=\"Ch\u01b0\u01a1ng tr\u00ecnh n\u1ea1p \u0111\u1ea7u ti\u00ean 69VN nh\u1eadn th\u01b0\u1edfng 88K\" loading=\"lazy\" title=\"\">\t\t\t\t\t\t\n\t\t\t\t\t<\/div>\n\t\t<\/div>\t\t\t\t<\/a>\t\t\n<style>\n#image_82449498 {\n  width: 100%;\n}\n<\/style>\n\t<\/div>\n\t\n\t\t<\/div>\n\t\t\t\t\t<\/div>\n\n\t\n\n\t<div id=\"col-185018414\" class=\"col medium-6 small-12 large-6\"  >\n\t\t\t\t<div class=\"col-inner\"  >\n\t\t\t\n\t\t\t\n\t<div class=\"img has-hover x md-x lg-x y md-y lg-y\" id=\"image_1711089400\">\n\t\t<a class=\"\" href=\"https:\/\/2rfasw.meilong.cc\/?inviteCode=95236394\" target=\"_blank\" rel=\"nofollow noopener\">\t\t\t\t<div data-animate=\"fadeInRight\">\t\t<div class=\"img-inner dark\" >\n\t\t\t<img decoding=\"async\" width=\"728\" height=\"90\" src=\"https:\/\/jarvo.io\/wp-content\/uploads\/2025\/09\/qh88-gift2.gif\" class=\"attachment-large size-large\" alt=\"S\u1ef1 ki\u1ec7n si\u00eau ho\u00e0n tr\u1ea3 kh\u00f4ng gi\u1edbi h\u1ea1n t\u1ea1i 69VN\" loading=\"lazy\" title=\"\">\t\t\t\t\t\t\n\t\t\t\t\t<\/div>\n\t\t<\/div>\t\t\t\t<\/a>\t\t\n<style>\n#image_1711089400 {\n  width: 100%;\n}\n<\/style>\n\t<\/div>\n\t\n\t\t<\/div>\n\t\t\t\t\t<\/div>\n\n\t\n<\/div>\n\t\t<\/div>\n\n\t\t\n<style>\n#section_1117564045 {\n  padding-top: 30px;\n  padding-bottom: 30px;\n  background-color: rgb(255,255,255);\n}\n<\/style>\n\t<\/section>\n\t\n","protected":false},"excerpt":{"rendered":"","protected":false},"author":1,"featured_media":0,"parent":0,"menu_order":0,"comment_status":"closed","ping_status":"closed","template":"page-blank.php","meta":{"footnotes":""},"class_list":["post-418","page","type-page","status-publish","hentry"],"_links":{"self":[{"href":"https:\/\/jarvo.io\/vi-vn\/wp-json\/wp\/v2\/pages\/418","targetHints":{"allow":["GET"]}}],"collection":[{"href":"https:\/\/jarvo.io\/vi-vn\/wp-json\/wp\/v2\/pages"}],"about":[{"href":"https:\/\/jarvo.io\/vi-vn\/wp-json\/wp\/v2\/types\/page"}],"author":[{"embeddable":true,"href":"https:\/\/jarvo.io\/vi-vn\/wp-json\/wp\/v2\/users\/1"}],"replies":[{"embeddable":true,"href":"https:\/\/jarvo.io\/vi-vn\/wp-json\/wp\/v2\/comments?post=418"}],"version-history":[{"count":23,"href":"https:\/\/jarvo.io\/vi-vn\/wp-json\/wp\/v2\/pages\/418\/revisions"}],"predecessor-version":[{"id":494,"href":"https:\/\/jarvo.io\/vi-vn\/wp-json\/wp\/v2\/pages\/418\/revisions\/494"}],"wp:attachment":[{"href":"https:\/\/jarvo.io\/vi-vn\/wp-json\/wp\/v2\/media?parent=418"}],"curies":[{"name":"wp","href":"https:\/\/api.w.org\/{rel}","templated":true}]}}